{"id":5634,"date":"2017-08-28T15:09:00","date_gmt":"2017-08-28T13:09:00","guid":{"rendered":"http:\/\/www.survival.edu.pl\/wp-index.php\/?page_id=5634"},"modified":"2018-05-30T11:50:44","modified_gmt":"2018-05-30T09:50:44","slug":"odlot","status":"publish","type":"page","link":"http:\/\/www.survival.edu.pl\/wp-index.php\/?page_id=5634","title":{"rendered":"Moje odloty"},"content":{"rendered":"<p style=\"text-align: justify;\">Nie, Moi Drodzy, wcale nie b\u0119dzie szalonych opowie\u015bci poalkoholowych lub po eksperymentach ze \u015brodkami psychoaktywnymi. Ale wspomn\u0119 sytuacje, kiedy zdarzy\u0142o mi si\u0119 mie\u0107 kr\u00f3tkotrwa\u0142e zaburzenia \u015bwiadomo\u015bci.<\/p>\n<p style=\"text-align: justify;\"><span style=\"color: #ff9900;\"><strong>A.<\/strong> <\/span>Pierwszy taki przypadek wspominam maj\u0105c stosunkowo niewiele danych. Mia\u0142em nieca\u0142e 4 lata, kiedy zachorowa\u0142em na zapalenie p\u0142uc. <span style=\"color: #ff9900;\">Wysoka gor\u0105czka spowodowa\u0142a, \u017ce moje otoczenie sta\u0142o si\u0119&#8230; p\u0142ynne.<\/span> Gdy miewa\u0142em gor\u0105czk\u0119 w okresie, kiedy to by\u0142em par\u0119 lat starszy, pojawia\u0142y si\u0119 podobne odczucia, lecz w du\u017co mniejszym nasileniu. \u015aciany pokoju pochyla\u0142y si\u0119 nade mn\u0105, zbli\u017ca\u0142y i oddala\u0142y, a ponadto pojawia\u0142y si\u0119 ciemne chmury-postacie. Odrywa\u0142y si\u0119 one od jednej ze \u015bcian lub od drzwi pokoju i zbli\u017ca\u0142y do mnie. Jedna za drug\u0105. Kiedy ju\u017c by\u0142y blisko \u2014 rozmywa\u0142y si\u0119. Towarzyszy\u0142y im ogromne &#8222;ba\u0144ki mydlane&#8221;, przezroczyste, faluj\u0105ce, i\u00a0toczy\u0142y si\u0119 ku mnie zanikaj\u0105c po trochu. Ka\u017cda z nich zape\u0142nia\u0142a ca\u0142\u0105 przestrze\u0144 w tej cz\u0119\u015bci pokoju, w kt\u00f3rej si\u0119 rodzi\u0142a \u2014 si\u0119ga\u0142y po sufit. By\u0142y zupe\u0142nie odr\u0119bnymi bytami, ni\u017c postacie. Przygl\u0105da\u0142em im si\u0119 z pewnym zaciekawieniem. Nie ba\u0142em si\u0119&#8230; Wkr\u00f3tce jednak odp\u0142yn\u0105\u0142em zupe\u0142nie i nawet nie pami\u0119tam, kiedy zabra\u0142a mnie karetka. Obudzi\u0142em si\u0119 w szpitalu, w obcym miejscu, nie by\u0142o przy mnie rodzic\u00f3w. P\u0142aka\u0142em g\u0142o\u015bno i\u00a0d\u0142ugo. Nikt nie przychodzi\u0142. Zapewne zasn\u0105\u0142em, zm\u0119czony i bezradny&#8230;<\/p>\n<p style=\"text-align: justify;\">Zupe\u0142nie inaczej wygl\u0105da\u0142y dwie sytuacje, kiedy ju\u017c by\u0142em cz\u0142owiekiem doros\u0142ym. Ogromne znaczenie mia\u0142y wtedy moja wiedza o funkcjonowaniu cz\u0142owieka oraz moje nastawienie badacza. Ka\u017cdy z tych przypadk\u00f3w wspominam z du\u017c\u0105 dok\u0142adno\u015bci\u0105.<\/p>\n<p style=\"text-align: right;\"><a href=\"http:\/\/www.survival.edu.pl\/wp-content\/uploads\/2099994faoAJS2H_YvwzF1OwQWrcqWtF7n90Qv37ewNfIs8ZXqZ1YBpC4LAl0B08KlAs5OoZ3mg1v7zmM6FT4OEYIxHQ.jpg\"><img loading=\"lazy\" class=\"wp-image-5646 alignright\" src=\"http:\/\/www.survival.edu.pl\/wp-content\/uploads\/2099994faoAJS2H_YvwzF1OwQWrcqWtF7n90Qv37ewNfIs8ZXqZ1YBpC4LAl0B08KlAs5OoZ3mg1v7zmM6FT4OEYIxHQ.jpg\" alt=\"\" width=\"397\" height=\"317\" \/><\/a><strong><span style=\"color: #ff9900;\">B.<\/span> <\/strong>Kt\u00f3rego\u015b dnia zadzwoni\u0142 do mnie s\u0105siad, \u017ce pozostawi\u0142em opuszczon\u0105 szyb\u0119 w samochodzie. Szybko z\u0142apa\u0142em kluczyki i zbieg\u0142em po schodach z trzeciego pi\u0119tra. Po otwarciu drzwi klatki schodwej musia\u0142em jeszcze skorzysta\u0107 z\u00a0ostatnich 6 schodk\u00f3w na zewn\u0105trz. By\u0142a to zima i schodki by\u0142y pokryte grudkami zamarzni\u0119tego \u015bniegu. Wybra\u0142em drog\u0119 po r\u00f3wnych zjazdach dla dzieci\u0119cych w\u00f3zk\u00f3w. Grudek na nich nie by\u0142o. Ale by\u0142y wy\u015blizgane. Efekt by\u0142 oczywisty \u2014 nogi pojecha\u0142y w d\u00f3\u0142 samodzielnie, tu\u0142\u00f3w pozosta\u0142 z ty\u0142u. Wyr\u017cn\u0105\u0142em potylic\u0105 o\u00a0twarde pod\u0142o\u017ce i\u00a0poczu\u0142em si\u0119 jak&#8230; po walni\u0119ciu obuchem. Bo jak to inaczej okre\u015bli\u0107? Na pewno przez par\u0119 sekund by\u0142em &#8222;unpluged&#8221;. Powr\u00f3t do zarz\u0105dzania sob\u0105 uwidoczni\u0142 si\u0119 w momencie, kiedy trzeba by\u0142o si\u0119 podnie\u015b\u0107. Pami\u0119tam t\u0119 chwil\u0119 bardzo dobrze, bo przypomina\u0142em pijaka, kt\u00f3ry rozpaczliwie chwyta si\u0119 ogrodzenia i z wysi\u0142kiem d\u017awiga do g\u00f3ry, podczas gdy sztormowe fale kiwaj\u0105 pok\u0142adem.<\/p>\n<p style=\"text-align: justify;\">W tej chwili nie mam poj\u0119cia jakie si\u0142y we mnie wst\u0105pi\u0142y, bo dotar\u0142em do samochodu, podnios\u0142em szyb\u0119, wr\u00f3ci\u0142em do drzwi frontowych i&#8230; nie wiem, co by\u0142o dalej. <span style=\"color: #ff9900;\">Stwierdzi\u0142em, \u017ce siedz\u0119 przed monitorem i staram si\u0119 zorientowa\u0107, co to za dokument jest otwarty w Wordzie.<\/span> Pierwsza rzecz, jak\u0105 stwierdzi\u0142em, to \u017ce ja tego nie pisa\u0142em&#8230; Nie rozpoznawa\u0142em tekstu, cho\u0107 czyta\u0142em go poprawnie. Stwierdzi\u0142em, \u017ce sprawdz\u0119, jak jest data. Sprawdzi\u0142em. <em>&#8222;Chwile\u0144ka! kt\u00f3ry\u015b tam dzie\u0144 lutego&#8230;? No dobrze, ale&#8230; gdzie Bo\u017ce Narodzenie?! Przecie\u017c jeszcze nie by\u0142o Bo\u017cego Narodzenia! Jaki luty?!&#8221; <\/em>Pami\u0119tam, jak si\u0119 wtedy psychicznie czu\u0142em: mia\u0142em wra\u017cenie, jakby Bozia chwyci\u0142a mnie za ko\u0142nierz dwoma palcami i posadzi\u0142a przed monitorem. Deus ex machina&#8230; Ni st\u0105d ni zow\u0105d.\u00a0A potem ju\u017c wszystko wr\u00f3ci\u0142o do normy.<\/p>\n<p style=\"text-align: left;\"><a href=\"http:\/\/www.survival.edu.pl\/wp-content\/uploads\/story32.jpg\"><img loading=\"lazy\" class=\"wp-image-5648 alignleft\" src=\"http:\/\/www.survival.edu.pl\/wp-content\/uploads\/story32.jpg\" alt=\"\" width=\"401\" height=\"465\" \/><\/a><strong><span style=\"color: #ff9900;\">C.<\/span> <\/strong>Druga sytuacja z gatunku &#8222;powa\u017cnych&#8221; zdarzy\u0142a si\u0119 r\u00f3wnie\u017c przed moim blokiem. Podszed\u0142em do samochodu, otworzy\u0142em drzwi i postanowi\u0142em co\u015b si\u0119gn\u0105\u0107 z g\u0142\u0119bi wn\u0119trza. Postawi\u0142em stop\u0119 na progu i odbi\u0142em si\u0119 ku g\u00f3rze, a jednocze\u015bnie przechyli\u0142em tu\u0142\u00f3w, aby si\u0119gn\u0105\u0107 daleko przede mn\u0105. M\u00f3j samoch\u00f3d to terenowy Land Rover, wysoki. Zatem nikogo ten spos\u00f3b dostawania si\u0119 do \u015brodka nie zdziwi. W wypadku zwyk\u0142ego auta osobowego wszystko wygl\u0105da\u0142oby inaczej. W ka\u017cdym razie waln\u0105\u0142em czubkiem g\u0142owy o g\u00f3rn\u0105 cz\u0119\u015b\u0107 futryny i odpad\u0142em. Odpad\u0142em fizycznie, stwierdzi\u0142em bowiem, \u017ce pr\u00f3cz chwilowej ciemno\u015bci w oczach, odbywam w\u0142a\u015bnie lot ku ziemi, do ty\u0142u. Kiedy ju\u017c le\u017ca\u0142em na ziemi, stwiedzi\u0142em, \u017ce co\u015b nie pasuje. Lecia\u0142em w d\u00f3\u0142 na plecy, a le\u017ca\u0142em na brzuchu. Najpierw pomaca\u0142em r\u0119k\u0105 czy mam okulary, albo czy nie wbi\u0142y sie one w moj\u0105 twarz. Ale le\u017ca\u0142y tu\u017c przed nosem, zatem si\u0119gn\u0105\u0142em po nie. To mi si\u0119uda\u0142o. Bo poza tym nie by\u0142em zdolny do wykonania jakiegokolwiek ruchu.<\/p>\n<p style=\"text-align: justify;\">Bo tak by\u0142o \u2014 <span style=\"color: #ffffff;\"><strong>moje cia\u0142o by\u0142o absolutnie bezw\u0142adn<\/strong><strong>e<\/strong><\/span>. Mog\u0142em wykonywa\u0107 jedynie lekkie ruchy lewym przedramieniem i palcami tej r\u0119ki. Le\u017ca\u0142em wiedz\u0105c, \u017ce nie mam szans na podniesienie si\u0119. Wok\u00f3\u0142 nie by\u0142o ani jednego cz\u0142owieka. Wspominam o tym, gdy\u017c bynajmniej nie my\u015bla\u0142em o tym, \u017ce kto\u015b mia\u0142by mi pom\u00f3c. Obawia\u0142em si\u0119, \u017ce kto\u015b uzna, \u017ce jestem pijany. Zawsze wstydzi\u0142em si\u0119 takiego stanu i nigdy nie chcia\u0142bym by\u0107 o\u00a0to podejrzewany. Pustka dooko\u0142a uspokoi\u0142a mnie. Bo&#8230; by\u0142em w og\u00f3le bardzo spokojny. Wiedzia\u0142em co si\u0119 sta\u0142o i\u00a0wiedzia\u0142em, co mo\u017ce by\u0107 dalej. Czeka\u0142em, a\u017c organizm sam sobie wszystko pouk\u0142ada. Tak te\u017c i si\u0119 sta\u0142o. Najpierw stwierdzi\u0142em, \u017ce lewa r\u0119ka ma tendencje do coraz lepszego funkcjonowania, co\u015b dobrego dzia\u0142o si\u0119 te\u017c z moimi stopami. Z pewnym wysi\u0142kiem dokona\u0142em tego, \u017ce nie le\u017ca\u0142em na brzuchu, ale na prawym boku. Pr\u00f3bowa\u0142em lew\u0105 r\u0119k\u0119 przenie\u015b\u0107 ku progowi, aby za\u0144 chwyci\u0107 i si\u0119 podci\u0105gn\u0105\u0107. Na pr\u00f3\u017cno. Po jakie\u015b chwili ju\u017c to by\u0142o mo\u017cliwe, ale za to palce bezw\u0142adnie ze\u015blizgiwa\u0142y si\u0119 z miejsca, kt\u00f3re nadawa\u0142o si\u0119 do chwycenia. M\u00f3j umys\u0142 pracowa\u0142 spokojniutko. Wiedzia\u0142em, \u017ce sytuacja jest ju\u017c pod kontrol\u0105. Nie mia\u0142em \u017cadnych w\u0105tpliwo\u015bci, \u017ce lada moment podci\u0105gn\u0119 cia\u0142o, opr\u0119 si\u0119 plecami o otwarte drzwi i&#8230; w razie czego \u2014 kiedy pojawi\u0105 sie jacy\u015b ludzie \u2014 b\u0119d\u0119 udawa\u0142, \u017ce robi\u0119 co\u015b pod samochodem. Tyle, \u017ce moja pozycja musi wyra\u017anie to sugerowa\u0107.<\/p>\n<p style=\"text-align: justify;\">Musia\u0142em z tym chwil\u0119 poczeka\u0107. Kolejne moje kawa\u0142ki w\u0142\u0105cza\u0142y si\u0119 do obiegu. Lew\u0105 r\u0119k\u0105 chwyci\u0142em wreszcie za pr\u00f3g, potem posiedzia\u0142em par\u0119 minut, aby stwierdzi\u0107, \u017ce uda mi si\u0119 powsta\u0107 (rzecz jasna \u2014 czepiaj\u0105c si\u0119 pojazdu), obr\u00f3ci\u0107 w lewo i spr\u00f3bowa\u0107 wsun\u0105\u0107 si\u0119 na siedzenie. Ach&#8230; Jeszcze nie?, trzeba poczeka\u0107&#8230;<\/p>\n<p style=\"text-align: justify;\">Ostatecznie usiad\u0142em. Lewa strona funkcjonowa\u0142a doskonale, problem by\u0142 z praw\u0105. Czekanie, sprawdzanie, cierpliwo\u015b\u0107&#8230;<\/p>\n<p style=\"text-align: justify;\">Wysiad\u0142em z samochodu i poszed\u0142em do domu jak gdyby nigdy nic. Nikt mnie nie widzia\u0142, nikt nie napomkn\u0105\u0142, \u017ce widzia\u0142 mnie w dziwnej sytuacji.<\/p>\n<hr width=\"50%\" \/>\n<p style=\"text-align: justify;\">Czemu o tym wszystkim tu napisa\u0142em? \u017beby pochwali\u0107 si\u0119 spokojem i opanowaniem? Absolutnie nie. Pierwsza opowie\u015b\u0107 pokazywa\u0142a, \u017ce mam wspomnienie z dzieci\u0144stwa, kiedy dzia\u0142y si\u0119 ze mn\u0105 dziwne rzeczy. By\u0142o ich znacznie wi\u0119cej, wi\u0119c uzna\u0142em to za oczywiste, \u017ce na stare lata panikarzem nie b\u0119d\u0119. Zreszt\u0105 w sprawie r\u00f3wnowagi psychicznej ewidentnie chcia\u0142em by\u0107 podobny do mego ojca. Nast\u0119pne dwie opowie\u015bci \u2014 jak ju\u017c wspomnia\u0142em \u2014 wi\u0105za\u0142y si\u0119 z do\u015b\u0107 rozbudowan\u0105 wiedz\u0105 na temat fukcjonowania cz\u0142owieka, fizjologicznego i\u00a0psychicznego. Wiedzia\u0142em jakie zachodz\u0105 procesy w wypadku uderzenia w g\u0142ow\u0119. To fantastycznie pomaga si\u0119 ogarn\u0105\u0107. Posiada\u0142em wiedz\u0119 nast\u0119puj\u0105c\u0105:<\/p>\n<ul>\n<li><span style=\"color: #ff9900;\">je\u015bli po urazie g\u0142owy pojawiaj\u0105 si\u0119 niemal natychmiast znacz\u0105ce objawy<\/span> (np. chwilowa utrata przytomno\u015bci), nale\u017cy uzna\u0107, \u017ce na ten moment jest dobrze i \u015bledzi\u0107, co si\u0119 dzieje dalej&#8230;<\/li>\n<li>szybki efekt oznacza, \u017ce nasz m\u00f3zg oberwa\u0142, ale zacznie si\u0119 za chwil\u0119 ogarnia\u0107 \u2014 trzeba poczeka\u0107.<\/li>\n<li><span style=\"color: #ff9900;\">niepokoi\u0107 nas powinna sytuacja, gdy zaraz po zdarzeniu nic si\u0119 nie dzia\u0142o<\/span>, ale za to pojawi\u0142y si\u0119 r\u00f3\u017cne dziwne rzeczy par\u0119 godzin p\u00f3\u017aniej, lub nawet nazajutrz, to&#8230; jest problem,<\/li>\n<li>nowe dziwne rzeczy to: krew ciekn\u0105ca z uszu lub nosa,\u00a0zawroty g\u0142owy, podw\u00f3jne widzenie, md\u0142o\u015bci i\/lub wymioty, utrata r\u00f3wnowagi, utrata czucia, b\u00f3le g\u0142owy&#8230;<\/li>\n<\/ul>\n<p>Po opisaniu obydwu ostatnich zdarze\u0144 nale\u017cy si\u0119 istotna uwaga. W moim zdrowiu nie pojawi\u0142y \u017cadne zmiany.<\/p>\n<pre>Fotki umieszczone tutaj pochodz\u0105 z filmu <em>Dzikie dziecko<\/em> w re\u017cyserii Francois Truffaut; widoczna na nich posta\u0107 u\u015bwiadamia mi, \u017ce w \"momentach krytycznych\" by\u0142em chyba tak\u0105 postaci\u0105 na moment. W moich czasach licealnych ten film zmieni\u0142 moje \u017cycie ukazuj\u0105c, \u017ce czasem trzeba zauwa\u017ca\u0107 to, na co inni w og\u00f3le nie zwracaj\u0105 uwagi...<\/pre>\n<p>&nbsp;<\/p>\n","protected":false},"excerpt":{"rendered":"<p>Nie, Moi Drodzy, wcale nie b\u0119dzie szalonych opowie\u015bci poalkoholowych lub po eksperymentach ze \u015brodkami psychoaktywnymi. Ale wspomn\u0119 sytuacje, kiedy zdarzy\u0142o mi si\u0119 mie\u0107 kr\u00f3tkotrwa\u0142e zaburzenia \u015bwiadomo\u015bci. A. Pierwszy taki przypadek wspominam maj\u0105c stosunkowo niewiele danych. Mia\u0142em nieca\u0142e 4 lata, kiedy &hellip; <a class=\"more-link\" href=\"http:\/\/www.survival.edu.pl\/wp-index.php\/?page_id=5634\">Czytaj dalej <span class=\"meta-nav\">&rarr;<\/span><\/a><\/p>\n","protected":false},"author":2,"featured_media":0,"parent":5631,"menu_order":20,"comment_status":"closed","ping_status":"closed","template":"","meta":[],"_links":{"self":[{"href":"http:\/\/www.survival.edu.pl\/wp-index.php\/index.php?rest_route=\/wp\/v2\/pages\/5634"}],"collection":[{"href":"http:\/\/www.survival.edu.pl\/wp-index.php\/index.php?rest_route=\/wp\/v2\/pages"}],"about":[{"href":"http:\/\/www.survival.edu.pl\/wp-index.php\/index.php?rest_route=\/wp\/v2\/types\/page"}],"author":[{"embeddable":true,"href":"http:\/\/www.survival.edu.pl\/wp-index.php\/index.php?rest_route=\/wp\/v2\/users\/2"}],"replies":[{"embeddable":true,"href":"http:\/\/www.survival.edu.pl\/wp-index.php\/index.php?rest_route=%2Fwp%2Fv2%2Fcomments&post=5634"}],"version-history":[{"count":37,"href":"http:\/\/www.survival.edu.pl\/wp-index.php\/index.php?rest_route=\/wp\/v2\/pages\/5634\/revisions"}],"predecessor-version":[{"id":6851,"href":"http:\/\/www.survival.edu.pl\/wp-index.php\/index.php?rest_route=\/wp\/v2\/pages\/5634\/revisions\/6851"}],"up":[{"embeddable":true,"href":"http:\/\/www.survival.edu.pl\/wp-index.php\/index.php?rest_route=\/wp\/v2\/pages\/5631"}],"wp:attachment":[{"href":"http:\/\/www.survival.edu.pl\/wp-index.php\/index.php?rest_route=%2Fwp%2Fv2%2Fmedia&parent=5634"}],"curies":[{"name":"wp","href":"https:\/\/api.w.org\/{rel}","templated":true}]}}