{"id":55,"date":"2012-09-25T19:23:54","date_gmt":"2012-09-25T19:23:54","guid":{"rendered":"http:\/\/www.survival.edu.pl\/wp-index.php\/?page_id=55"},"modified":"2017-01-04T17:35:30","modified_gmt":"2017-01-04T15:35:30","slug":"energetyka","status":"publish","type":"page","link":"http:\/\/www.survival.edu.pl\/wp-index.php\/?page_id=55","title":{"rendered":"Energetyka"},"content":{"rendered":"<p style=\"text-align: justify;\"><a href=\"http:\/\/www.survival.edu.pl\/wp-content\/uploads\/2012\/09\/need-head.jpg\"><img loading=\"lazy\" class=\"alignright\" title=\"caput indigebat\" src=\"http:\/\/www.survival.edu.pl\/wp-content\/uploads\/2012\/09\/need-head-150x150.jpg\" alt=\"potrzebna g\u0142owa\" width=\"58\" height=\"58\" \/><strong><span style=\"color: #ffffff;\">\u017bycie jest energi\u0105.<\/span><\/strong><\/a><br \/>\nNie jest to jedynie truizm. Wystarczy przyjrze\u0107 si\u0119, \u017ce ludzkie istnienie (podobnie jak i inne istnienia) przypomina ogie\u0144. Nie z tego powodu, \u017ce nasze cia\u0142o jest ciep\u0142e*), ale dlatego, \u017ce dla istnienia ognia potrzebne jest paliwo, tlen i odpowiednia temperatura.\u00a0Dla zachowania odpowiedniej ilo\u015bci energii jeste\u015bmy zmuszeni chroni\u0107 si\u0119 na kilka sposob\u00f3w:<\/p>\n<ul>\n<li style=\"text-align: justify;\"><span style=\"color: #ffffff;\">dostarcza\u0107 sobie paliwo (energetyczny pokarm) i spala\u0107 w procesie trawienia i pracy cia\u0142a<\/span><\/li>\n<li style=\"text-align: justify;\"><span style=\"color: #ffffff;\">ogranicza\u0107 utrat\u0119 energii<\/span>\n<ul>\n<li><span style=\"color: #ffffff;\">izoluj\u0105c si\u0119 od ch\u0142odnego zewn\u0119trza w zamkni\u0119tej przestrzeni (schronienie, dom)<\/span><\/li>\n<li><span style=\"color: #ffffff;\">izoluj\u0105c si\u0119 od ch\u0142odnego zewn\u0119trza w otwartej przestrzeni (odzie\u017c, pojazdy)<\/span><\/li>\n<\/ul>\n<\/li>\n<li style=\"text-align: justify;\"><span style=\"color: #ffffff;\">ogrzewa\u0107 otwart\u0105 oraz zamkni\u0119t\u0105 przestrze\u0144<\/span><\/li>\n<\/ul>\n<pre><span style=\"color: #ffff99;\">*) Poj\u0119cie ciep\u0142a cz\u0142owiek ocenia pod\u0142ug siebie. Zwierz\u0119ta \"zimnokrwiste\" maj\u0105 po prostu du\u017co ni\u017csze temperatury cia\u0142a i uzale\u017cnione s\u0105 od temperatur zewn\u0119trznych. I my i one tracimy \u017cycie po spadni\u0119ciu temperatury naszego cia\u0142a poni\u017cej okre\u015blonych granic.<\/span><\/pre>\n<hr \/>\n<p><a href=\"http:\/\/www.survival.edu.pl\/wp-content\/uploads\/2012\/09\/need-head.jpg\"><img loading=\"lazy\" class=\"alignright\" title=\"caput indigebat\" src=\"http:\/\/www.survival.edu.pl\/wp-content\/uploads\/2012\/09\/need-head-150x150.jpg\" alt=\"potrzebna g\u0142owa\" width=\"58\" height=\"58\" \/><\/a><\/p>\n<p style=\"text-align: justify;\">Wychodz\u0105c na bytowanie do lasu zabieramy ze sob\u0105 niezb\u0119dn\u0105 odzie\u017c, przewidujemy przy tym ch\u0142odne dni i jeszcze ch\u0142odniejsze noce. Budujemy sza\u0142asy, ziemianki i ogrzewamy je. Zabieramy siekier\u0119, aby pozyskiwa\u0107 z lasu drewno i grza\u0107 si\u0119 przy ognisku oraz spo\u017cywa\u0107 gor\u0105ce posi\u0142ki.<\/p>\n<p>A kiedy jest bardzo \u017ale \u2013\u00a0nie ruszamy si\u0119 z domu&#8230;<\/p>\n<p>&nbsp;<\/p>\n<p><span style=\"color: #ff0000;\">B\u0119dzie kontynuowane&#8230;<\/span><\/p>\n","protected":false},"excerpt":{"rendered":"<p>\u017bycie jest energi\u0105. Nie jest to jedynie truizm. Wystarczy przyjrze\u0107 si\u0119, \u017ce ludzkie istnienie (podobnie jak i inne istnienia) przypomina ogie\u0144. Nie z tego powodu, \u017ce nasze cia\u0142o jest ciep\u0142e*), ale dlatego, \u017ce dla istnienia ognia potrzebne jest paliwo, tlen &hellip; <a class=\"more-link\" href=\"http:\/\/www.survival.edu.pl\/wp-index.php\/?page_id=55\">Czytaj dalej <span class=\"meta-nav\">&rarr;<\/span><\/a><\/p>\n","protected":false},"author":2,"featured_media":0,"parent":53,"menu_order":40,"comment_status":"closed","ping_status":"closed","template":"","meta":[],"_links":{"self":[{"href":"http:\/\/www.survival.edu.pl\/wp-index.php\/index.php?rest_route=\/wp\/v2\/pages\/55"}],"collection":[{"href":"http:\/\/www.survival.edu.pl\/wp-index.php\/index.php?rest_route=\/wp\/v2\/pages"}],"about":[{"href":"http:\/\/www.survival.edu.pl\/wp-index.php\/index.php?rest_route=\/wp\/v2\/types\/page"}],"author":[{"embeddable":true,"href":"http:\/\/www.survival.edu.pl\/wp-index.php\/index.php?rest_route=\/wp\/v2\/users\/2"}],"replies":[{"embeddable":true,"href":"http:\/\/www.survival.edu.pl\/wp-index.php\/index.php?rest_route=%2Fwp%2Fv2%2Fcomments&post=55"}],"version-history":[{"count":18,"href":"http:\/\/www.survival.edu.pl\/wp-index.php\/index.php?rest_route=\/wp\/v2\/pages\/55\/revisions"}],"predecessor-version":[{"id":4656,"href":"http:\/\/www.survival.edu.pl\/wp-index.php\/index.php?rest_route=\/wp\/v2\/pages\/55\/revisions\/4656"}],"up":[{"embeddable":true,"href":"http:\/\/www.survival.edu.pl\/wp-index.php\/index.php?rest_route=\/wp\/v2\/pages\/53"}],"wp:attachment":[{"href":"http:\/\/www.survival.edu.pl\/wp-index.php\/index.php?rest_route=%2Fwp%2Fv2%2Fmedia&parent=55"}],"curies":[{"name":"wp","href":"https:\/\/api.w.org\/{rel}","templated":true}]}}