{"id":5307,"date":"2017-03-29T11:52:51","date_gmt":"2017-03-29T09:52:51","guid":{"rendered":"http:\/\/www.survival.edu.pl\/wp-index.php\/?page_id=5307"},"modified":"2017-03-29T15:31:58","modified_gmt":"2017-03-29T13:31:58","slug":"myslenie","status":"publish","type":"page","link":"http:\/\/www.survival.edu.pl\/wp-index.php\/?page_id=5307","title":{"rendered":"My\u015blenie"},"content":{"rendered":"<p style=\"text-align: justify;\"><img loading=\"lazy\" class=\"wp-image-124 alignright\" src=\"http:\/\/www.survival.edu.pl\/wp-content\/uploads\/2012\/09\/need-head.jpg\" alt=\"potrzebna g\u0142owa\" width=\"68\" height=\"87\" srcset=\"http:\/\/www.survival.edu.pl\/wp-content\/uploads\/2012\/09\/need-head.jpg 287w, http:\/\/www.survival.edu.pl\/wp-content\/uploads\/2012\/09\/need-head-231x300.jpg 231w\" sizes=\"(max-width: 68px) 100vw, 68px\" \/>To temat bardzo specyficzny. Na pewno b\u0119dzie si\u0119 rozrasta\u0142. Z pewno\u015bci\u0105 nie b\u0119dzie form\u0105 artyku\u0142u czy zapisanego wyk\u0142adu. Cech\u0105 my\u015blenia jest bowiem to, \u017ce potrafi si\u0119 snu\u0107 powoli, lub przyspiesza\u0107 jak nadchodz\u0105cy huragan. My\u015blenie potrafi ulega\u0107 innemu my\u015bleniu, a nawet&#8230; bezmy\u015blno\u015bci.<\/p>\n<p style=\"text-align: justify;\">My\u015blenie potrafi dyskutowa\u0107 samo z sob\u0105 i sobie zaprzecza\u0107.<\/p>\n<p style=\"text-align: justify;\">My\u015blenie potrafi dawa\u0107 nam szcz\u0119\u015bcie, ale i prowadzi\u0107 do zguby.<\/p>\n<p style=\"text-align: justify;\">Moje pisanie o my\u015bleniu na pewno b\u0119dzie seri\u0105 zapis\u00f3w prosto z my\u015blenia. Ale nie&#8230; zmy\u015blenia&#8230;<\/p>\n<hr \/>\n<p>Pierwszy temat wzi\u0105\u0142 si\u0119 z tego, \u017ce brat straci\u0142 brata&#8230;<\/p>\n<p>Kiedy\u015bmy do siebie wysy\u0142ali my\u015bli, napisa\u0142em:<\/p>\n<blockquote><p>Ch\u0119tnie bym Ci\u0119 przytuli\u0142, pogada\u0142, ale jeste\u015b daleko.<br \/>\nPowiem Ci tak: wywal te emocje, bo one zag\u0142uszaj\u0105 jedno \u2014\u00a0nie zauwa\u017cysz, \u017ce brat jest z\u00a0Tob\u0105.\u00a0Ja\u00a0ca\u0142y czas mam ojca ze sob\u0105. M\u00f3j ojciec by\u0142 stary i ju\u017c odchodzi\u0142, a ja wiedzia\u0142em o tym \u2014\u00a0by by\u0142em blisko. Twoja sytuacja jest inna, bo by\u0142o to zaskoczenie. Tw\u00f3j brat ukrywa\u0142 sw\u00f3j stan przed wszystkimi, nie da\u0142 sobie pom\u00f3c. My\u015bl\u0119, \u017ce teraz ch\u0119tnie by to odwr\u00f3ci\u0142, ale nie ma jak.<\/p><\/blockquote>\n<p>Pad\u0142a odpowied\u017a, a niej zdanie:<\/p>\n<blockquote><p><span style=\"color: #ffffff;\">A czy to nie jest tak, \u017ce osoby kt\u00f3re to robi\u0105, maj\u0105 takie wahania, \u017ce kiedy poczeka\u0142by z tym 10\u00a0minut, to by w og\u00f3le tego nie zrobi\u0142?<\/span><\/p><\/blockquote>\n<p>Odpowiedzia\u0142em:<\/p>\n<blockquote><p>Wiesz&#8230; to jest ta jaka\u015b zagadka losu, \u017ce dzia\u0142a impuls. Mam swoich resocjalizacyjnych podopiecznych, kt\u00f3rzy si\u0119 mnie radz\u0105, i <span style=\"color: #ff9900;\">twierdz\u0105, \u017ce jaki\u015b g\u0142os w ich g\u0142owie co\u015b im m\u00f3wi<\/span>&#8230; Tymczasem nikt w odpowiednim czasie nie powiedzia\u0142\u00a0m\u0142odym ludziom, \u017ce <span style=\"color: #ff9900;\">nasz m\u00f3zg jest jakby drugim JA w nas<\/span>. W\u00a0pewnym momencie identyfikujemy go jako wewn\u0119trzny g\u0142os. Kto to rozumie, ten wie, \u017ce po prostu ma w\u0142asne my\u015bli, kt\u00f3re &#8222;prezentuj\u0105 si\u0119&#8221; w postaci g\u0142osu. Mamy tak\u0105 mo\u017cliwo\u015b\u0107: prowadzenia w\u00a0sobie wewn\u0119trznego dialogu, nawet spierania si\u0119 ze sob\u0105.<\/p><\/blockquote>\n<p>I kontynuowa\u0142em my\u015bl:<\/p>\n<blockquote><p>Problem polega na tym, \u017ce wszyscy ci, kt\u00f3rzy tego nie wiedz\u0105, cz\u0119sto s\u0105dz\u0105, \u017ce KTO\u015a siedzi w nich. Je\u015bli maj\u0105 my\u015bli negatywne, potrafi\u0105 twierdzi\u0107, \u017ce s\u0142ysz\u0105 szatana. Ten kto WIE, \u017ce s\u0142yszy swoje wewn\u0119trzne my\u015bli, sam sobie mo\u017ce powiedzie\u0107 &#8222;Nawet tego nie my\u015bl, ty g\u0142upku!&#8221;, bowiem wie, jak\u00a0ogromn\u0105 rol\u0119 w naszym \u017cyciu ogrywa sugestia. Je\u015bli si\u0119 poddamy \u2014\u00a0robimy to, czego zdecydowanie nie chcemy.<\/p>\n<p>Ja sam miewa\u0142em nieraz takie sytuacje. Prowadz\u0119 samoch\u00f3d dwupasm\u00f3wk\u0105. Niekt\u00f3rzy p\u0119dz\u0105 jak wariaci \u2014\u00a0ufaj\u0105 sobie, ufaj\u0105 maszynom, <span style=\"color: #ff9900;\">ufaj\u0105 mnie<\/span>&#8230; A przecie\u017c m\u00f3g\u0142bym w\u0142asnie by\u0107 samob\u00f3jc\u0105, kt\u00f3ry akurat czeka na rozp\u0119dzon\u0105 maszyn\u0119 z przeciwka&#8230; Takie my\u015bli MOG\u0104 spowodowa\u0107, \u017ce kto\u015b, poddaj\u0105cy si\u0119 w\u0142asnej sugestii, nagle ruszy kierownic\u0105 w lewo&#8230; (!) Ja akurat opanowa\u0142em funkcjonowanie mego m\u00f3zgu. On ju\u017c pracuje dla mnie wed\u0142ug moich regu\u0142. Nie daj\u0119 mu bryka\u0107&#8230;<\/p><\/blockquote>\n<p>On napisa\u0142:<\/p>\n<blockquote><p><span style=\"color: #ffffff;\">M\u00f3j brat kilka razy podczas szczerych braterskich rozm\u00f3w m\u00f3wi\u0142, \u017ce nie ma si\u0142&#8230;<\/span><\/p><\/blockquote>\n<p>Ja:<\/p>\n<blockquote><p>To &#8222;nie ma si\u0142&#8221; jest nie stanem braku energii lub bezradno\u015bci\u0105, ale takim w\u0142a\u015bnie spostrzeganiem siebie. To poczucie, \u017ce \u017cycie jest takie, \u017ce ci\u0105gle z czym\u015b si\u0119 trzeba zmaga\u0107. Ale podobne\u00a0widzenie \u017cycia r\u00f3wnie\u017c bierze si\u0119 z zasugerowania np. w wyniku obcowania z lud\u017ami ci\u0105gle na co\u015b narzekaj\u0105cymi, nie przekazuj\u0105cymi \u017cadnej rado\u015bci \u017cycia. Tymczasem \u017cycie jest tak\u0105 form\u0105 istnienia, kt\u00f3r\u0105 &#8222;znienacka&#8221; dysponujemy. Jak gra&#8230; Warto poprowadzi\u0107 t\u0119 gr\u0119, bo cz\u0119sto za rogiem czekaj\u0105 niespodzianki, za\u015b my mamy okazje \u2014 jako survivalowcy \u2014 by nie zaskoczy\u0142y nas niespodzianki z\u0142e.<\/p>\n<p>Problem polega na tym, \u017ce nie wszyscy potrafi\u0105 nie poddawa\u0107 si\u0119 z\u0142udnym sugestiom w\u0142asnego m\u00f3zgu. <span style=\"color: #ff9900;\">Ja akurat nauczy\u0142em si\u0119 siebie, dlatego m\u00f3j m\u00f3zg pracuje dla mnie na moich warunkach&#8230;<\/span><\/p><\/blockquote>\n<hr \/>\n<p>O my\u015bleniu wi\u0119cej w zak\u0142adce <span style=\"color: #ffff99;\">ABC survivalu\/Narz\u0119dzie osobotw\u00f3rcze<\/span>: <a href=\"http:\/\/www.survival.edu.pl\/wp-index.php\/?page_id=185\" target=\"_blank\"><span style=\"text-decoration: underline;\">na przyk\u0142ad to<\/span><\/a><\/p>\n","protected":false},"excerpt":{"rendered":"<p>To temat bardzo specyficzny. Na pewno b\u0119dzie si\u0119 rozrasta\u0142. Z pewno\u015bci\u0105 nie b\u0119dzie form\u0105 artyku\u0142u czy zapisanego wyk\u0142adu. Cech\u0105 my\u015blenia jest bowiem to, \u017ce potrafi si\u0119 snu\u0107 powoli, lub przyspiesza\u0107 jak nadchodz\u0105cy huragan. My\u015blenie potrafi ulega\u0107 innemu my\u015bleniu, a nawet&#8230; &hellip; <a class=\"more-link\" href=\"http:\/\/www.survival.edu.pl\/wp-index.php\/?page_id=5307\">Czytaj dalej <span class=\"meta-nav\">&rarr;<\/span><\/a><\/p>\n","protected":false},"author":2,"featured_media":0,"parent":480,"menu_order":5,"comment_status":"closed","ping_status":"closed","template":"","meta":[],"_links":{"self":[{"href":"http:\/\/www.survival.edu.pl\/wp-index.php\/index.php?rest_route=\/wp\/v2\/pages\/5307"}],"collection":[{"href":"http:\/\/www.survival.edu.pl\/wp-index.php\/index.php?rest_route=\/wp\/v2\/pages"}],"about":[{"href":"http:\/\/www.survival.edu.pl\/wp-index.php\/index.php?rest_route=\/wp\/v2\/types\/page"}],"author":[{"embeddable":true,"href":"http:\/\/www.survival.edu.pl\/wp-index.php\/index.php?rest_route=\/wp\/v2\/users\/2"}],"replies":[{"embeddable":true,"href":"http:\/\/www.survival.edu.pl\/wp-index.php\/index.php?rest_route=%2Fwp%2Fv2%2Fcomments&post=5307"}],"version-history":[{"count":13,"href":"http:\/\/www.survival.edu.pl\/wp-index.php\/index.php?rest_route=\/wp\/v2\/pages\/5307\/revisions"}],"predecessor-version":[{"id":5321,"href":"http:\/\/www.survival.edu.pl\/wp-index.php\/index.php?rest_route=\/wp\/v2\/pages\/5307\/revisions\/5321"}],"up":[{"embeddable":true,"href":"http:\/\/www.survival.edu.pl\/wp-index.php\/index.php?rest_route=\/wp\/v2\/pages\/480"}],"wp:attachment":[{"href":"http:\/\/www.survival.edu.pl\/wp-index.php\/index.php?rest_route=%2Fwp%2Fv2%2Fmedia&parent=5307"}],"curies":[{"name":"wp","href":"https:\/\/api.w.org\/{rel}","templated":true}]}}