{"id":5237,"date":"2017-03-24T18:06:44","date_gmt":"2017-03-24T16:06:44","guid":{"rendered":"http:\/\/www.survival.edu.pl\/wp-index.php\/?page_id=5237"},"modified":"2018-01-21T13:57:48","modified_gmt":"2018-01-21T11:57:48","slug":"lesna-ksiazka-1","status":"publish","type":"page","link":"http:\/\/www.survival.edu.pl\/wp-index.php\/?page_id=5237","title":{"rendered":"Ju\u017c nied\u0142ugo&#8230; JU\u017b JEST"},"content":{"rendered":"<p>Wst\u0119p do ksi\u0105\u017cki <span style=\"color: #ffffff;\"><em>&#8222;Le\u015bny survival&#8221;<\/em><\/span> zam\u00f3wionej u mnie (chyba przed czterema laty) przez Lasy Pa\u0144stwowe. Zaprosi\u0142em do wsp\u00f3\u0142pracy kilku autor\u00f3w, ale to ju\u017c niespodzianka&#8230;<\/p>\n<hr \/>\n<p><span style=\"color: #ff6600;\"><strong>SURVIVALOWE o lesie GADANIE<\/strong><\/span><\/p>\n<h1><span style=\"color: #808080;\">KRISEK Z DZICZY wita!<\/span><\/h1>\n<blockquote>\n<p style=\"text-align: justify;\"><strong><a href=\"http:\/\/www.survival.edu.pl\/wp-content\/uploads\/Lesny-Survival.jpg\"><img loading=\"lazy\" class=\"wp-image-6475 alignleft\" src=\"http:\/\/www.survival.edu.pl\/wp-content\/uploads\/Lesny-Survival.jpg\" alt=\"\" width=\"167\" height=\"270\" \/><\/a><\/strong>Jest to ta cz\u0119\u015b\u0107, w kt\u00f3rej ja, opiekun ksi\u0105\u017cki podczas jej narodzin, mog\u0119 sobie pozwoli\u0107 na co\u015b bardzo osobistego. Ksi\u0105\u017ck\u0119 t\u0119 pisa\u0142o sze\u015b\u0107 os\u00f3b. Taki by\u0142 pomys\u0142. Pilnowali\u015bmy siebie nawzajem, aby kt\u00f3ry\u015b za bardzo si\u0119 nie zagalopowa\u0142 lub te\u017c nie pisa\u0142 wy\u0142\u0105cznie o tym, co interesuje tylko jego i\u00a0nikogo wi\u0119cej. Jeden z autor\u00f3w jest powa\u017cnym naukowcem i chcia\u0142by, aby inni te\u017c byli bardzo powa\u017cni. Drugi najch\u0119tniej przedstawi\u0142by Wam swoje wiersze o lesie. Trzeci tak kocha las, \u017ce wola\u0142by, \u017ceby pozostali pisali zupe\u0142nie o czym\u015b innym, a las pozostawili ju\u017c tylko jemu. Kolejny chcia\u0142 napisa\u0107 bardzo, bardzo du\u017co, wi\u0119c specjalnie nie dali\u015bmy mu za wiele miejsca. O jednym w\u00a0og\u00f3le nie wspomn\u0119, bo mu zazdroszcz\u0119, \u017ce ma lepsze pi\u00f3ro ni\u017c ja i\u00a0 nie mam zamiaru go reklamowa\u0107. O sobie powiem kr\u00f3tko, bo przecie\u017c nie jestem zarozumialcem: ja po prostu pisz\u0119 najm\u0105drzej.<\/p>\n<p style=\"text-align: justify;\">A ta ksi\u0105\u017cka\u2026 powsta\u0142a z potrzeby duszy. Ma charakter rozmowy pe\u0142nej opowiastek, porad, informacji, uwag i napomknie\u0144 \u2014\u00a0prawie jak u Tuwima w jego <span style=\"color: #ffff99;\">Cicer cum caule, czyli groch z\u00a0kapust\u0105<\/span><em>\u00a0<\/em><a href=\"#_ftn1\" name=\"_ftnref1\">[1]<\/a>. Mo\u017ce jednak troch\u0119 bardziej na powa\u017cnie? Gdzieniegdzie w\u0142\u0105czy\u0142em cytaty z\u00a0pierwszej polskiej encyklopedii pod do\u015b\u0107 ciekawym tytu\u0142em <span style=\"color: #ffff99;\">Nowe Ateny albo Akademia wszelkiey scyencyi pe\u0142na, na r\u00f3\u017cne tytu\u0142y, i\u00e1k n\u00e1 classes podzielona, m\u0105drym dla memorya\u0142u, idiotom dla n\u00e1uki, politykom dla pr\u00e1ktyki, melancholikom dla rozrywki erigowana<\/span>. Dzie\u0142o to, autorstwa ksi\u0119dza Benedykta Chmielowskiego, po raz pierwszy ukaza\u0142o si\u0119 w latach 1745\u201346 i pono\u0107 dla naszych przodk\u00f3w by\u0142o jednym z podstawowych \u017ar\u00f3de\u0142 wiedzy. Zamieszczone cytaty maj\u0105 uzmys\u0142owi\u0107 zar\u00f3wno czytelnikowi jak i autorom, \u017ce s\u0142owo pisane niekoniecznie musi odzwierciedla\u0107 prawd\u0119, przy za\u0142o\u017ceniu, \u017ce tw\u00f3rca stara si\u0119 by\u0107 uczciwy. A poniewa\u017c ju\u017c kilkadziesi\u0105t lat zajmuj\u0119 si\u0119 najr\u00f3\u017cniejszymi ludzkimi sprawami (nierzadko bardzo zawi\u0142ymi), staraj\u0105c si\u0119 by sta\u0142y si\u0119 dla mych podopiecznych bardziej przyjazne, a przynajmniej mniej skomplikowane, robi\u0119 co si\u0119 da, aby samemu bardziej owych spraw nie pogmatwa\u0107. Zawsze staram si\u0119 podchodzi\u0107 uczciwie do my\u015bli, s\u0142\u00f3w i czyn\u00f3w. Nie zawsze mi si\u0119 to udaje, ale nauczy\u0142em si\u0119, \u017ce trzeba by\u0107 uwa\u017cnym. Tak\u017ce wtedy, kiedy si\u0119 czyta.<\/p>\n<p style=\"text-align: justify;\">Czytanie wymaga dw\u00f3ch niezb\u0119dnych element\u00f3w: tekstu, b\u0119d\u0105cego jakby odr\u0119bnym \u015bwiatem, oraz czytelnika, kt\u00f3ry wkracza do tego \u015bwiata jak do lasu\u00a0<a href=\"#_ftn2\" name=\"_ftnref2\">[2]<\/a>. A teraz my, autorzy, otwieramy przed Wami nasz las\u2026<\/p>\n<\/blockquote>\n<hr \/>\n<p><a href=\"#_ftnref1\" name=\"_ftn1\">[1]<\/a> Zbi\u00f3r ciekawostek i osobliwo\u015bci literackich, wydany w formie ksi\u0105\u017ckowej przez wydawnictwo Czytelnik [1958]; tytu\u0142owy \u201egroch z kapust\u0105\u201d to tekst pe\u0142en anegdot, komicznych sytuacji, paradoks\u00f3w i \u0142amig\u0142\u00f3wek, zabaw s\u0142ownych, rebus\u00f3w i kpiny z j\u0119zyka, pr\u00f3buj\u0105cego nieporadnie nad\u0105\u017cy\u0107 za post\u0119pem (przyp. wydawcy).<\/p>\n<p><a href=\"#_ftnref2\" name=\"_ftn2\">[2]<\/a> Umberto Eco, <em>Sze\u015b\u0107 przechadzek po lesie fikcji.<\/em><\/p>\n","protected":false},"excerpt":{"rendered":"<p>Wst\u0119p do ksi\u0105\u017cki &#8222;Le\u015bny survival&#8221; zam\u00f3wionej u mnie (chyba przed czterema laty) przez Lasy Pa\u0144stwowe. Zaprosi\u0142em do wsp\u00f3\u0142pracy kilku autor\u00f3w, ale to ju\u017c niespodzianka&#8230; SURVIVALOWE o lesie GADANIE KRISEK Z DZICZY wita! Jest to ta cz\u0119\u015b\u0107, w kt\u00f3rej ja, opiekun &hellip; <a class=\"more-link\" href=\"http:\/\/www.survival.edu.pl\/wp-index.php\/?page_id=5237\">Czytaj dalej <span class=\"meta-nav\">&rarr;<\/span><\/a><\/p>\n","protected":false},"author":2,"featured_media":0,"parent":3349,"menu_order":0,"comment_status":"closed","ping_status":"closed","template":"","meta":[],"_links":{"self":[{"href":"http:\/\/www.survival.edu.pl\/wp-index.php\/index.php?rest_route=\/wp\/v2\/pages\/5237"}],"collection":[{"href":"http:\/\/www.survival.edu.pl\/wp-index.php\/index.php?rest_route=\/wp\/v2\/pages"}],"about":[{"href":"http:\/\/www.survival.edu.pl\/wp-index.php\/index.php?rest_route=\/wp\/v2\/types\/page"}],"author":[{"embeddable":true,"href":"http:\/\/www.survival.edu.pl\/wp-index.php\/index.php?rest_route=\/wp\/v2\/users\/2"}],"replies":[{"embeddable":true,"href":"http:\/\/www.survival.edu.pl\/wp-index.php\/index.php?rest_route=%2Fwp%2Fv2%2Fcomments&post=5237"}],"version-history":[{"count":15,"href":"http:\/\/www.survival.edu.pl\/wp-index.php\/index.php?rest_route=\/wp\/v2\/pages\/5237\/revisions"}],"predecessor-version":[{"id":6519,"href":"http:\/\/www.survival.edu.pl\/wp-index.php\/index.php?rest_route=\/wp\/v2\/pages\/5237\/revisions\/6519"}],"up":[{"embeddable":true,"href":"http:\/\/www.survival.edu.pl\/wp-index.php\/index.php?rest_route=\/wp\/v2\/pages\/3349"}],"wp:attachment":[{"href":"http:\/\/www.survival.edu.pl\/wp-index.php\/index.php?rest_route=%2Fwp%2Fv2%2Fmedia&parent=5237"}],"curies":[{"name":"wp","href":"https:\/\/api.w.org\/{rel}","templated":true}]}}