{"id":4808,"date":"2017-01-14T16:55:31","date_gmt":"2017-01-14T14:55:31","guid":{"rendered":"http:\/\/www.survival.edu.pl\/wp-index.php\/?page_id=4808"},"modified":"2017-10-07T19:29:10","modified_gmt":"2017-10-07T17:29:10","slug":"wlasna-sterowalnosc","status":"publish","type":"page","link":"http:\/\/www.survival.edu.pl\/wp-index.php\/?page_id=4808","title":{"rendered":"W\u0142asna sterowalno\u015b\u0107"},"content":{"rendered":"<p style=\"text-align: justify;\">Przygl\u0105daj\u0105c si\u0119 ludzkiemu funkcjonowaniu, wyodr\u0119bniono dwa typy ludzkie: <strong><span style=\"color: #ff9900;\">osoby zewn\u0105trzsterowalne<\/span><\/strong> oraz <strong><span style=\"color: #ff9900;\">osoby wewn\u0105trzsterowalne<\/span><\/strong>. Pierwsi oczekuj\u0105 na polecenie od kogo\u015b innego, drudzy \u2014\u00a0sami podejmuj\u0105 decyzje. Podobnie jest ze snuciem plan\u00f3w, tworzeniem ich struktury. Wyra\u017ana jest tu zale\u017cno\u015b\u0107 od informacji i polece\u0144, pochodz\u0105cych z zewn\u0119trznego \u017ar\u00f3d\u0142a, czasem problem z w\u0142asnym ich przetwarzaniem. Takie osoby, widz\u0105c wypadek drogowy, mog\u0105 nie podejmowa\u0107 \u017cadnych dzia\u0142a\u0144 bez wyra\u017anego sygna\u0142u od innych. Cz\u0119sto zauwa\u017ca si\u0119, \u017ce cz\u0142owiek zewn\u0105trzsterowalny b\u0119dzie szuka\u0142 przyczyn niepowodzenia poza sob\u0105: <span style=\"color: #ff9900;\">&#8222;<em>Nie mog\u0142em w niczym pom\u00f3c, bo kto\u015b zabra\u0142 mi czapk\u0119 i musia\u0142em jej szuka\u0107, a poza tym oni si\u0119 sp\u00f3\u017anili&#8221;<\/em><\/span>. Jak wspomnia\u0142em, cz\u0119sto taki cz\u0142owiek potrzebuje mie\u0107 swego &#8222;kierownika&#8221;, kt\u00f3ry powie mu, co ma robi\u0107 i pobudzi\u0107 jego motywacj\u0119.<\/p>\n<p style=\"text-align: justify;\">Cz\u0142owiek wewn\u0105trzsterowalny jest przekonany, \u017ce decyzja o dzia\u0142aniu jest w jego gestii. Sam zbiera informacje potrzebne mu do tego. Ciekawe, \u017ce cz\u0119sto radzenie si\u0119 innych czy konsultacje uznaje za oczywist\u0105 faz\u0119 doskonalenia projektu i nie budzi to w nim poczucia bycia gorszym. Niepowodzenia prowadz\u0105 go do refleksji nad sob\u0105 \u2014\u00a0zastanawia si\u0119 nad b\u0142\u0119dami przez siebie pope\u0142nionymi, postanawia zmienia\u0107 swe post\u0119powanie. Mo\u017cna przypuszcza\u0107, \u017ce wola przetrwania u ludzi tego typu b\u0119dzie mia\u0142a znacznie lepsze warunki, by zadzia\u0142a\u0107.<\/p>\n<hr \/>\n<p style=\"text-align: justify;\">Gdyby\u015bmy chcieli zrozumie\u0107 na czym to polega, mogliby\u015bmy wyobrazi\u0107 sobie samoch\u00f3d, w kt\u00f3rym s\u0105 kiepskie hamulce.<\/p>\n<p style=\"text-align: justify;\">Cz\u0142owiek zewn\u0105trzsterowalny stwierdzi:<span style=\"color: #ff9900;\"> <em>&#8222;Oni nie potrafi\u0105 prawid\u0142owo ukszta\u0142towa\u0107 zakr\u0119tu, nigdy nie nad\u0105\u017caj\u0105 z\u00a0usuni\u0119ciem \u015bniegu i nie posypuj\u0105 sol\u0105, Cholernie \u0142atwo si\u0119 zabi\u0107 na tych naszych drogach&#8221;<\/em>.<\/span><\/p>\n<p style=\"text-align: justify;\">Cz\u0142owiek wewn\u0105trzsterowalny powie: <span style=\"color: #ff9900;\"><em>&#8222;M\u00f3j samoch\u00f3d ma s\u0142abe hamulce, zatem wybaczcie, ale b\u0119d\u0119 jecha\u0142 wolno na tym odcinku, bo ma on niekorzystne parametry&#8230;&#8221;<\/em><\/span><\/p>\n","protected":false},"excerpt":{"rendered":"<p>Przygl\u0105daj\u0105c si\u0119 ludzkiemu funkcjonowaniu, wyodr\u0119bniono dwa typy ludzkie: osoby zewn\u0105trzsterowalne oraz osoby wewn\u0105trzsterowalne. Pierwsi oczekuj\u0105 na polecenie od kogo\u015b innego, drudzy \u2014\u00a0sami podejmuj\u0105 decyzje. Podobnie jest ze snuciem plan\u00f3w, tworzeniem ich struktury. Wyra\u017ana jest tu zale\u017cno\u015b\u0107 od informacji i polece\u0144, &hellip; <a class=\"more-link\" href=\"http:\/\/www.survival.edu.pl\/wp-index.php\/?page_id=4808\">Czytaj dalej <span class=\"meta-nav\">&rarr;<\/span><\/a><\/p>\n","protected":false},"author":2,"featured_media":0,"parent":183,"menu_order":0,"comment_status":"closed","ping_status":"closed","template":"","meta":[],"_links":{"self":[{"href":"http:\/\/www.survival.edu.pl\/wp-index.php\/index.php?rest_route=\/wp\/v2\/pages\/4808"}],"collection":[{"href":"http:\/\/www.survival.edu.pl\/wp-index.php\/index.php?rest_route=\/wp\/v2\/pages"}],"about":[{"href":"http:\/\/www.survival.edu.pl\/wp-index.php\/index.php?rest_route=\/wp\/v2\/types\/page"}],"author":[{"embeddable":true,"href":"http:\/\/www.survival.edu.pl\/wp-index.php\/index.php?rest_route=\/wp\/v2\/users\/2"}],"replies":[{"embeddable":true,"href":"http:\/\/www.survival.edu.pl\/wp-index.php\/index.php?rest_route=%2Fwp%2Fv2%2Fcomments&post=4808"}],"version-history":[{"count":9,"href":"http:\/\/www.survival.edu.pl\/wp-index.php\/index.php?rest_route=\/wp\/v2\/pages\/4808\/revisions"}],"predecessor-version":[{"id":5966,"href":"http:\/\/www.survival.edu.pl\/wp-index.php\/index.php?rest_route=\/wp\/v2\/pages\/4808\/revisions\/5966"}],"up":[{"embeddable":true,"href":"http:\/\/www.survival.edu.pl\/wp-index.php\/index.php?rest_route=\/wp\/v2\/pages\/183"}],"wp:attachment":[{"href":"http:\/\/www.survival.edu.pl\/wp-index.php\/index.php?rest_route=%2Fwp%2Fv2%2Fmedia&parent=4808"}],"curies":[{"name":"wp","href":"https:\/\/api.w.org\/{rel}","templated":true}]}}