{"id":480,"date":"2012-10-07T10:39:47","date_gmt":"2012-10-07T08:39:47","guid":{"rendered":"http:\/\/www.survival.edu.pl\/wp-index.php\/?page_id=480"},"modified":"2017-09-26T13:18:18","modified_gmt":"2017-09-26T11:18:18","slug":"psychologia","status":"publish","type":"page","link":"http:\/\/www.survival.edu.pl\/wp-index.php\/?page_id=480","title":{"rendered":"Psychologia"},"content":{"rendered":"<p style=\"text-align: justify;\"><span style=\"color: #ff9900;\">Psychologia<\/span>,\u00a0a wi\u0119c wiedza o pozafizjologicznym funkcjonowaniu cz\u0142owieka&#8230;<\/p>\n<p style=\"text-align: justify;\">Psychologia (od gr. \u03c8\u03c5\u03c7\u03ae Psyche = dusza, i \u03bb\u03cc\u03b3\u03bf\u03c2 logos = s\u0142owo, my\u015bl, rozumowanie) \u2014\u00a0nauka empiryczna, zajmuj\u0105ca si\u0119 badaniem mechanizm\u00f3w i praw rz\u0105dz\u0105cych zjawiskami psychicznymi oraz zachowaniami cz\u0142owieka. Psychologia bada r\u00f3wnie\u017c wp\u0142yw zjawisk psychicznych na interakcje mi\u0119dzyludzkie oraz interakcj\u0119 z otoczeniem \u2014\u00a0<a href=\"http:\/\/pl.wikipedia.org\/wiki\/Psychologia\" target=\"_blank\" rel=\"noopener\">Wikipedia<\/a><br \/>\nTrzeba jednak wiedzie\u0107, \u017ce <em>psyche<\/em> \u015bci\u015ble wi\u0105\u017ce si\u0119 z <em>fizis<\/em>, istnieje wr\u0119cz sprz\u0119\u017cenie zwrotne mi\u0119dzy zdarzeniami zachodz\u0105cymi w emocjach, a zachodz\u0105cymi w uk\u0142adach, mi\u0119\u015bniach i narz\u0105dach. Wi\u0119cej szczeg\u00f3\u0142\u00f3w jednak w\u00a0dziale po\u015bwi\u0119conym psychofizjologii.<\/p>\n<p style=\"text-align: justify;\">Psychologia przygl\u0105da si\u0119 i p\u00f3\u017aniej opowiada\u00a0o naszym pobieraniu informacji ze \u015bwiata, ich przetwarzaniu, emocjach (m.in. jako elementu warto\u015bciuj\u0105cego). M\u00f3wi o naszych potrzebach oraz\u00a0sposobach zaspokajania, wyborach, decyzjach, taktykach, relacjach. O odwadze i tch\u00f3rzostwie. Strachu i l\u0119ku. Odporno\u015bci i wytrzyma\u0142o\u015bci psychicznej. Konsekwencji i uporze. Autonomii, samodzielno\u015bci, uleg\u0142o\u015bci i podatno\u015bci na wp\u0142ywy. Walce, agresji, rezygnacji, poddaniu si\u0119 i bezradno\u015bci.<\/p>\n<p style=\"text-align: justify;\">Psychologia wymaga wgl\u0105du w siebie samego i w innych. Por\u00f3wnywania i wyci\u0105gania wniosk\u00f3w. Pomaga unika\u0107 samouruchamiania si\u0119 mechanizm\u00f3w obronnych, kt\u00f3re wp\u0142ywaj\u0105 na fa\u0142szowanie rzeczywisto\u015bci, ale daje poczucie bezpiecze\u0144stwa.<\/p>\n<p style=\"text-align: justify;\">Psychologia jest skrz\u0119tnie omijana przez ludzi, kt\u00f3rzy sobie z ni\u0105 nie radz\u0105 (<em>&#8222;A gdybym by\u0142 m\u0142otkowym, w fabryce z m\u0142otkiem szala\u0142&#8230;&#8221;<\/em> Formacja Nie\u017cywych Schabuff). <span style=\"color: #ff9900;\">Mo\u017ce dlatego wielu ludzi m\u00f3wi o wadze woli przetrwania w\u00a0survivalu, ale niewiele wi\u0119cej mog\u0105 o niej powiedzie\u0107<\/span>.<\/p>\n","protected":false},"excerpt":{"rendered":"<p>Psychologia,\u00a0a wi\u0119c wiedza o pozafizjologicznym funkcjonowaniu cz\u0142owieka&#8230; Psychologia (od gr. \u03c8\u03c5\u03c7\u03ae Psyche = dusza, i \u03bb\u03cc\u03b3\u03bf\u03c2 logos = s\u0142owo, my\u015bl, rozumowanie) \u2014\u00a0nauka empiryczna, zajmuj\u0105ca si\u0119 badaniem mechanizm\u00f3w i praw rz\u0105dz\u0105cych zjawiskami psychicznymi oraz zachowaniami cz\u0142owieka. Psychologia bada r\u00f3wnie\u017c wp\u0142yw zjawisk &hellip; <a class=\"more-link\" href=\"http:\/\/www.survival.edu.pl\/wp-index.php\/?page_id=480\">Czytaj dalej <span class=\"meta-nav\">&rarr;<\/span><\/a><\/p>\n","protected":false},"author":2,"featured_media":0,"parent":7,"menu_order":20,"comment_status":"closed","ping_status":"closed","template":"","meta":[],"_links":{"self":[{"href":"http:\/\/www.survival.edu.pl\/wp-index.php\/index.php?rest_route=\/wp\/v2\/pages\/480"}],"collection":[{"href":"http:\/\/www.survival.edu.pl\/wp-index.php\/index.php?rest_route=\/wp\/v2\/pages"}],"about":[{"href":"http:\/\/www.survival.edu.pl\/wp-index.php\/index.php?rest_route=\/wp\/v2\/types\/page"}],"author":[{"embeddable":true,"href":"http:\/\/www.survival.edu.pl\/wp-index.php\/index.php?rest_route=\/wp\/v2\/users\/2"}],"replies":[{"embeddable":true,"href":"http:\/\/www.survival.edu.pl\/wp-index.php\/index.php?rest_route=%2Fwp%2Fv2%2Fcomments&post=480"}],"version-history":[{"count":13,"href":"http:\/\/www.survival.edu.pl\/wp-index.php\/index.php?rest_route=\/wp\/v2\/pages\/480\/revisions"}],"predecessor-version":[{"id":5915,"href":"http:\/\/www.survival.edu.pl\/wp-index.php\/index.php?rest_route=\/wp\/v2\/pages\/480\/revisions\/5915"}],"up":[{"embeddable":true,"href":"http:\/\/www.survival.edu.pl\/wp-index.php\/index.php?rest_route=\/wp\/v2\/pages\/7"}],"wp:attachment":[{"href":"http:\/\/www.survival.edu.pl\/wp-index.php\/index.php?rest_route=%2Fwp%2Fv2%2Fmedia&parent=480"}],"curies":[{"name":"wp","href":"https:\/\/api.w.org\/{rel}","templated":true}]}}