{"id":4426,"date":"2016-12-21T13:38:55","date_gmt":"2016-12-21T11:38:55","guid":{"rendered":"http:\/\/www.survival.edu.pl\/wp-index.php\/?page_id=4426"},"modified":"2016-12-21T13:40:38","modified_gmt":"2016-12-21T11:40:38","slug":"olo","status":"publish","type":"page","link":"http:\/\/www.survival.edu.pl\/wp-index.php\/?page_id=4426","title":{"rendered":"Olo"},"content":{"rendered":"<p>On jest po prostu tyczk\u0105 zako\u0144czon\u0105 od g\u00f3ry rozumem. Jeszcze jeden &#8222;linowiec&#8221;, \u017ceby si\u0119 wyr\u00f3\u017cnia\u0107, wspina si\u0119 technik\u0105 tych&#8230; nooo&#8230; aboryge&#8230; taboreto&#8230; arboryst\u00f3w! Jest przyk\u0142adem na to, \u017ce bywaj\u0105 tyczki, kt\u00f3re mo\u017cna lubi\u0107. I to wszystko&#8230;<\/p>\n<p>Olo dosta\u0142 ksyw\u0119 &#8222;Juljan&#8221; (od Kr\u00f3l Julian), ale si\u0119 do niej nie przyznaje.<\/p>\n","protected":false},"excerpt":{"rendered":"<p>On jest po prostu tyczk\u0105 zako\u0144czon\u0105 od g\u00f3ry rozumem. Jeszcze jeden &#8222;linowiec&#8221;, \u017ceby si\u0119 wyr\u00f3\u017cnia\u0107, wspina si\u0119 technik\u0105 tych&#8230; nooo&#8230; aboryge&#8230; taboreto&#8230; arboryst\u00f3w! Jest przyk\u0142adem na to, \u017ce bywaj\u0105 tyczki, kt\u00f3re mo\u017cna lubi\u0107. I to wszystko&#8230; Olo dosta\u0142 ksyw\u0119 &#8222;Juljan&#8221; &hellip; <a class=\"more-link\" href=\"http:\/\/www.survival.edu.pl\/wp-index.php\/?page_id=4426\">Czytaj dalej <span class=\"meta-nav\">&rarr;<\/span><\/a><\/p>\n","protected":false},"author":2,"featured_media":0,"parent":4330,"menu_order":7,"comment_status":"closed","ping_status":"closed","template":"","meta":[],"_links":{"self":[{"href":"http:\/\/www.survival.edu.pl\/wp-index.php\/index.php?rest_route=\/wp\/v2\/pages\/4426"}],"collection":[{"href":"http:\/\/www.survival.edu.pl\/wp-index.php\/index.php?rest_route=\/wp\/v2\/pages"}],"about":[{"href":"http:\/\/www.survival.edu.pl\/wp-index.php\/index.php?rest_route=\/wp\/v2\/types\/page"}],"author":[{"embeddable":true,"href":"http:\/\/www.survival.edu.pl\/wp-index.php\/index.php?rest_route=\/wp\/v2\/users\/2"}],"replies":[{"embeddable":true,"href":"http:\/\/www.survival.edu.pl\/wp-index.php\/index.php?rest_route=%2Fwp%2Fv2%2Fcomments&post=4426"}],"version-history":[{"count":3,"href":"http:\/\/www.survival.edu.pl\/wp-index.php\/index.php?rest_route=\/wp\/v2\/pages\/4426\/revisions"}],"predecessor-version":[{"id":4429,"href":"http:\/\/www.survival.edu.pl\/wp-index.php\/index.php?rest_route=\/wp\/v2\/pages\/4426\/revisions\/4429"}],"up":[{"embeddable":true,"href":"http:\/\/www.survival.edu.pl\/wp-index.php\/index.php?rest_route=\/wp\/v2\/pages\/4330"}],"wp:attachment":[{"href":"http:\/\/www.survival.edu.pl\/wp-index.php\/index.php?rest_route=%2Fwp%2Fv2%2Fmedia&parent=4426"}],"curies":[{"name":"wp","href":"https:\/\/api.w.org\/{rel}","templated":true}]}}