{"id":4350,"date":"2016-12-15T21:33:08","date_gmt":"2016-12-15T19:33:08","guid":{"rendered":"http:\/\/www.survival.edu.pl\/wp-index.php\/?page_id=4350"},"modified":"2016-12-15T21:37:19","modified_gmt":"2016-12-15T19:37:19","slug":"kamil","status":"publish","type":"page","link":"http:\/\/www.survival.edu.pl\/wp-index.php\/?page_id=4350","title":{"rendered":"Kamil"},"content":{"rendered":"<p>Kamil&#8230; nie wiem, co pisa\u0107. Jest absolutnie nie do przyj\u0119cia. Dlatego zatrudni\u0142 si\u0119 jako kierowca &#8222;tir\u00f3w&#8221;, \u017ceby nie by\u0107 z nami. Wiedzia\u0142, \u017ce tym nas rozw\u015bcieczy. Bo lepiej mie\u0107 go na oku, ni\u017c nie wiedzie\u0107, co nas czeka. W ko\u0144cu te\u017c po kawalerii powietrznej (przekle\u0144stwo jakie\u015b).<\/p>\n<p>Kamil nie ma ksywy. Nie \u017cyczy\u0142 sobie. G\u0142\u00f3wnie zajmowa\u0142 si\u0119 udowadnianiem mi, \u017ce jestem &#8222;kompletnym zerem&#8221; w czym pomaga\u0142 mu AdaM \u2014 bo obaj &#8222;robi\u0105 w linach&#8221;. Nale\u017cy si\u0119 stara\u0107, aby nie pozna\u0107 Kamila.<\/p>\n","protected":false},"excerpt":{"rendered":"<p>Kamil&#8230; nie wiem, co pisa\u0107. Jest absolutnie nie do przyj\u0119cia. Dlatego zatrudni\u0142 si\u0119 jako kierowca &#8222;tir\u00f3w&#8221;, \u017ceby nie by\u0107 z nami. Wiedzia\u0142, \u017ce tym nas rozw\u015bcieczy. Bo lepiej mie\u0107 go na oku, ni\u017c nie wiedzie\u0107, co nas czeka. W ko\u0144cu &hellip; <a class=\"more-link\" href=\"http:\/\/www.survival.edu.pl\/wp-index.php\/?page_id=4350\">Czytaj dalej <span class=\"meta-nav\">&rarr;<\/span><\/a><\/p>\n","protected":false},"author":2,"featured_media":0,"parent":4330,"menu_order":5,"comment_status":"closed","ping_status":"closed","template":"","meta":[],"_links":{"self":[{"href":"http:\/\/www.survival.edu.pl\/wp-index.php\/index.php?rest_route=\/wp\/v2\/pages\/4350"}],"collection":[{"href":"http:\/\/www.survival.edu.pl\/wp-index.php\/index.php?rest_route=\/wp\/v2\/pages"}],"about":[{"href":"http:\/\/www.survival.edu.pl\/wp-index.php\/index.php?rest_route=\/wp\/v2\/types\/page"}],"author":[{"embeddable":true,"href":"http:\/\/www.survival.edu.pl\/wp-index.php\/index.php?rest_route=\/wp\/v2\/users\/2"}],"replies":[{"embeddable":true,"href":"http:\/\/www.survival.edu.pl\/wp-index.php\/index.php?rest_route=%2Fwp%2Fv2%2Fcomments&post=4350"}],"version-history":[{"count":2,"href":"http:\/\/www.survival.edu.pl\/wp-index.php\/index.php?rest_route=\/wp\/v2\/pages\/4350\/revisions"}],"predecessor-version":[{"id":4352,"href":"http:\/\/www.survival.edu.pl\/wp-index.php\/index.php?rest_route=\/wp\/v2\/pages\/4350\/revisions\/4352"}],"up":[{"embeddable":true,"href":"http:\/\/www.survival.edu.pl\/wp-index.php\/index.php?rest_route=\/wp\/v2\/pages\/4330"}],"wp:attachment":[{"href":"http:\/\/www.survival.edu.pl\/wp-index.php\/index.php?rest_route=%2Fwp%2Fv2%2Fmedia&parent=4350"}],"curies":[{"name":"wp","href":"https:\/\/api.w.org\/{rel}","templated":true}]}}