{"id":4348,"date":"2016-12-15T21:28:09","date_gmt":"2016-12-15T19:28:09","guid":{"rendered":"http:\/\/www.survival.edu.pl\/wp-index.php\/?page_id=4348"},"modified":"2016-12-15T21:28:09","modified_gmt":"2016-12-15T19:28:09","slug":"kesik","status":"publish","type":"page","link":"http:\/\/www.survival.edu.pl\/wp-index.php\/?page_id=4348","title":{"rendered":"K\u0119sik"},"content":{"rendered":"<p>K\u0119sik sprzeda\u0142 swoj\u0105 gitar\u0119, \u017ceby z nami wyjecha\u0107. Szkoda&#8230;<br \/>\nWszyscy m\u0119cz\u0105 si\u0119 z K\u0119sikiem, a on si\u0119 u\u015bmiecha, bo jest bezczelny. Wcze\u015bniej te\u017c by\u0142.<\/p>\n<p>K\u0119sik ma ksyw\u0119 &#8222;Marcin&#8221; i nic nie umie. Dlatego je\u017adzi z nami i nas poucza&#8230;<\/p>\n","protected":false},"excerpt":{"rendered":"<p>K\u0119sik sprzeda\u0142 swoj\u0105 gitar\u0119, \u017ceby z nami wyjecha\u0107. Szkoda&#8230; Wszyscy m\u0119cz\u0105 si\u0119 z K\u0119sikiem, a on si\u0119 u\u015bmiecha, bo jest bezczelny. Wcze\u015bniej te\u017c by\u0142. K\u0119sik ma ksyw\u0119 &#8222;Marcin&#8221; i nic nie umie. Dlatego je\u017adzi z nami i nas poucza&#8230;<\/p>\n","protected":false},"author":2,"featured_media":0,"parent":4330,"menu_order":4,"comment_status":"closed","ping_status":"closed","template":"","meta":[],"_links":{"self":[{"href":"http:\/\/www.survival.edu.pl\/wp-index.php\/index.php?rest_route=\/wp\/v2\/pages\/4348"}],"collection":[{"href":"http:\/\/www.survival.edu.pl\/wp-index.php\/index.php?rest_route=\/wp\/v2\/pages"}],"about":[{"href":"http:\/\/www.survival.edu.pl\/wp-index.php\/index.php?rest_route=\/wp\/v2\/types\/page"}],"author":[{"embeddable":true,"href":"http:\/\/www.survival.edu.pl\/wp-index.php\/index.php?rest_route=\/wp\/v2\/users\/2"}],"replies":[{"embeddable":true,"href":"http:\/\/www.survival.edu.pl\/wp-index.php\/index.php?rest_route=%2Fwp%2Fv2%2Fcomments&post=4348"}],"version-history":[{"count":1,"href":"http:\/\/www.survival.edu.pl\/wp-index.php\/index.php?rest_route=\/wp\/v2\/pages\/4348\/revisions"}],"predecessor-version":[{"id":4349,"href":"http:\/\/www.survival.edu.pl\/wp-index.php\/index.php?rest_route=\/wp\/v2\/pages\/4348\/revisions\/4349"}],"up":[{"embeddable":true,"href":"http:\/\/www.survival.edu.pl\/wp-index.php\/index.php?rest_route=\/wp\/v2\/pages\/4330"}],"wp:attachment":[{"href":"http:\/\/www.survival.edu.pl\/wp-index.php\/index.php?rest_route=%2Fwp%2Fv2%2Fmedia&parent=4348"}],"curies":[{"name":"wp","href":"https:\/\/api.w.org\/{rel}","templated":true}]}}