{"id":4339,"date":"2016-12-15T21:14:31","date_gmt":"2016-12-15T19:14:31","guid":{"rendered":"http:\/\/www.survival.edu.pl\/wp-index.php\/?page_id=4339"},"modified":"2016-12-21T15:36:26","modified_gmt":"2016-12-21T13:36:26","slug":"adamk","status":"publish","type":"page","link":"http:\/\/www.survival.edu.pl\/wp-index.php\/?page_id=4339","title":{"rendered":"AdamK"},"content":{"rendered":"<p>Te\u017c Adam. Przyjecha\u0142 w\u0119szy\u0107 za przygod\u0105. Ci\u0105gle chichota\u0142. Zajmowa\u0142 si\u0119 linami z AdameM lub zamiast niego. Zosta\u0142 geologiem, zatem jego sezon to nasz sezon, dlatego wci\u0105\u017c p\u0142acze, \u017ce nie mo\u017ce jecha\u0107 z nami. Z jakiego\u015b powodu inni t\u0119skni\u0105 za nim, ale ja si\u0119 z nimi nie zgadzam.<\/p>\n<p>AdamK ma ksyw\u0119 &#8222;Krasnolud&#8221;, bo w naszych grach RPG przyj\u0105\u0142 na siebie t\u0119 rol\u0119, a potem w niej zosta\u0142, bo by\u0142 gapa. Dlatego teraz \u015bmierdzi krasnoludem i pije &#8222;czornom gorzaue&#8221;&#8230;<\/p>\n<p><a href=\"http:\/\/www.survival.edu.pl\/wp-content\/uploads\/AdamK.png\"><img loading=\"lazy\" class=\"size-full wp-image-4457 alignnone\" src=\"http:\/\/www.survival.edu.pl\/wp-content\/uploads\/AdamK.png\" alt=\"adamk\" width=\"2072\" height=\"829\" srcset=\"http:\/\/www.survival.edu.pl\/wp-content\/uploads\/AdamK.png 2072w, http:\/\/www.survival.edu.pl\/wp-content\/uploads\/AdamK-300x120.png 300w, http:\/\/www.survival.edu.pl\/wp-content\/uploads\/AdamK-768x307.png 768w, http:\/\/www.survival.edu.pl\/wp-content\/uploads\/AdamK-1024x410.png 1024w, http:\/\/www.survival.edu.pl\/wp-content\/uploads\/AdamK-500x200.png 500w\" sizes=\"(max-width: 2072px) 100vw, 2072px\" \/><\/a><\/p>\n","protected":false},"excerpt":{"rendered":"<p>Te\u017c Adam. Przyjecha\u0142 w\u0119szy\u0107 za przygod\u0105. Ci\u0105gle chichota\u0142. Zajmowa\u0142 si\u0119 linami z AdameM lub zamiast niego. Zosta\u0142 geologiem, zatem jego sezon to nasz sezon, dlatego wci\u0105\u017c p\u0142acze, \u017ce nie mo\u017ce jecha\u0107 z nami. Z jakiego\u015b powodu inni t\u0119skni\u0105 za nim, &hellip; <a class=\"more-link\" href=\"http:\/\/www.survival.edu.pl\/wp-index.php\/?page_id=4339\">Czytaj dalej <span class=\"meta-nav\">&rarr;<\/span><\/a><\/p>\n","protected":false},"author":2,"featured_media":0,"parent":4330,"menu_order":3,"comment_status":"closed","ping_status":"closed","template":"","meta":[],"_links":{"self":[{"href":"http:\/\/www.survival.edu.pl\/wp-index.php\/index.php?rest_route=\/wp\/v2\/pages\/4339"}],"collection":[{"href":"http:\/\/www.survival.edu.pl\/wp-index.php\/index.php?rest_route=\/wp\/v2\/pages"}],"about":[{"href":"http:\/\/www.survival.edu.pl\/wp-index.php\/index.php?rest_route=\/wp\/v2\/types\/page"}],"author":[{"embeddable":true,"href":"http:\/\/www.survival.edu.pl\/wp-index.php\/index.php?rest_route=\/wp\/v2\/users\/2"}],"replies":[{"embeddable":true,"href":"http:\/\/www.survival.edu.pl\/wp-index.php\/index.php?rest_route=%2Fwp%2Fv2%2Fcomments&post=4339"}],"version-history":[{"count":11,"href":"http:\/\/www.survival.edu.pl\/wp-index.php\/index.php?rest_route=\/wp\/v2\/pages\/4339\/revisions"}],"predecessor-version":[{"id":4458,"href":"http:\/\/www.survival.edu.pl\/wp-index.php\/index.php?rest_route=\/wp\/v2\/pages\/4339\/revisions\/4458"}],"up":[{"embeddable":true,"href":"http:\/\/www.survival.edu.pl\/wp-index.php\/index.php?rest_route=\/wp\/v2\/pages\/4330"}],"wp:attachment":[{"href":"http:\/\/www.survival.edu.pl\/wp-index.php\/index.php?rest_route=%2Fwp%2Fv2%2Fmedia&parent=4339"}],"curies":[{"name":"wp","href":"https:\/\/api.w.org\/{rel}","templated":true}]}}