{"id":4330,"date":"2016-12-15T21:02:50","date_gmt":"2016-12-15T19:02:50","guid":{"rendered":"http:\/\/www.survival.edu.pl\/wp-index.php\/?page_id=4330"},"modified":"2017-08-15T15:57:13","modified_gmt":"2017-08-15T13:57:13","slug":"moi-ludkowie","status":"publish","type":"page","link":"http:\/\/www.survival.edu.pl\/wp-index.php\/?page_id=4330","title":{"rendered":"Moi Ludkowie"},"content":{"rendered":"<p style=\"text-align: justify;\">Od samego pocz\u0105tku towarzyszyli mi w Bieszczadowaniach oraz w organizowaniu rozmaitych survivalowych bytowa\u0144 i wypad\u00f3w moi serdeczni i oddani Przyjaciele. Nie kt\u00f3rzy z nich zacz\u0119li t\u0119 przygod\u0119 jad\u0105c ze mn\u0105 w\u00a0&#8222;nieznane&#8221; i maj\u0105c 11-12 lat, inni przy\u0142\u0105czyli jako starsi nastolatkowie, jeszcze inni \u2014\u00a0jako doro\u015bli. C\u00f3\u017c, pragn\u0119 im podzi\u0119kowa\u0107 i uhonorowa\u0107 za wierno\u015b\u0107 i sta\u0142\u0105 gotowo\u015b\u0107 do&#8230; bycia razem.<\/p>\n<p style=\"text-align: justify;\">Poni\u017cej \u2014 jeden z dowod\u00f3w, \u017ce z nami nie jest najlepiej&#8230;<a href=\"http:\/\/www.survival.edu.pl\/wp-content\/uploads\/204.jpg\"><img loading=\"lazy\" class=\"alignleft size-full wp-image-4353\" src=\"http:\/\/www.survival.edu.pl\/wp-content\/uploads\/204.jpg\" alt=\"204\" width=\"3000\" height=\"2000\" srcset=\"http:\/\/www.survival.edu.pl\/wp-content\/uploads\/204.jpg 3000w, http:\/\/www.survival.edu.pl\/wp-content\/uploads\/204-300x200.jpg 300w, http:\/\/www.survival.edu.pl\/wp-content\/uploads\/204-768x512.jpg 768w, http:\/\/www.survival.edu.pl\/wp-content\/uploads\/204-1024x683.jpg 1024w, http:\/\/www.survival.edu.pl\/wp-content\/uploads\/204-450x300.jpg 450w\" sizes=\"(max-width: 3000px) 100vw, 3000px\" \/><\/a><br \/>\nOd lewej: <span style=\"color: #ff9900;\">JA, Kamil, AdamK, Mario.<\/span><br \/>\nMoment iskrzenia kto\u015b uchwyci\u0142, ale teraz nie chce si\u0119 przyzna\u0107 do tego&#8230;<\/p>\n<p style=\"text-align: justify;\">\n","protected":false},"excerpt":{"rendered":"<p>Od samego pocz\u0105tku towarzyszyli mi w Bieszczadowaniach oraz w organizowaniu rozmaitych survivalowych bytowa\u0144 i wypad\u00f3w moi serdeczni i oddani Przyjaciele. Nie kt\u00f3rzy z nich zacz\u0119li t\u0119 przygod\u0119 jad\u0105c ze mn\u0105 w\u00a0&#8222;nieznane&#8221; i maj\u0105c 11-12 lat, inni przy\u0142\u0105czyli jako starsi nastolatkowie, &hellip; <a class=\"more-link\" href=\"http:\/\/www.survival.edu.pl\/wp-index.php\/?page_id=4330\">Czytaj dalej <span class=\"meta-nav\">&rarr;<\/span><\/a><\/p>\n","protected":false},"author":2,"featured_media":0,"parent":1889,"menu_order":0,"comment_status":"closed","ping_status":"closed","template":"","meta":[],"_links":{"self":[{"href":"http:\/\/www.survival.edu.pl\/wp-index.php\/index.php?rest_route=\/wp\/v2\/pages\/4330"}],"collection":[{"href":"http:\/\/www.survival.edu.pl\/wp-index.php\/index.php?rest_route=\/wp\/v2\/pages"}],"about":[{"href":"http:\/\/www.survival.edu.pl\/wp-index.php\/index.php?rest_route=\/wp\/v2\/types\/page"}],"author":[{"embeddable":true,"href":"http:\/\/www.survival.edu.pl\/wp-index.php\/index.php?rest_route=\/wp\/v2\/users\/2"}],"replies":[{"embeddable":true,"href":"http:\/\/www.survival.edu.pl\/wp-index.php\/index.php?rest_route=%2Fwp%2Fv2%2Fcomments&post=4330"}],"version-history":[{"count":7,"href":"http:\/\/www.survival.edu.pl\/wp-index.php\/index.php?rest_route=\/wp\/v2\/pages\/4330\/revisions"}],"predecessor-version":[{"id":5600,"href":"http:\/\/www.survival.edu.pl\/wp-index.php\/index.php?rest_route=\/wp\/v2\/pages\/4330\/revisions\/5600"}],"up":[{"embeddable":true,"href":"http:\/\/www.survival.edu.pl\/wp-index.php\/index.php?rest_route=\/wp\/v2\/pages\/1889"}],"wp:attachment":[{"href":"http:\/\/www.survival.edu.pl\/wp-index.php\/index.php?rest_route=%2Fwp%2Fv2%2Fmedia&parent=4330"}],"curies":[{"name":"wp","href":"https:\/\/api.w.org\/{rel}","templated":true}]}}