{"id":3606,"date":"2016-04-17T23:39:21","date_gmt":"2016-04-17T21:39:21","guid":{"rendered":"http:\/\/www.survival.edu.pl\/wp-index.php\/?page_id=3606"},"modified":"2018-06-05T17:43:04","modified_gmt":"2018-06-05T15:43:04","slug":"reka-i-wrzatek","status":"publish","type":"page","link":"http:\/\/www.survival.edu.pl\/wp-index.php\/?page_id=3606","title":{"rendered":"R\u0119ka i wrz\u0105tek"},"content":{"rendered":"<p style=\"text-align: justify;\">Kiedy\u015b zastanawia\u0142em si\u0119 nad mo\u017cliwo\u015bciami panowania nad swoj\u0105 fizjologi\u0105. I s\u0105dz\u0119, \u017ce co\u015b mi si\u0119 uda\u0142o. <span style=\"color: #ff9900;\">Mog\u0142em wsadzi\u0107 s\u0105 r\u0119k\u0119 do wrz\u0105tku i nie tylko wytrzyma\u0107 czas jaki\u015b, ale nie mie\u0107 \u017cadnych oznak poparzenia<\/span>.<\/p>\n<p style=\"text-align: justify;\">Jak do tego dosz\u0142o, jakie by\u0142y wyniki, a jakie wnioski \u2014 obieca\u0142em napisa\u0107.<\/p>\n<p style=\"text-align: justify;\">Zacz\u0119\u0142o si\u0119 od <span style=\"text-decoration: underline;\"><a href=\"http:\/\/www.survival.edu.pl\/wp-index.php\/?page_id=2753\" target=\"_blank\" rel=\"noopener\">kontroli b\u00f3lu<\/a><\/span>. Mia\u0142em poczucie, \u017ce co\u015b mi z tego wychodzi, a potem, \u017ce&#8230; faktycznie, w jakim\u015b zakresie dzia\u0142a. Przy jakiej\u015b okazji \u2014\u00a0by\u0142o to gotowanie jajek w kocio\u0142ku, na ognisku \u2014 zapragn\u0105\u0142em sprawdzi\u0107 w\u0142asn\u0105 wytrzyma\u0142o\u015b\u0107. Jednocze\u015bnie zastanawia\u0142em si\u0119 nad oszcz\u0119dzeniem rodzimych tkanek, a wi\u0119c by nie dopu\u015bci\u0107 do \u017cadnego uszkodzenia prowadz\u0105cego do nast\u0119pczej koncentracji na procesie gojenia poparze\u0144. Rozwi\u0105zanie powinno zatem prowadzi\u0107 nie tyle do sprawdzania wytrzyma\u0142o\u015bci na b\u00f3l, co raczej do szybko\u015bci i\u00a0sprawno\u015bci wyci\u0105gni\u0119cia ugotowanych jajek z wrz\u0105tku.<\/p>\n<p style=\"text-align: justify;\">Jasne, \u017ce pocz\u0105tkowo dokona\u0142em kilku pr\u00f3b b\u0142yskawicznego wsuni\u0119cia czubk\u00f3w palc\u00f3w do kocio\u0142ka z wod\u0105, by\u00a0ponownie wsun\u0105\u0107 je jeszcze g\u0142\u0119biej. P\u00f3\u017aniej chodzi\u0142o o szybkie uchwycenie jajka i wyj\u0119cie go.<\/p>\n<p style=\"text-align: justify;\">Wkr\u00f3tce robi\u0142em to wszystko bez po\u015bpiechu. W tym momencie mia\u0142em pewno\u015b\u0107, \u017ce odporno\u015b\u0107 na b\u00f3l jest moim sojusznikiem. Kiedy jednak kt\u00f3rego\u015b dnia jajko na dnie garnka obr\u00f3ci\u0142o mi si\u0119 w palcach i nie dawa\u0142o uchwyci\u0107 \u2014 akcja trwa\u0142a kilka sekund. By\u0142em zaskoczony. Koncentrowanie si\u0119 na dobrym chwycie odwr\u00f3ci\u0142o moj\u0105 uwag\u0119, kt\u00f3ra przecie\u017c mia\u0142a by\u0107 skupiona na temperaturze i szybko\u015bci. A potem zerkn\u0105\u0142em na w\u0142asn\u0105 d\u0142o\u0144. <span style=\"color: #ff9900;\">Mimo niespodziewanie d\u0142ugiego czasu kontaktu z wysok\u0105 temperatur\u0105 nie znalaz\u0142em na niej \u015bladu poparzenia, sk\u00f3ra by\u0142a zaledwie zar\u00f3\u017cowiona<\/span>.<\/p>\n<p style=\"text-align: justify;\">Mo\u017ce nie prze\u017cywa\u0142bym tego zanadto, gdyby nie znalaz\u0142 si\u0119 na\u015bladowca. Nigdy nie traktowa\u0142em moich trening\u00f3w jako popisywania si\u0119, zatem moi wychowankowie z zak\u0142adu wychowawczego otrzymali taki popis w postaci nagrody za m\u0105dre dojrzewanie. Bardzo powa\u017cnie ostrzega\u0142em przed na\u015bladowaniem mnie, gdy\u017c nie mieli oni mojego psychicznego przygotowania. W ka\u017cdym gronie musi by\u0107 wyj\u0105tek. Kiedy wyszed\u0142em ze \u015bwietlicy po dokonaniu prezentacji, pojawili si\u0119 wkr\u00f3tce moi chichocz\u0105cy wychowankowie, \u017ce M. oczywi\u015bcie postanowi\u0142 nie s\u0142ucha\u0107 tego, co powiedzia\u0142em. Ca\u0142\u0105 d\u0142o\u0144 mia\u0142 w b\u0105blach i kwicza\u0142 z b\u00f3lu.<\/p>\n<p style=\"text-align: justify;\">By\u0142o dla mnie zagadk\u0105, jak to by\u0142o mo\u017cliwe, skoro po moim pokazie min\u0105\u0142 jaki\u015b czas na t\u0142umaczenie, \u017ce nie powinno si\u0119 mnie na\u015bladowa\u0107, temperatura woda w\u00f3wczas spad\u0142a przynajmniej o kilka stopni.<\/p>\n<p style=\"text-align: justify;\">Pr\u00f3bowa\u0142em szuka\u0107 odpowiedzi u fizjolog\u00f3w. Nie by\u0142o \u0142atwo. W ko\u0144cu jeden z nich odpowiedzia\u0142, \u017ce nie zna akurat tych cech fizjologicznych, s\u0105dzi jednak, \u017ce moje psychiczne przygotowanie wp\u0142ywa\u0142o w pierwszej fazie na obkurczeniu naczy\u0144 krwiono\u015bnych, a p\u00f3\u017aniej \u2014 na ich rozszerzeniu, co wspomaga\u0142o szybkie sch\u0142odzenie mojej d\u0142oni. I\u00a0to wszystko.<\/p>\n<p style=\"text-align: justify;\"><span style=\"color: #ff9900;\">Zaznaczam, \u017ce nag\u0142y kontakt z gor\u0105cem, kiedy nie by\u0142em przygotowany psychicznie, skutkowa\u0142y oparzeniem<\/span>. Zupe\u0142nie inn\u0105 spraw\u0105 jest, \u017ce ca\u0142kiem nie\u017ale znosz\u0119 powsta\u0142y w\u00f3wczas b\u00f3l.<\/p>\n<p style=\"text-align: justify;\">Nadal szukam odpowiedzi.<\/p>\n","protected":false},"excerpt":{"rendered":"<p>Kiedy\u015b zastanawia\u0142em si\u0119 nad mo\u017cliwo\u015bciami panowania nad swoj\u0105 fizjologi\u0105. I s\u0105dz\u0119, \u017ce co\u015b mi si\u0119 uda\u0142o. Mog\u0142em wsadzi\u0107 s\u0105 r\u0119k\u0119 do wrz\u0105tku i nie tylko wytrzyma\u0107 czas jaki\u015b, ale nie mie\u0107 \u017cadnych oznak poparzenia. Jak do tego dosz\u0142o, jakie by\u0142y &hellip; <a class=\"more-link\" href=\"http:\/\/www.survival.edu.pl\/wp-index.php\/?page_id=3606\">Czytaj dalej <span class=\"meta-nav\">&rarr;<\/span><\/a><\/p>\n","protected":false},"author":2,"featured_media":0,"parent":2346,"menu_order":40,"comment_status":"closed","ping_status":"closed","template":"","meta":[],"_links":{"self":[{"href":"http:\/\/www.survival.edu.pl\/wp-index.php\/index.php?rest_route=\/wp\/v2\/pages\/3606"}],"collection":[{"href":"http:\/\/www.survival.edu.pl\/wp-index.php\/index.php?rest_route=\/wp\/v2\/pages"}],"about":[{"href":"http:\/\/www.survival.edu.pl\/wp-index.php\/index.php?rest_route=\/wp\/v2\/types\/page"}],"author":[{"embeddable":true,"href":"http:\/\/www.survival.edu.pl\/wp-index.php\/index.php?rest_route=\/wp\/v2\/users\/2"}],"replies":[{"embeddable":true,"href":"http:\/\/www.survival.edu.pl\/wp-index.php\/index.php?rest_route=%2Fwp%2Fv2%2Fcomments&post=3606"}],"version-history":[{"count":10,"href":"http:\/\/www.survival.edu.pl\/wp-index.php\/index.php?rest_route=\/wp\/v2\/pages\/3606\/revisions"}],"predecessor-version":[{"id":6925,"href":"http:\/\/www.survival.edu.pl\/wp-index.php\/index.php?rest_route=\/wp\/v2\/pages\/3606\/revisions\/6925"}],"up":[{"embeddable":true,"href":"http:\/\/www.survival.edu.pl\/wp-index.php\/index.php?rest_route=\/wp\/v2\/pages\/2346"}],"wp:attachment":[{"href":"http:\/\/www.survival.edu.pl\/wp-index.php\/index.php?rest_route=%2Fwp%2Fv2%2Fmedia&parent=3606"}],"curies":[{"name":"wp","href":"https:\/\/api.w.org\/{rel}","templated":true}]}}