{"id":3450,"date":"2016-04-05T08:21:26","date_gmt":"2016-04-05T06:21:26","guid":{"rendered":"http:\/\/www.survival.edu.pl\/wp-index.php\/?page_id=3450"},"modified":"2019-02-17T12:14:13","modified_gmt":"2019-02-17T10:14:13","slug":"jak-zaczac","status":"publish","type":"page","link":"http:\/\/www.survival.edu.pl\/wp-index.php\/?page_id=3450","title":{"rendered":"Pocz\u0105tek&#8230;"},"content":{"rendered":"<h3 class=\"date\"><span style=\"color: #ff9900;\">Jak\u00a0zacz\u0105\u0107?<\/span><\/h3>\n<pre class=\"date\">Skradzione z w\u0142asnej strony <em>www.survival.infocentrum.com<\/em> powsta\u0142ej bodaj\u017ce w 1997 roku<\/pre>\n<p class=\"date\">[02.05.2003]<\/p>\n<p><a href=\"http:\/\/www.survival.edu.pl\/wp-content\/uploads\/DSC02949.jpg\" rel=\"attachment wp-att-2788\"><img loading=\"lazy\" class=\"alignleft wp-image-2788\" src=\"http:\/\/www.survival.edu.pl\/wp-content\/uploads\/DSC02949.jpg\" alt=\"DSC02949\" width=\"536\" height=\"405\" \/><\/a>Od dawna pope\u0142niam grzech,<br \/>\n\u017ce nie odpowiadam na to pytanie.<br \/>\nA zadawano mi je wiele razy:<br \/>\n<i>&#8222;Od czego zacz\u0105\u0107 uprawianie survivalu?&#8221;<\/i><\/p>\n<p>W\u0142a\u015bciwie sprawa wydaje si\u0119 prosta. Wystarczy powiedzie\u0107: &#8222;W<i>e\u017a buty<br \/>\ni plecak, miej n\u00f3\u017c i zapa\u0142ki, udaj si\u0119<br \/>\nna odludzie i staraj si\u0119 przetrwa\u0107<br \/>\njak najd\u0142u\u017cej, a nast\u0119pnym razem<br \/>\nzr\u00f3b\u00a0to samo tylko o dzie\u0144 d\u0142u\u017cej&#8230;<br \/>\nI czy\u0144 to wielokrotnie!<\/i>&#8221;<\/p>\n<p>Ot\u00f3\u017c nie! Nie twierdz\u0119, \u017ce taki przepis nie nadaje si\u0119 do niczego, ale s\u0105dz\u0119 wszystko mo\u017ce wymkn\u0105\u0107 si\u0119\u00a0spod kontroli i nagle kto\u015b, kto z niego b\u0119dzie korzysta\u0142, stanie si\u0119 cz\u0142owiekiem, do kt\u00f3rego mamy pretensje\u00a0wraz z\u00a0Roninem, \u017ce jego survival jest t\u0119py, bezmy\u015blny i bezduszny.<\/p>\n<p>Wybaczcie, ale b\u0119d\u0119 musia\u0142 zastanowi\u0107 si\u0119 troch\u0119, \u017ceby da\u0107 odpowied\u017a zadowalaj\u0105c\u0105 i Was, i mnie.<br \/>\n<u>A mo\u017ce Wy te\u017c co\u015b powiecie na ten temat?<\/u><\/p>\n<hr \/>\n<h2>OD CZEGO ZACZ\u0104\u0106 \u2014\u00a0rozwa\u017cania<\/h2>\n<p class=\"date\">[05.05.2003]<\/p>\n<p style=\"text-align: justify;\">Przysz\u0142y do mnie listy z przemy\u015bleniami dotycz\u0105cymi pocz\u0105tk\u00f3w przygody z survivalem.\u00a0Niekt\u00f3rzy zapoznali si\u0119 z\u00a0tekstem m\u00f3wi\u0105cym o moim spotkaniu z survivalem \u2014\u00a0<span style=\"text-decoration: underline;\"><strong><a href=\"http:\/\/www.survival.infocentrum.com\/krisek\/survi.html\" target=\"_blank\" rel=\"noopener\">Strona Kriska<\/a><\/strong><\/span>.<\/p>\n<p style=\"text-align: justify;\">Powo\u0142ywali si\u0119\u00a0na swoje ci\u0105goty do militarnego sposobu \u017cycia, szukali praprzyczyn w harcerstwie, niekt\u00f3rzy m\u00f3wili du\u017co\u00a0o przyrodzie. Niewielu m\u00f3wi\u0142o o pragnieniu przemian w swojej osobowo\u015bci, a je\u017celi ju\u017c, to\u00a0wspominali co\u015b\u00a0o potrzebie sprawdzania si\u0119.<\/p>\n<p style=\"text-align: justify;\">My\u015bl\u0119, \u017ce ka\u017cda droga mo\u017ce by\u0107 dobra. Czasem budzi moje w\u0105tpliwo\u015bci owa potrzeba sprawdzania si\u0119.\u00a0Nie\u00a0dlatego, \u017ce jest w niej co\u015b z\u0142ego, ale przez nadmierne, moim zdaniem, r\u00f3\u017cnice w jej rozumieniu.\u00a0Bo da si\u0119 interpretowa\u0107 t\u0119 potrzeb\u0119 jako zapotrzebowanie na informacje o sobie oraz o post\u0119pie we w\u0142asnym rozwoju, ale\u00a0da si\u0119 te\u017c rozumie\u0107 to jako do\u015bwiadczanie przekraczania granic przez w\u0142asn\u0105 psychik\u0119 i cia\u0142o.\u00a0Te\u017c nie ma tu jeszcze niczego szkodliwego, a\u017c do momentu, gdy nie zacznie si\u0119 robi\u0107 eksperyment\u00f3w destrukcyjnych i\u00a0tragicznych.\u00a0A niekt\u00f3rzy si\u0119 do tego przyznaj\u0105.\u00a0Problem zawiera si\u0119 w tym, \u017ce twierdz\u0105, \u017ce w\u0142a\u015bnie tu schowany jest survival, i ucz\u0105 tego.<\/p>\n<p style=\"text-align: justify;\">Survival to przetrwanie. Nic innego. <span style=\"color: #ffffff;\">Kr\u0119cenie si\u0119 w obr\u0119bie styku przetrwania i zguby, jest tylko szukaniem podziwu\u00a0i\u00a0zaskoczenia-z-zachwytu u innych<\/span>. Jest tak\u017ce form\u0105 jakiegokolwiek zaistnienia przez tych, kt\u00f3rzy inaczej tego nie potrafi\u0105 osi\u0105gn\u0105\u0107.<\/p>\n<p>A sens&#8230;?\u00a0Sens jest w tym, \u017ce mo\u017cna nie mie\u0107 mo\u017cliwo\u015bci osobistego stwierdzenia, \u017ce ostatniego zdarzenia jednak si\u0119 nie przetrwa\u0142o&#8230;? Czy tak&#8230;?<\/p>\n<p style=\"text-align: justify;\">Survival to przetrwanie. Prze\u017cycie. Jak\u017ce wieloznaczne jest to drugie s\u0142owo w swej&#8230; jednoznaczno\u015bci.<\/p>\n<p style=\"text-align: justify;\">Prze\u017cy\u0107, to znaczy \u017cy\u0107 nadal. To znaczy mie\u0107 ju\u017c za sob\u0105 trudne chwile. <span style=\"color: #ffffff;\">Ale to znaczy te\u017c, odby\u0107 misterium poznawania i emocji.<\/span> Nastawienie na prze\u017cycie b\u0119dzie zatem \u017cyciem, nadziej\u0105 na w\u0142asne istnienie oraz doznawanie wci\u0105\u017c nowych wra\u017ce\u0144&#8230;\u00a0Hmm&#8230; jak\u017ce zbli\u017cyli\u015bmy si\u0119 teraz do dreptania na kraw\u0119dzi bytu i niebytu. A\u00a0chcia\u0142em wykaza\u0107 co\u015b innego&#8230;<\/p>\n<p style=\"text-align: justify;\">Z wielu dr\u00f3g ku sztuce przetrwania najbardziej ceni\u0119 sobie t\u0119, kt\u00f3ra polega na znajdowaniu harmonii mi\u0119dzy w\u0142asnym bytem a natur\u0105. Oznacza to ni mniej ni wi\u0119cej ucieczk\u0119 od cywilizacji (chocia\u017c nie od innych)\u00a0oraz poszukiwanie nowych \u015bcie\u017cek prowadz\u0105cych w g\u0142\u0105b swej duszy (a tym samym i innych).<\/p>\n<p style=\"text-align: justify;\">Rozpocz\u0119cie przygody z survivalem jest wi\u0119c jasno okre\u015blone. <span style=\"color: #ff9900;\"><strong>Zacz\u0105\u0107 trzeba od&#8230;<\/strong><\/span><\/p>\n<p style=\"text-align: right;\"><span style=\"color: #ffffff;\"><span style=\"color: #ff9900;\"><strong><a style=\"color: #ff9900;\" href=\"http:\/\/www.survival.edu.pl\/wp-content\/uploads\/IMG_2877.jpg\" rel=\"attachment wp-att-2793\"><img loading=\"lazy\" class=\"wp-image-2793 alignright\" src=\"http:\/\/www.survival.edu.pl\/wp-content\/uploads\/IMG_2877.jpg\" alt=\"IMG_2877\" width=\"541\" height=\"803\" \/><\/a>&#8230;<\/strong> <strong>BYCIA<\/strong><\/span><\/span>.<br \/>\nBycia w sobie i bycia w lesie, na \u0142\u0105ce, nad wod\u0105, w szuwarach, na piaszczystym pag\u00f3rku, na skalnym szczycie, w\u015br\u00f3d woni rozgrzanych sosen, w\u015br\u00f3d szumu traw, w deszczu, w b\u0142ocie,<span style=\"color: #ff9900;\"> W SOBIE<\/span>,<br \/>\nw ptakach i mr\u00f3wkach, w wichurze,<br \/>\nw ogniu, w\u015br\u00f3d pustkowia,<br \/>\n<span style=\"color: #ff9900;\">Z LUD\u0179MI<\/span>, w woni dymu,<br \/>\nw krzyku g\u0119si, <span style=\"color: #ff9900;\">W\u00a0SOBIE<\/span>&#8230;<\/p>\n<p style=\"text-align: right;\">A technika?<br \/>\nStr\u00f3j&#8230;?<br \/>\nDoprawdy&#8230;<br \/>\ndowolne&#8230;<br \/>\nBYCIE<br \/>\noznacza poznawanie, uczenie si\u0119, rozumienie&#8230; tworzenie i\u00a0przystosowywanie na koniec.<\/p>\n<p style=\"text-align: right;\">Survivalowiec jest wi\u0119c spokojny, bo\u00a0ka\u017cde warunki uczyni przyjaznymi sobie, a i siebie dostosuje do ka\u017cdych warunk\u00f3w. Byle prze\u017cy\u0107&#8230;<\/p>\n<p style=\"text-align: right;\">&#8230; czego i Wam \u017cycz\u0119&#8230;!<\/p>\n<hr \/>\n<h2>OD CZEGO ZACZ\u0104\u0106 \u2014\u00a0rozwa\u017cania CD.<\/h2>\n<p class=\"date\">[06.05.2003]<\/p>\n<p style=\"text-align: justify;\">Zacz\u0105\u0107 od BYCIA&#8230; Tak napisa\u0142em. Jednocze\u015bnie wiem, jak to jest trudne. To wcale nie jest ironia, co pisz\u0119&#8230;<\/p>\n<p style=\"text-align: justify;\">\u015awiadomo\u015b\u0107 samego siebie wymaga sta\u0142ego rozwijania.<br \/>\nNie mo\u017cna zatrzyma\u0107 si\u0119 dnia kt\u00f3rego\u015b na stwierdzeniu: <i>&#8222;Wiem o sobie, \u017ce jestem&#8230;&#8221;<\/i> i sko\u0144czy\u0107 poszukiwania, jest to skazanie na niebyt.\u00a0Przygoda z survivalem jest okazj\u0105 do wyj\u015bcia z niebytu, je\u017celi si\u0119 to ju\u017c sta\u0142o. Wszak g\u0142osz\u0119 to w\u0142a\u015bnie.<\/p>\n<p style=\"text-align: justify;\">I tak w\u0142a\u015bnie trzeba zacz\u0105\u0107.<br \/>\nWysun\u0105\u0107 si\u0119 z cienia, zrobi\u0107 to, czego si\u0119 dawno lub nigdy nie robi\u0142o: wsta\u0107 przed \u015bwitem, by wyj\u015b\u0107 z\u00a0domu i\u00a0p\u00f3j\u015b\u0107 z dala od ludzkich siedzib. Stan\u0105\u0107 na pag\u00f3rku i patrze\u0107 w pierwsze promienie s\u0142o\u0144ca. S\u0142ucha\u0107 budz\u0105cych si\u0119 g\u0142os\u00f3w ptak\u00f3w \u2014\u00a0zacz\u0105\u0107 je rozr\u00f3\u017cnia\u0107.\u00a0I pozosta\u0107 na pustkowiu bez jedzenia ca\u0142y dzie\u0144. W\u0142\u00f3czy\u0107 si\u0119 po\u00a0bezdro\u017cach, przedziera\u0107 si\u0119 przez g\u0105szcz zaro\u015bli. Chodzi\u0107 cicho, by podej\u015b\u0107 jakie\u015b dzikie zwierz\u0119,\u00a0pobiega\u0107 w\u00a0k\u00f3\u0142ko\u00a0wrzeszcz\u0105c dziko i rado\u015bnie.<\/p>\n<p style=\"text-align: justify;\">Trzeba za to przesta\u0107 by\u0107<br \/>\n&#8222;Najlepszym-Uczniem-w-Klasie&#8221;,<br \/>\n&#8222;Bardzo-Wa\u017cnym-Urz\u0119dnikiem&#8221;,<br \/>\n&#8222;Najpi\u0119kniejsz\u0105-Dziewczyn\u0105-w-Okolicy&#8221;<br \/>\ni w og\u00f3le kim\u015b szczeg\u00f3lnym,<br \/>\nwyprodukowanym.<\/p>\n<p style=\"text-align: justify;\">Nie kupowa\u0107 super-no\u017ca, super-kurtki, super-namiotu, super-plecaka. Na to przyjdzie czas \u2014 a wtedy b\u0119dziecie ju\u017c wiedzieli, co kupi\u0107.<\/p>\n<p style=\"text-align: justify;\">Nie m\u00f3wi\u0107 <i>&#8222;Uprawiam survival&#8221;<\/i>\u00a0\u2014 to przyjdzie samo po paru latach. Kiedy ju\u017c zacznie si\u0119 troch\u0119 rozumie\u0107 oddech Ziemi i w\u0142asn\u0105 dusz\u0119. Kiedy ju\u017c \u017cycie poka\u017ce proste sztuczki na bycie szcz\u0119\u015bliwym i zaradnym, bez wspierania si\u0119 telewizorem, w\u00f3deczk\u0105, wzajemnym poklepywaniem po plecach i samooszukiwaniem si\u0119&#8230;<\/p>\n<p style=\"text-align: justify;\">Survivalowiec robi wszystko, by rozumie\u0107, co si\u0119 dzieje z nim i ko\u0142o niego, stara si\u0119 wyzby\u0107 w\u0142asnej bezradno\u015bci i\u00a0pom\u00f3c innym nie potrafi\u0105cym tego. Survivalowiec jest z Natur\u0105 za pan brat, ale i z cywilizacj\u0105 radzi sobie r\u00f3wnie dobrze. Nie da si\u0119 zaskoczy\u0107 kraksie, po\u017carowi, awarii windy.<br \/>\nI o to chodzi. Czy jeszcze napisa\u0107 o tym, jak zacz\u0105\u0107&#8230;?<\/p>\n<hr \/>\n<h2>OD CZEGO ZACZ\u0104\u0106 \u2014\u00a0zako\u0144czenie.<\/h2>\n<p class=\"date\">[07.05.2003]<\/p>\n<p style=\"text-align: justify;\">Nie chc\u0119, \u017ceby\u015bcie czuli si\u0119 zagubieni i oszukani, bo mnie si\u0119 tu chce filozofowa\u0107.<br \/>\nPodam wi\u0119c przepis dla Was na rozpoczynanie tego, co nazwa\u0142em przygod\u0105 z survivalem:<\/p>\n<p style=\"text-align: left;\"><a href=\"http:\/\/www.survival.edu.pl\/wp-content\/uploads\/DSC03885.jpg\" rel=\"attachment wp-att-2770\"><img loading=\"lazy\" class=\"alignleft wp-image-2770\" src=\"http:\/\/www.survival.edu.pl\/wp-content\/uploads\/DSC03885.jpg\" alt=\"DSC03885\" width=\"605\" height=\"801\" \/><\/a>1. Tak \u2014\u00a0naprawd\u0119 trzeba opu\u015bci\u0107 sw\u00f3j cichy zak\u0105tek<br \/>\ni swoje sprawy,\u00a0zrobi\u0107 to\u00a0w\u00a0nietypowy spos\u00f3b (przed p\u00f3\u0142noc\u0105, czy o 3 nad ranem&#8230;)<\/p>\n<p style=\"text-align: left;\">2. Zabra\u0107 ze sob\u0105 niewielki plecaczek,\u00a0a w \u015brodku mie\u0107 najmniej 1,5 litra wody<br \/>\n(<b>to ciut za ma\u0142o na ca\u0142y dzie\u0144\u00a0i\u00a0noc<\/b>);\u00a0mie\u0107 ze sob\u0105 dodatkowo tylko n\u00f3\u017c\u00a0i zapa\u0142ki<br \/>\n(nie zapalniczk\u0119),\u00a0\u017cadnej latarki,\u00a0\u017cadnego namiotu, karimaty&#8230;<\/p>\n<p style=\"text-align: left;\">3. Mie\u0107 w plecaku bluz\u0119\u00a0w\u00a0razie nocnych ch\u0142od\u00f3w,\u00a0mo\u017ce \u015bpiw\u00f3r czy koc,\u00a0kt\u00f3rym trzeba b\u0119dzie si\u0119 owin\u0105\u0107<\/p>\n<p style=\"text-align: left;\">4. Pozosta\u0107 z tym plecaczkiem poza domem i poza cywilizacj\u0105\u00a0pierwsze 36 godzin<\/p>\n<p style=\"text-align: left;\">5. Nic nie je\u015b\u0107, ale KONIECZNIE\u00a0zdoby\u0107 sobie wod\u0119,\u00a0doprowadzi\u0107 do tego,\u00a0\u017ce b\u0119dzie si\u0119 j\u0105 pi\u0142o\u00a0bez obaw o\u00a0zatrucie lub chorob\u0119<\/p>\n<p style=\"text-align: justify;\">6. Postara\u0107 si\u0119 o zrobienie ogniska \u2014\u00a0MALUTKIEGO\u00a0(\u017cadnego olbrzyma pod same niebiosa)\u00a0i utrzymywa\u0107 ten ogie\u0144 przez ca\u0142y dzie\u0144<\/p>\n<p style=\"text-align: justify;\">7. By\u0107 samemu;\u00a0(dopiero nast\u0119pnym razem by\u0107 tylko we dw\u00f3jk\u0119,\u00a0ale dwa razy d\u0142u\u017cej i wybudowa\u0107 na ten okres\u00a0sza\u0142as niewidoczny dla innych ludzi;\u00a0po 36 godzinach mo\u017cna je\u015b\u0107)<\/p>\n<p style=\"text-align: justify;\">8. Przez ca\u0142y czas nie da\u0107 si\u0119 zobaczy\u0107 i us\u0142ysze\u0107\u00a0nikomu obcemu, ale te\u017c wiedzie\u0107 o ka\u017cdym,\u00a0kto pojawi si\u0119 w\u00a0pobli\u017cu<\/p>\n<p style=\"text-align: justify;\">9. W trakcie bytowania na odludziu poznawa\u0107:<br \/>\n\u2014\u00a0w\u0142asne psychiczne i fizjologiczne reakcje na g\u0142\u00f3d,\u00a0zimno, samotno\u015b\u0107, nud\u0119, moment kryzysu i ch\u0119\u0107\u00a0sko\u0144czenia eksperyment\u00f3w i p\u00f3j\u015bcia do domu&#8230;<br \/>\n\u2014\u00a0najbli\u017csz\u0105 okolic\u0119, zna\u0107 nieomal\u017ce ka\u017cde ptasie gniazdo,\u00a0mysie nory, suche drewno na opa\u0142, \u017ar\u00f3d\u0142o wody,\u00a0miejsce do ukrycia si\u0119&#8230;<\/p>\n<p style=\"text-align: justify;\">10. Robi\u0107 rzeczy, kt\u00f3rych si\u0119 nigdy specjalnie nie robi\u0142o\u00a0(BEZWZGL\u0118DNIE W ZGODZIE Z NATUR\u0104), a wi\u0119c sp\u0119dzi\u0107<br \/>\n2-3 godziny\u00a0na drzewie (czu\u0107 jego kor\u0119, w\u0142asne ciep\u0142o, chwianie si\u0119 na wietrze),\u00a0da\u0107 sobie spok\u00f3j z l\u0119kiem przed paj\u0105kami i zaprzyja\u017ani\u0107 si\u0119,\u00a0sp\u0119dzi\u0107 noc bez ogniska, ale chodz\u0105c po swoim zak\u0105tku,\u00a0I TYM PODOBNE&#8230;<\/p>\n<p style=\"text-align: justify;\">PRZED WYPADEM NALE\u017bY BEZWZGL\u0118DNIE POWIADOMI\u0106 RODZIN\u0118 O SWOIM NOWYM SZALE\u0143STWIE&#8230;<\/p>\n<p style=\"text-align: justify;\">A potem stopniowo poznawa\u0107 \u015bwiat, czyta\u0107 lektur\u0119 survivalow\u0105, czyta\u0107 o fizjologii i psychologii cz\u0142owieka, robi\u0107 kolejne wypady \u2014\u00a0dalej i na d\u0142u\u017cej&#8230;<\/p>\n<p>Tyle tylko, \u017ce to nie jest \u017caden przepis, ale tylko moja &#8222;wariacja na temat&#8221;.<\/p>\n<hr \/>\n<h2>OD CZEGO ZACZ\u0104\u0106 \u2014\u00a0bez ko\u0144ca<\/h2>\n<p class=\"date\">[30.11.2003]<\/p>\n<p style=\"text-align: justify;\">W 'Ksi\u0119dze Go\u015bci&#8217; pojawi\u0142a si\u0119 pro\u015bba Katarzyny, aby stworzy\u0107 dzia\u0142, w kt\u00f3rym napisz\u0119 jak mo\u017cna stworzy\u0107 grup\u0119 survivalow\u0105, od czego zacz\u0105\u0107, w jakim wieku powinni by\u0107 ludzie i jak zach\u0119ci\u0107 ich do tego sportu.<\/p>\n<p style=\"text-align: justify;\">Zacz\u0105\u0142em tutaj ju\u017c co\u015b takiego robi\u0107 w maju 2003 r.<br \/>\nZawar\u0142em tam par\u0119 filozoficznych oraz praktycznych przemy\u015ble\u0144, ale faktycznie \u2014\u00a0nie wypowiada\u0142em si\u0119 na temat tego, co nurtuje Katarzyn\u0119. Nie mog\u0119 pozby\u0107 si\u0119 my\u015bli, \u017ce takie potrzeby wskazuj\u0105 na brak poczucia wsp\u00f3lnoty, brak poczucia wsp\u00f3\u0142prze\u017cywania&#8230;<\/p>\n<p style=\"text-align: justify;\">Wydaje si\u0119, \u017ce odpowied\u017a jest bardzo prosta:<br \/>\n1. zbierzcie si\u0119 razem w kilka os\u00f3b, kt\u00f3re lubi\u0105 to samo<br \/>\n2. um\u00f3wcie si\u0119 na spacery, wycieczki i wyprawy<br \/>\n3. ponawiajcie spotkania<br \/>\n4. doskonalcie si\u0119 wzajemnie w tym, co robicie dobrego i m\u0105drego&#8230;<\/p>\n<p style=\"text-align: justify;\">&#8230;i wydawa\u0142oby si\u0119, \u017ce jeste\u015bmy po k\u0142opocie.<\/p>\n<p style=\"text-align: justify;\">Pomy\u015bla\u0142em, \u017ce co\u015b si\u0119 zmienia wok\u00f3\u0142 mnie.<br \/>\nWi\u0119kszo\u015b\u0107 znanych mi nastolatk\u00f3w i m\u0142odych ludzi oko\u0142o 20-tki, przy wieczornej herbacie lub przy zimnym piwku, wzdycha\u0142a ci\u0119\u017cko maj\u0105c na my\u015bli swe \u017bYCIE TOWARZYSKIE.\u00a0Zauwa\u017cali krucho\u015b\u0107 zwi\u0105zk\u00f3w. Wszystko obraca\u0142o si\u0119 ko\u0142o zdarze\u0144 rozrywkowych, albo ko\u0142o ma\u0142ych &#8222;interes\u00f3w&#8221;, rozmowy dotyczy\u0142y spraw b\u0142ahych, powierzchownych. Kolegowanie si\u0119 zaczyna\u0142o si\u0119 nag\u0142\u0105 fascynacj\u0105, albo&#8230; przekazaniem z r\u0119ki do r\u0119ki, kolega \u2014\u00a0koledze.<br \/>\nKo\u0144czy\u0142o si\u0119&#8230; wzajemnym zniech\u0119ceniem i odrzuceniem.<\/p>\n<p style=\"text-align: justify;\">Katarzyna chcia\u0142aby poczu\u0107, \u017ce \u017cyje \u2014\u00a0kiedy wejdzie w sprawy survivalu, sprawy wymaga\u0144 od siebie i blisko\u015bci z\u00a0ka\u017cdym kamieniem pod stopami.<\/p>\n<p>Katarzyna chcia\u0142aby poczu\u0107, \u017ce nie \u017cyje sama \u2014\u00a0ka\u017cd\u0105 piosenk\u0119 czarnego kosa mo\u017cna prze\u017cywa\u0107 z kim innym. Tak\u00a0to w\u0142a\u015bnie rozumiem ja, bo tego samego szukam. I wielu szuka w\u0142a\u015bnie tego.<\/p>\n<p style=\"text-align: justify;\">Katarzyno, nie pytaj mnie wi\u0119cej&#8230;<br \/>\nPoznaj\u0119, \u017ce Twoje pytanie zawiera w sobie dojrza\u0142o\u015b\u0107 do tego, \u017ce sama sobie poradzisz. Twoje serce jest ju\u017c do\u00a0tego gotowe, bo do survivalu trzeba serca \u2014\u00a0inni pytaj\u0105 tylko o przedmioty&#8230;<\/p>\n<p style=\"text-align: justify;\">My\u015bl\u0119, \u017ce Twoje pytanie o wsp\u00f3lne zasi\u0119dni\u0119cie do survivalowego ogniska, jak proponowa\u0142 jeden pan, nie jest niemo\u017cliwe. Twoje pytanie o m\u00f3j &#8222;rejon dzia\u0142ania&#8221; i mo\u017cliwo\u015b\u0107 spotkania w Bieszczadach \u2014\u00a0jest odpowiedzi\u0105. Chyba &#8211; wyje\u017cd\u017caj\u0105c na m\u00f3j coroczny ob\u00f3z w Bieszczady \u2014\u00a0dam tu wyra\u017anie zna\u0107.<\/p>\n<p style=\"text-align: justify;\">A na Twoj\u0105 pro\u015bb\u0119 o wskaz\u00f3wki dla pocz\u0105tkuj\u0105cych \u2014\u00a0b\u0119d\u0119 tutaj kontynuowa\u0142&#8230;<\/p>\n<hr \/>\n<h2>OD CZEGO ZACZ\u0104\u0106 \u2014\u00a0wci\u0105\u017c bez ko\u0144ca<\/h2>\n<p class=\"date\">[14.12.2003]<\/p>\n<p style=\"text-align: justify;\">Kasiu Droga \u2014\u00a0zaczynaj\u0105c zabaw\u0119 w survival by\u0107 mo\u017ce zaczyna si\u0119 \u017cy\u0107 pe\u0142n\u0105 dusz\u0105&#8230; Trzeba jednak nie poprzestawa\u0107 na samej zabawie. W\u00a0tym, co\u00a0pisz\u0119, nie ma niczego odkrywczego. Najpierw napotykamy sprawy, kt\u00f3re nas interesuj\u0105 i\u00a0bawi\u0105, potem zauwa\u017camy w nich sens i\u00a0warto\u015b\u0107 szczeg\u00f3ln\u0105.<\/p>\n<p style=\"text-align: justify;\">My\u015bl\u0119, \u017ce pocz\u0105tkowym survivalowym poszukiwaniom sprzyja dzia\u0142anie w grupie. W\u00a0ten spos\u00f3b mo\u017cna podzieli\u0107 si\u0119 zdobywaniem wiedzy oraz (w\u00a0ramach podzia\u0142u funkcji) dzieli\u0107 si\u0119 ni\u0105 w ramach swoich &#8222;specjalizacji&#8221;. Wsp\u00f3lnota pozwala r\u00f3wnie\u017c na tworzenie ciekawych projekt\u00f3w imprez i\u00a0wypraw. Dzi\u0119ki temu \u2014 je\u015bli si\u0119 jest uwa\u017cnym \u2014\u00a0lepiej mo\u017cna ustrzec b\u0142\u0119d\u00f3w.<\/p>\n<p style=\"text-align: justify;\">Nie zapominaj wszak\u017ce, \u017ce czuj\u0105c si\u0119 w grupie nadto bezpiecznie, mo\u017cna grupowo&#8230; sta\u0107\u00a0si\u0119 stadkiem potulnych owieczek wchodz\u0105cych do smoczej jaskini. Mam nadziej\u0119, \u017ce rozumiesz ten problem.<\/p>\n<p style=\"text-align: justify;\">Jak unikn\u0105\u0107 pomy\u0142ek i wpadek? Jak stworzy\u0107 sprawn\u0105 grup\u0119?<br \/>\nZ jednej strony rz\u0105dz\u0105 tu wszystkie regu\u0142y, kt\u00f3re maj\u0105 znaczenie w ka\u017cdej grupie. Grupa ma wi\u0119c wsp\u00f3lny cel, dzieli si\u0119 zadaniami, dba o\u00a0przestrzeganie przyj\u0119tych regu\u0142, wytwarza w\u0142asn\u0105 atmosfer\u0119, w\u0142asn\u0105 tradycj\u0119. Wa\u017cne jest wy\u0142onienie przyw\u00f3dcy-przewodnika. Najwa\u017cniejsze, by by\u0142 to kto\u015b, kto dysponuje \u017cyciow\u0105 m\u0105dro\u015bci\u0105 i\u00a0umiej\u0119tno\u015bciami towarzyskimi. W\u00a0tym ostatnim przypadku nie chodzi bynajmniej o\u00a0tzw. &#8222;dusz\u0119 towarzystwa&#8221;, lecz o kogo\u015b, kto grup\u0119 scala i\u00a0potrafi rozwi\u0105zywa\u0107 konflikty.<\/p>\n<p style=\"text-align: justify;\">Warto pomy\u015ble\u0107 o tym, by wszyscy w grupie mieli mniej wi\u0119cej podobnie zagospodarowany sw\u00f3j czas. Nic wam bowiem nie wyjdzie z najlepszych pomys\u0142\u00f3w, je\u017celi ci\u0105gle nie b\u0119dziecie mogli znale\u017a\u0107 czasu na spotkanie&#8230;<\/p>\n<hr \/>\n<p>[05.04.2016]<\/p>\n<p><span style=\"color: #ff9900;\">Jak wida\u0107 rozpoczynanie mo\u017ce trwa\u0107 i trwa\u0107, a potem przychodzi czas na nieko\u0144cz\u0105ce si\u0119 rozwa\u017cania na temat zaczynania&#8230; by\u0107 mo\u017ce \u2014 od nowa.<\/span><\/p>\n","protected":false},"excerpt":{"rendered":"<p>Jak\u00a0zacz\u0105\u0107? Skradzione z w\u0142asnej strony www.survival.infocentrum.com powsta\u0142ej bodaj\u017ce w 1997 roku [02.05.2003] Od dawna pope\u0142niam grzech, \u017ce nie odpowiadam na to pytanie. A zadawano mi je wiele razy: &#8222;Od czego zacz\u0105\u0107 uprawianie survivalu?&#8221; W\u0142a\u015bciwie sprawa wydaje si\u0119 prosta. Wystarczy powiedzie\u0107: &hellip; <a class=\"more-link\" href=\"http:\/\/www.survival.edu.pl\/wp-index.php\/?page_id=3450\">Czytaj dalej <span class=\"meta-nav\">&rarr;<\/span><\/a><\/p>\n","protected":false},"author":2,"featured_media":0,"parent":1252,"menu_order":2,"comment_status":"closed","ping_status":"closed","template":"","meta":[],"_links":{"self":[{"href":"http:\/\/www.survival.edu.pl\/wp-index.php\/index.php?rest_route=\/wp\/v2\/pages\/3450"}],"collection":[{"href":"http:\/\/www.survival.edu.pl\/wp-index.php\/index.php?rest_route=\/wp\/v2\/pages"}],"about":[{"href":"http:\/\/www.survival.edu.pl\/wp-index.php\/index.php?rest_route=\/wp\/v2\/types\/page"}],"author":[{"embeddable":true,"href":"http:\/\/www.survival.edu.pl\/wp-index.php\/index.php?rest_route=\/wp\/v2\/users\/2"}],"replies":[{"embeddable":true,"href":"http:\/\/www.survival.edu.pl\/wp-index.php\/index.php?rest_route=%2Fwp%2Fv2%2Fcomments&post=3450"}],"version-history":[{"count":98,"href":"http:\/\/www.survival.edu.pl\/wp-index.php\/index.php?rest_route=\/wp\/v2\/pages\/3450\/revisions"}],"predecessor-version":[{"id":7277,"href":"http:\/\/www.survival.edu.pl\/wp-index.php\/index.php?rest_route=\/wp\/v2\/pages\/3450\/revisions\/7277"}],"up":[{"embeddable":true,"href":"http:\/\/www.survival.edu.pl\/wp-index.php\/index.php?rest_route=\/wp\/v2\/pages\/1252"}],"wp:attachment":[{"href":"http:\/\/www.survival.edu.pl\/wp-index.php\/index.php?rest_route=%2Fwp%2Fv2%2Fmedia&parent=3450"}],"curies":[{"name":"wp","href":"https:\/\/api.w.org\/{rel}","templated":true}]}}