{"id":327,"date":"2012-09-27T07:52:52","date_gmt":"2012-09-27T05:52:52","guid":{"rendered":"http:\/\/www.survival.edu.pl\/wp-index.php\/?page_id=327"},"modified":"2020-12-12T22:33:00","modified_gmt":"2020-12-12T20:33:00","slug":"prosze","status":"publish","type":"page","link":"http:\/\/www.survival.edu.pl\/wp-index.php\/?page_id=327","title":{"rendered":"Prosz\u0119&#8230;"},"content":{"rendered":"<h3><span style=\"color: #ff9900;\"><strong>&#8230; zacznij przygod\u0119 z survivalem wcze\u015bnie.<\/strong><\/span><\/h3>\n<ul>\n<li style=\"text-align: justify;\">Najlepiej jeszcze wtedy, kiedy \u015bwiat, w kt\u00f3rym \u017cyjesz, b\u0119dzie jeszcze stanowi\u0142 dla Ciebie tajemnic\u0119.<br \/>\nPotem b\u0119dziesz s\u0105dzi\u0142, \u017ce przenikn\u0105\u0142e\u015b go wystarczaj\u0105co dobrze, by si\u0119 nim wi\u0119cej ju\u017c nie przejmowa\u0107 \u2014\u00a0i\u00a0zrezygnujesz&#8230;<\/li>\n<li style=\"text-align: justify;\">Najlepiej jeszcze wtedy, kiedy zadajesz sobie jeszcze wiele pyta\u0144: dlaczego tak, po co, jak&#8230;?<br \/>\nPotem b\u0119dziesz uwa\u017ca\u0107, \u017ce ju\u017c wszystko rozumiesz \u2014\u00a0i zbyt mocno uwierzysz w siebie.<\/li>\n<li style=\"text-align: justify;\">Najlepiej jeszcze wtedy, kiedy \u015bmiej\u0105 si\u0119 z Ciebie, \u017ce jeste\u015b naiwny.<br \/>\nPotem nie dasz sobie wm\u00f3wi\u0107, \u017ce\u00a0jeste\u015b naiwny \u2014\u00a0ale ju\u017c Ci nikt nie powie tej prawdy i wci\u0105\u017c b\u0119dziesz b\u0142\u0105dzi\u0142 bez pomocy.<\/li>\n<li style=\"text-align: justify;\">Najlepiej jeszcze wtedy, kiedy jeszcze Ci\u0119 ci\u0105gnie przygoda.<br \/>\nPotem b\u0119dziesz ju\u017c znudzony przygodami pokazywanymi w TV, kt\u00f3re prze\u017cyli inni \u2014\u00a0a do swojej w\u0142asnej ju\u017c si\u0119 nie zabierzesz&#8230;<\/li>\n<li style=\"text-align: justify;\">Najlepiej wtedy, kiedy nie zorientowa\u0142e\u015b si\u0119 jeszcze, \u017ce ju\u017c kogo\u015b nienawidzisz.<br \/>\nPotem zajmiesz si\u0119 ju\u017c wy\u0142\u0105cznie swoimi porachunkami ze \u015bwiatem i bli\u017animi.<\/li>\n<\/ul>\n<hr width=\"50%\" \/>\n<p><strong>Je\u015bli masz ochot\u0119<\/strong><strong>\u00a0wiedzie\u0107 o survivalu, z tego, co ja o nim my\u015bl\u0119:<\/strong><\/p>\n<p style=\"text-align: justify;\"><strong><span style=\"color: #ff9900;\"><a href=\"http:\/\/www.survival.edu.pl\/wp-content\/uploads\/Dzia\u0142asz1.jpg\"><img loading=\"lazy\" class=\"wp-image-5817 alignright\" src=\"http:\/\/www.survival.edu.pl\/wp-content\/uploads\/Dzia\u0142asz1.jpg\" alt=\"\" width=\"473\" height=\"277\" \/><\/a>\u017bycie jest survivalem \u2014\u00a0survival jest \u017cyciem.<\/span><\/strong><br \/>\nW survivalu nie ma niczego takiego, czego by cz\u0142owiek nie robi\u0142 w ramach swej gatunkowej historii na tej planecie. Zmieniaj\u0105 si\u0119 tylko narz\u0119dzia i przypisane im techniki. Survival jest mozoln\u0105 pr\u00f3b\u0105 przetrwania, ale\u00a0w\u00a0sprzyjaj\u0105cych warunkach mamy wra\u017cenie, \u017ce wszy\u015bciutko jest takie normalne i oczywiste.<\/p>\n<p style=\"text-align: justify;\">Kiedy warunki nie s\u0105 sprzyjaj\u0105ce \u2014\u00a0odczuwasz to jako trud.<br \/>\n<span style=\"color: #ffffff;\"><strong>Ale odczucie trudu jest tylko kontrastem i to wy\u0142\u0105cznie w zestawieniu z tym, co dot\u0105d by\u0142o dla Ciebie sprzyjaj\u0105cymi warunkami.\u00a0<\/strong><\/span>Wszystko to, czego si\u0119 nauczy\u0142e\u015b,\u00a0co ju\u017c znasz,\u00a0z czym si\u0119 oswoi\u0142e\u015b i jest Twoj\u0105 codzienno\u015bci\u0105 \u2014 nie dziwi Ci\u0119 ani nie szokuje. Nawet je\u015bli pope\u0142niasz jakie\u015b b\u0142\u0119dy, to jedynie dlatego, \u017ce si\u0119 zamy\u015bli\u0142e\u015b&#8230; :)<\/p>\n<ul style=\"text-align: justify;\">\n<li><span style=\"color: #ff9900;\">Je\u015bli urodzi\u0142e\u015b si\u0119 w mie\u015bcie<\/span>, trudem jest dla Ciebie r\u0105banie drewna, zw\u0142aszcza wi\u0119kszej ilo\u015bci. Trudem jest wi\u0119c wcze\u015bniejsze \u0142a\u017cenie po lesie i gromadzenie tego drewna. Cz\u0119sto zbierasz tyle, a\u017c zobaczysz g\u00f3rk\u0119 \u015bwiadcz\u0105c\u0105 o tym, \u017ce si\u0119 <span style=\"color: #ffffff;\"><strong>bardzo<\/strong><\/span> napracowa\u0142e\u015b. Zwykle wystarcza to z trudem na wieczorne ognisko i zn\u00f3w musisz \u0142azi\u0107 po\u00a0ciemku i wyszukiwa\u0107 czego\u015b na opa\u0142&#8230;<\/li>\n<li><span style=\"color: #ff9900;\">Je\u015bli urodzi\u0142e\u015b si\u0119 na wsi<\/span>, zbieranie drewna i jego r\u0105banie nie jest \u017cadnym trudem. Robisz to od zawsze. Nawet czujesz satysfakcj\u0119, jak sobie troch\u0119 toporkiem pomachasz. A\u017c Ci si\u0119 oczy \u015bmiej\u0105&#8230; Wiesz za to, \u017ce \u2014 je\u015bli nie bywa\u0142e\u015b w du\u017cym mie\u015bcie \u2014 napotkasz sporo problem\u00f3w, nawet jak skasowa\u0107 bilet w tramwaju&#8230;<\/li>\n<li><span style=\"color: #ff9900;\">Je\u015bli jeste\u015b bezdomnym<\/span>, cieszysz si\u0119, \u017ce znalaz\u0142e\u015b sobie schronienie, \u017ce na\u015bci\u0105ga\u0142e\u015b drewna i \u017ce Ci\u0119 tu nikt nie\u00a0znajdzie. Widz\u0105c wiejskiego ch\u0142opaka, jak r\u0105bie drewno, my\u015blisz, \u017ce on sobie potem wejdzie do cha\u0142upy i\u00a0naleje kubas zimnego mleka, kt\u00f3re \u015bwietnie smakuje po takiej robocie. Ty nie masz na to czasu \u2014\u00a0we\u017amiesz si\u0119 za uszczelnianie tego, co nazywasz \u015bcianami i dachem, chocia\u017c to nie jest dom (ostatniej nocy by\u0142o Ci zimno i\u00a0ciek\u0142o po bokach). A potem ruszysz, by znale\u017a\u0107 co\u015b, co da troch\u0119 si\u0142y Twemu cia\u0142u&#8230;<\/li>\n<\/ul>\n<p style=\"text-align: justify;\"><span style=\"color: #ffff99;\"><strong><span style=\"color: #ff9900;\">Je\u015bli jeste\u015b Dzieckiem Miasta<\/span> \u2014<\/strong><\/span><strong>\u00a0twardym survivalem dla Ciebie ju\u017c jest to, co robi ch\u0142opak ze wsi, a \u017cycie bezdomnego nazywasz <\/strong><strong><em>&#8222;hardkorem&#8221;<\/em>. <\/strong>Nazwijmy sobie to jednak nie <em>&#8222;survivalem&#8221;<\/em>, ale trudem, kt\u00f3ry uzna\u0142e\u015b za survival. S\u0105 tacy, kt\u00f3rzy powiedz\u0105 Ci, \u017ce to tylko zabawa, a survival jest wtedy, kiedy \u017cycie przestanie Ci\u0119 pie\u015bci\u0107 i <span style=\"color: #ffffff;\"><strong>tylko kopa\u0107 w dup\u0119<\/strong><\/span>, ale zacznie Ci\u0119 powa\u017cnie poniewiera\u0107. Ty im nie wierz. Oni tak gadaj\u0105 tylko po to, aby\u015b Ty s\u0105dzi\u0142, \u017ce nie znasz \u017cycia. \u017beby\u015b s\u0105dzi\u0142, \u017ce w swoim \u017cyciu jeszcze nie jeste\u015b zwyci\u0119zc\u0105, a\u00a0oni \u2014\u00a0ju\u017c tak.<\/p>\n<p style=\"text-align: justify;\"><span style=\"color: #ff9900;\"><strong>Je\u015bli jeste\u015b Dzieckiem Wsi<\/strong><\/span><strong>\u00a0\u2014 twardym survivalem dla Ciebie jes<\/strong><strong>t to, co robi ch\u0142opak z miasta, a \u017cycie w\u015br\u00f3d zgie\u0142ku, po\u015bpiechu, za\u0142atwiania spraw urz\u0119dowych, regu\u0142 ulicy nazwiesz &#8222;hardkorem&#8221;.<\/strong><\/p>\n<p style=\"text-align: justify;\"><span style=\"color: #ffff99;\"><strong><span style=\"color: #ff9900;\">Je\u015bli masz DOM<\/span> \u2014<\/strong><\/span><strong>\u00a0twardym survivalem dla Ciebie b\u0119dzie fakt utraty domu i jego zasob\u00f3w, cho\u0107by na jaki\u015b czas<\/strong><strong>. Je\u015bli\u00a0jeste\u015b typowym prepersem, to naprawd\u0119 masz co traci\u0107, nawet si\u0119 nie spodziewasz&#8230;<br \/>\n<\/strong><\/p>\n<p style=\"text-align: justify;\">Bo ten nasz survival w obecnych czasach nie jest tym, <strong><span style=\"color: #ffffff;\">&#8222;czego ty szcz\u0119\u015bciarzu nigdy nie poznasz i dzi\u0119ki Bogu&#8221;<\/span><\/strong><span style=\"color: #ffffff;\">,<\/span> tylko tym, za co Ty we\u017amiesz si\u0119 \u015bwiadomie i b\u0119dziesz rozumia\u0142 dlaczego to robisz, jak robisz, i czy to jest faktycznie orygina\u0142, a nie tandetna podr\u00f3ba.<\/p>\n","protected":false},"excerpt":{"rendered":"<p>&#8230; zacznij przygod\u0119 z survivalem wcze\u015bnie. Najlepiej jeszcze wtedy, kiedy \u015bwiat, w kt\u00f3rym \u017cyjesz, b\u0119dzie jeszcze stanowi\u0142 dla Ciebie tajemnic\u0119. Potem b\u0119dziesz s\u0105dzi\u0142, \u017ce przenikn\u0105\u0142e\u015b go wystarczaj\u0105co dobrze, by si\u0119 nim wi\u0119cej ju\u017c nie przejmowa\u0107 \u2014\u00a0i\u00a0zrezygnujesz&#8230; Najlepiej jeszcze wtedy, kiedy &hellip; <a class=\"more-link\" href=\"http:\/\/www.survival.edu.pl\/wp-index.php\/?page_id=327\">Czytaj dalej <span class=\"meta-nav\">&rarr;<\/span><\/a><\/p>\n","protected":false},"author":2,"featured_media":0,"parent":1252,"menu_order":1,"comment_status":"closed","ping_status":"closed","template":"","meta":[],"_links":{"self":[{"href":"http:\/\/www.survival.edu.pl\/wp-index.php\/index.php?rest_route=\/wp\/v2\/pages\/327"}],"collection":[{"href":"http:\/\/www.survival.edu.pl\/wp-index.php\/index.php?rest_route=\/wp\/v2\/pages"}],"about":[{"href":"http:\/\/www.survival.edu.pl\/wp-index.php\/index.php?rest_route=\/wp\/v2\/types\/page"}],"author":[{"embeddable":true,"href":"http:\/\/www.survival.edu.pl\/wp-index.php\/index.php?rest_route=\/wp\/v2\/users\/2"}],"replies":[{"embeddable":true,"href":"http:\/\/www.survival.edu.pl\/wp-index.php\/index.php?rest_route=%2Fwp%2Fv2%2Fcomments&post=327"}],"version-history":[{"count":100,"href":"http:\/\/www.survival.edu.pl\/wp-index.php\/index.php?rest_route=\/wp\/v2\/pages\/327\/revisions"}],"predecessor-version":[{"id":7667,"href":"http:\/\/www.survival.edu.pl\/wp-index.php\/index.php?rest_route=\/wp\/v2\/pages\/327\/revisions\/7667"}],"up":[{"embeddable":true,"href":"http:\/\/www.survival.edu.pl\/wp-index.php\/index.php?rest_route=\/wp\/v2\/pages\/1252"}],"wp:attachment":[{"href":"http:\/\/www.survival.edu.pl\/wp-index.php\/index.php?rest_route=%2Fwp%2Fv2%2Fmedia&parent=327"}],"curies":[{"name":"wp","href":"https:\/\/api.w.org\/{rel}","templated":true}]}}