{"id":3027,"date":"2016-01-06T14:15:31","date_gmt":"2016-01-06T12:15:31","guid":{"rendered":"http:\/\/www.survival.edu.pl\/wp-index.php\/?page_id=3027"},"modified":"2018-02-26T16:08:22","modified_gmt":"2018-02-26T14:08:22","slug":"priorytety","status":"publish","type":"page","link":"http:\/\/www.survival.edu.pl\/wp-index.php\/?page_id=3027","title":{"rendered":"Priorytety"},"content":{"rendered":"<p style=\"text-align: justify;\">Siedzimy sobie w domu, jest jesie\u0144 \u2014\u00a0ta nasza, z\u0142ota polska \u2014 i w wyobra\u017ani kreujemy sobie survivalowy wypad, kiedy przyjdzie\u00a0ta chwila, \u017ce swobodnie b\u0119dziemy dysponowa\u0107 wolnym czasem, by zrealizowa\u0107 wszystkie pi\u0119kne marzenia. Wiem, \u017ce poprzednie zdanie jest przyd\u0142ugie, ale to robi atmosfer\u0119&#8230;<\/p>\n<p style=\"text-align: justify;\">Sytuacja tak nas nakr\u0119ca, \u017ce a\u017c wyci\u0105gamy mapy, robimy przegl\u0105d naszych but\u00f3w, no\u017cy, latarek, a\u017c na koniec dysponujemy fantastycznym pomys\u0142em. Wyci\u0105gamy notesik i d\u0142ugopis. Powstaje pi\u0119kny, szalony plan!<\/p>\n<p style=\"text-align: justify;\">Prawda, jak lubimy te momenty?<\/p>\n<hr width=\"50%\" \/>\n<p style=\"text-align: justify;\">Zima okazuje si\u0119 tym pierwszym momentem pasuj\u0105cym do wyrwania si\u0119 na wolno\u015b\u0107. Cudownie, bo kochamy Prawdziw\u0105 Zim\u0119. \u015anieg, mr\u00f3z, utrudniony ruch pojazd\u00f3w, ludzie uwi\u0119zieni w domach przez swoje uzale\u017cnienie od kaloryfer\u00f3w&#8230; A my wtedy w\u0142a\u015bnie ruszamy!<\/p>\n<p style=\"text-align: justify;\">Pocz\u0105tek \u2014 rewelacyjny! Mo\u017ce nie do ko\u0144ca, bo trzy osoby g\u0142osi\u0142y, \u017ce si\u0119 wsp\u00f3lnie wybior\u0105 z nami, ale nie mog\u0142y, za to s\u0105 dwie inne osoby. I jest \u015bwietnie!<\/p>\n<p style=\"text-align: justify;\">Znikamy w zimowych, le\u015bnych czelu\u015bciach. Brniemy pod g\u00f3r\u0119, zachwycamy si\u0119 widokiem na odleg\u0142e doliny, gdzie wida\u0107 pojedyncze \u015bwiate\u0142ka cha\u0142up. Tam, jest im cieplutko&#8230;<\/p>\n<p style=\"text-align: justify;\">I wtedy przychodzi TEN moment&#8230;<\/p>\n<p style=\"text-align: justify;\"><span style=\"color: #ff9900;\">Kiedy siedzieli\u015bmy w oparach marze\u0144, powsta\u0142 cudowny plan<\/span>. Nikt nie zaprzeczy. Ale wtedy patrzeli\u015bmy na z\u0142oto-czerwone kolory za oknem, by\u0142o ciep\u0142o i mi\u0142o. Nawet si\u0119 w\u00f3wczas nie my\u015bli, \u017ce same okoliczno\u015bci powstawania plan\u00f3w umoczone s\u0105 w innych uwarunkowaniach wirtualnych, a to ma wp\u0142yw na procesy. Nawet wtedy, kiedy ju\u017c wiele razy byli\u015bmy zim\u0105 w g\u00f3rach. Ale \u017caden raz nie jest takim\u00a0samym razem, co poprzednie razy&#8230;<\/p>\n<p style=\"text-align: justify;\">Nie szukajmy zbyt d\u0142ugo i zbyt szczeg\u00f3\u0142owo: dwie osoby, kt\u00f3re nie mog\u0142y wybra\u0107 si\u0119 z nami, mia\u0142y za zadanie ogarn\u0105\u0107 kilka spraw. Nikt o tym nie pami\u0119ta\u0142 \u2014 sprawy pozosta\u0142y nieogarni\u0119te.<\/p>\n<hr width=\"50%\" \/>\n<p style=\"text-align: justify;\">Podstaw\u0105 survivalowego my\u015blenia jest spostrze\u017cenie, \u017ce rzeczywisto\u015b\u0107 podlega ci\u0105g\u0142ym przemianom. To one w\u0142a\u015bnie mog\u0105 wp\u0142yn\u0105\u0107 na zmian\u0119 uwarunkowa\u0144 na tyle gwa\u0142town\u0105 lub du\u017c\u0105, \u017ce w efekcie\u00a0<span style=\"color: #ff9900;\">nasz organizm zmienia priorytety<\/span>. Je\u015bli wcze\u015bniej po\u017c\u0105da\u0142 pokarmu, to obecnie zapragnie odpoczynku, ciep\u0142a albo wody. Uparte trwanie przy owym wcze\u015bniej powsta\u0142ym pragnieniu \u2014 bo niby przecie\u017c jeste\u015bmy konsekwentni \u2014 mo\u017ce si\u0119 sko\u0144czy\u0107 nasz\u0105 przegran\u0105. Powstan\u0105 liczne <span style=\"color: #ff9900;\">deficyty<\/span>, kt\u00f3rych moc szkodz\u0105ca mo\u017ce nam nawet nie pozwoli\u0107 na skuteczne dzia\u0142anie samoratownicze.<\/p>\n","protected":false},"excerpt":{"rendered":"<p>Siedzimy sobie w domu, jest jesie\u0144 \u2014\u00a0ta nasza, z\u0142ota polska \u2014 i w wyobra\u017ani kreujemy sobie survivalowy wypad, kiedy przyjdzie\u00a0ta chwila, \u017ce swobodnie b\u0119dziemy dysponowa\u0107 wolnym czasem, by zrealizowa\u0107 wszystkie pi\u0119kne marzenia. Wiem, \u017ce poprzednie zdanie jest przyd\u0142ugie, ale to &hellip; <a class=\"more-link\" href=\"http:\/\/www.survival.edu.pl\/wp-index.php\/?page_id=3027\">Czytaj dalej <span class=\"meta-nav\">&rarr;<\/span><\/a><\/p>\n","protected":false},"author":2,"featured_media":0,"parent":3012,"menu_order":10,"comment_status":"closed","ping_status":"closed","template":"","meta":[],"_links":{"self":[{"href":"http:\/\/www.survival.edu.pl\/wp-index.php\/index.php?rest_route=\/wp\/v2\/pages\/3027"}],"collection":[{"href":"http:\/\/www.survival.edu.pl\/wp-index.php\/index.php?rest_route=\/wp\/v2\/pages"}],"about":[{"href":"http:\/\/www.survival.edu.pl\/wp-index.php\/index.php?rest_route=\/wp\/v2\/types\/page"}],"author":[{"embeddable":true,"href":"http:\/\/www.survival.edu.pl\/wp-index.php\/index.php?rest_route=\/wp\/v2\/users\/2"}],"replies":[{"embeddable":true,"href":"http:\/\/www.survival.edu.pl\/wp-index.php\/index.php?rest_route=%2Fwp%2Fv2%2Fcomments&post=3027"}],"version-history":[{"count":13,"href":"http:\/\/www.survival.edu.pl\/wp-index.php\/index.php?rest_route=\/wp\/v2\/pages\/3027\/revisions"}],"predecessor-version":[{"id":6553,"href":"http:\/\/www.survival.edu.pl\/wp-index.php\/index.php?rest_route=\/wp\/v2\/pages\/3027\/revisions\/6553"}],"up":[{"embeddable":true,"href":"http:\/\/www.survival.edu.pl\/wp-index.php\/index.php?rest_route=\/wp\/v2\/pages\/3012"}],"wp:attachment":[{"href":"http:\/\/www.survival.edu.pl\/wp-index.php\/index.php?rest_route=%2Fwp%2Fv2%2Fmedia&parent=3027"}],"curies":[{"name":"wp","href":"https:\/\/api.w.org\/{rel}","templated":true}]}}