{"id":282,"date":"2012-09-26T23:08:21","date_gmt":"2012-09-26T21:08:21","guid":{"rendered":"http:\/\/www.survival.edu.pl\/wp-index.php\/?page_id=282"},"modified":"2017-10-09T15:39:13","modified_gmt":"2017-10-09T13:39:13","slug":"narzedzie-osobotworcze","status":"publish","type":"page","link":"http:\/\/www.survival.edu.pl\/wp-index.php\/?page_id=282","title":{"rendered":"Narz\u0119dzie osobotw\u00f3rcze"},"content":{"rendered":"<p style=\"text-align: justify;\">Coraz mocniej dociera do powszechnej \u015bwiadomo\u015bci, \u017ce survival jest doskona\u0142ym narz\u0119dziem wspieraj\u0105cym wychowanie (tak\u017ce resocjalizacyjne), terapi\u0119 oraz og\u00f3lnie uj\u0119ty samorozw\u00f3j. Je\u017celi kto\u015b tego nie wie, to jedynie dlatego, \u017ce nie wie czym survival jest, albo nie zastanowi\u0142 si\u0119. Zw\u0142aszcza, \u017ce wielu dzia\u0142a w \u017cyciu dok\u0142adnie tak, jakby im kto\u015b po prostu rzuci\u0142 pi\u0142k\u0119 i poszed\u0142 sobie, oboj\u0119tny co i po co&#8230;<\/p>\n<p style=\"text-align: justify;\">Mo\u017ce dlatego, \u017ce wnioski na temat zale\u017cno\u015bci cz\u0142owiek-natura, \u017cyciowych obowi\u0105zk\u00f3w, warto\u015bciowania oraz sensu \u017cycia wynikaj\u0105 wprost z\u00a0samego istnienia i s\u0105 niezwykle zrozumia\u0142e. Mo\u017ce tak\u017ce z tego, \u017ce <span style=\"color: #ff9900;\">metod\u0105 survivalow\u0105 jest dociekanie \u017cyciowych prawd samodzielnie i\u00a0dobrowolnie, bez ludzkiego zwierzchnictwa, ale na pewno z ludzk\u0105 pomoc\u0105&#8230;<\/span><\/p>\n<p style=\"text-align: justify;\">Mo\u017ce jedynie dziwi\u0107, \u017ce s\u0105 ludzie usi\u0142uj\u0105cy w survivalu szuka\u0107 w\u0142asnej przewagi nad innymi, rz\u0105dzenia nimi i\u00a0zmuszania do ekstremalnych pr\u00f3b przekraczania w\u0142asnych granic. Bo pi\u0142k\u0119 mo\u017cna rzuca\u0107, kopa\u0107, odbija\u0107 o\u00a0\u015bcian\u0119, ale te\u017c stworzy\u0107 regu\u0142y jakiej\u015b gry. Ale&#8230; mo\u017cna j\u0105 sobie zwyczajnie wzajemnie wyrywa\u0107&#8230;<\/p>\n<p style=\"text-align: justify;\">Do przekraczania w\u0142asnych granic\u00a0ka\u017cdy ma w\u0142asn\u0105 drog\u0119, niekoniecznie pe\u0142n\u0105\u00a0ekstremalizm\u00f3w.<\/p>\n","protected":false},"excerpt":{"rendered":"<p>Coraz mocniej dociera do powszechnej \u015bwiadomo\u015bci, \u017ce survival jest doskona\u0142ym narz\u0119dziem wspieraj\u0105cym wychowanie (tak\u017ce resocjalizacyjne), terapi\u0119 oraz og\u00f3lnie uj\u0119ty samorozw\u00f3j. Je\u017celi kto\u015b tego nie wie, to jedynie dlatego, \u017ce nie wie czym survival jest, albo nie zastanowi\u0142 si\u0119. Zw\u0142aszcza, \u017ce &hellip; <a class=\"more-link\" href=\"http:\/\/www.survival.edu.pl\/wp-index.php\/?page_id=282\">Czytaj dalej <span class=\"meta-nav\">&rarr;<\/span><\/a><\/p>\n","protected":false},"author":2,"featured_media":0,"parent":7,"menu_order":30,"comment_status":"closed","ping_status":"closed","template":"","meta":[],"_links":{"self":[{"href":"http:\/\/www.survival.edu.pl\/wp-index.php\/index.php?rest_route=\/wp\/v2\/pages\/282"}],"collection":[{"href":"http:\/\/www.survival.edu.pl\/wp-index.php\/index.php?rest_route=\/wp\/v2\/pages"}],"about":[{"href":"http:\/\/www.survival.edu.pl\/wp-index.php\/index.php?rest_route=\/wp\/v2\/types\/page"}],"author":[{"embeddable":true,"href":"http:\/\/www.survival.edu.pl\/wp-index.php\/index.php?rest_route=\/wp\/v2\/users\/2"}],"replies":[{"embeddable":true,"href":"http:\/\/www.survival.edu.pl\/wp-index.php\/index.php?rest_route=%2Fwp%2Fv2%2Fcomments&post=282"}],"version-history":[{"count":20,"href":"http:\/\/www.survival.edu.pl\/wp-index.php\/index.php?rest_route=\/wp\/v2\/pages\/282\/revisions"}],"predecessor-version":[{"id":6018,"href":"http:\/\/www.survival.edu.pl\/wp-index.php\/index.php?rest_route=\/wp\/v2\/pages\/282\/revisions\/6018"}],"up":[{"embeddable":true,"href":"http:\/\/www.survival.edu.pl\/wp-index.php\/index.php?rest_route=\/wp\/v2\/pages\/7"}],"wp:attachment":[{"href":"http:\/\/www.survival.edu.pl\/wp-index.php\/index.php?rest_route=%2Fwp%2Fv2%2Fmedia&parent=282"}],"curies":[{"name":"wp","href":"https:\/\/api.w.org\/{rel}","templated":true}]}}