{"id":2641,"date":"2015-12-09T21:55:28","date_gmt":"2015-12-09T19:55:28","guid":{"rendered":"http:\/\/www.survival.edu.pl\/wp-index.php\/?page_id=2641"},"modified":"2019-07-04T10:34:14","modified_gmt":"2019-07-04T08:34:14","slug":"myslenie-potoczne","status":"publish","type":"page","link":"http:\/\/www.survival.edu.pl\/wp-index.php\/?page_id=2641","title":{"rendered":"My\u015blenie potoczne"},"content":{"rendered":"<p style=\"text-align: justify;\">Ono <span style=\"color: #ff9900;\"><strong>bywa<\/strong><\/span>\u00a0survivalowe. Na jakiej zasadzie? Na zasadzie odruchu, kiedy zaczyna by\u0107 \u017ale (ale przez zaskoczenie, a\u00a0nie chronicznie&#8230;) Na co dzie\u0144 ono jest&#8230; no&#8230; potoczne, pospolite, <em>vulgaris<\/em>.<\/p>\n<p>To my\u015blenie najbardziej pasuje do poj\u0119\u0107:<\/p>\n<ul>\n<li><span style=\"color: #ffffff;\">my\u015blenie schematyczne, stereotypowe<\/span><\/li>\n<li><span style=\"color: #ffffff;\">my\u015blenie oportunistyczne *)<\/span><\/li>\n<li><span style=\"color: #ffffff;\">my\u015blenie bezrefleksyjne<\/span><\/li>\n<li><span style=\"color: #ffffff;\">my\u015blenie sali pe\u0142nej pracownik\u00f3w, kiedy ich naczelny\u00a0dyrektor o pyta o samopoczucie oraz o zadowolenie z\u00a0pracy czy wynagrodzenia<\/span><\/li>\n<\/ul>\n<p style=\"text-align: justify;\">Ten rodzaj my\u015blenia powinien by\u0107 jak najbardziej rozpoznawany, rozumiany i nadaj\u0105cy si\u0119 do u\u017cycia w razie potrzeby przez\u00a0ka\u017cdego cz\u0142owieka survivalu. Tego rodzaju my\u015blenia cz\u0142owiek survivalu powinien u\u017cywa\u0107 mo\u017cliwie najmniej.<\/p>\n<pre>*) Oportunizm absolutnie nie powinien kojarzy\u0107 z uporem czy oporem. Oportunista to cz\u0142owiek, kt\u00f3ry nie ma w\u0142asnego zdania i je\u015bli si\u0119 wcze\u015bniej zgodzi\u0142, \u017ce co\u015b lubi, to za chwil\u0119 przyzna komu\u015b innemu, \u017ce nie lubi. Zawsze zrobi to, co wi\u0119kszo\u015b\u0107. To \"chor\u0105giewka na wietrze\".<\/pre>\n","protected":false},"excerpt":{"rendered":"<p>Ono bywa\u00a0survivalowe. Na jakiej zasadzie? Na zasadzie odruchu, kiedy zaczyna by\u0107 \u017ale (ale przez zaskoczenie, a\u00a0nie chronicznie&#8230;) Na co dzie\u0144 ono jest&#8230; no&#8230; potoczne, pospolite, vulgaris. To my\u015blenie najbardziej pasuje do poj\u0119\u0107: my\u015blenie schematyczne, stereotypowe my\u015blenie oportunistyczne *) my\u015blenie bezrefleksyjne &hellip; <a class=\"more-link\" href=\"http:\/\/www.survival.edu.pl\/wp-index.php\/?page_id=2641\">Czytaj dalej <span class=\"meta-nav\">&rarr;<\/span><\/a><\/p>\n","protected":false},"author":2,"featured_media":0,"parent":185,"menu_order":20,"comment_status":"closed","ping_status":"closed","template":"","meta":[],"_links":{"self":[{"href":"http:\/\/www.survival.edu.pl\/wp-index.php\/index.php?rest_route=\/wp\/v2\/pages\/2641"}],"collection":[{"href":"http:\/\/www.survival.edu.pl\/wp-index.php\/index.php?rest_route=\/wp\/v2\/pages"}],"about":[{"href":"http:\/\/www.survival.edu.pl\/wp-index.php\/index.php?rest_route=\/wp\/v2\/types\/page"}],"author":[{"embeddable":true,"href":"http:\/\/www.survival.edu.pl\/wp-index.php\/index.php?rest_route=\/wp\/v2\/users\/2"}],"replies":[{"embeddable":true,"href":"http:\/\/www.survival.edu.pl\/wp-index.php\/index.php?rest_route=%2Fwp%2Fv2%2Fcomments&post=2641"}],"version-history":[{"count":10,"href":"http:\/\/www.survival.edu.pl\/wp-index.php\/index.php?rest_route=\/wp\/v2\/pages\/2641\/revisions"}],"predecessor-version":[{"id":7427,"href":"http:\/\/www.survival.edu.pl\/wp-index.php\/index.php?rest_route=\/wp\/v2\/pages\/2641\/revisions\/7427"}],"up":[{"embeddable":true,"href":"http:\/\/www.survival.edu.pl\/wp-index.php\/index.php?rest_route=\/wp\/v2\/pages\/185"}],"wp:attachment":[{"href":"http:\/\/www.survival.edu.pl\/wp-index.php\/index.php?rest_route=%2Fwp%2Fv2%2Fmedia&parent=2641"}],"curies":[{"name":"wp","href":"https:\/\/api.w.org\/{rel}","templated":true}]}}