{"id":2461,"date":"2015-11-27T01:17:09","date_gmt":"2015-11-26T23:17:09","guid":{"rendered":"http:\/\/www.survival.edu.pl\/wp-index.php\/?page_id=2461"},"modified":"2019-08-31T08:17:25","modified_gmt":"2019-08-31T06:17:25","slug":"moje-artykuly","status":"publish","type":"page","link":"http:\/\/www.survival.edu.pl\/wp-index.php\/?page_id=2461","title":{"rendered":"Artyku\u0142y"},"content":{"rendered":"<h3><span style=\"color: #ff6600;\">Artyku\u0142y, kt\u00f3re &#8222;mi si\u0119 napisa\u0142y&#8221;, a tak\u017ce kilka, kt\u00f3re napisano dla mnie\/o mnie<\/span><\/h3>\n<p><em>Do przeczytania\u00a0w postaci pdf \u2014\u00a0klikaj tytu\u0142y!<\/em><\/p>\n<p><img loading=\"lazy\" class=\"size-full wp-image-2798 aligncenter\" src=\"http:\/\/www.survival.edu.pl\/wp-content\/uploads\/poranek-3.jpg\" alt=\"poranek 3\" width=\"4752\" height=\"3168\" srcset=\"http:\/\/www.survival.edu.pl\/wp-content\/uploads\/poranek-3.jpg 4752w, http:\/\/www.survival.edu.pl\/wp-content\/uploads\/poranek-3-300x200.jpg 300w, http:\/\/www.survival.edu.pl\/wp-content\/uploads\/poranek-3-768x512.jpg 768w, http:\/\/www.survival.edu.pl\/wp-content\/uploads\/poranek-3-1024x683.jpg 1024w, http:\/\/www.survival.edu.pl\/wp-content\/uploads\/poranek-3-450x300.jpg 450w\" sizes=\"(max-width: 4752px) 100vw, 4752px\" \/><\/p>\n<p><strong>Sztuka przetrwania:<\/strong><\/p>\n<p><span style=\"color: #808000;\"><a style=\"color: #808000;\" href=\"http:\/\/www.survival.edu.pl\/wp-content\/uploads\/Sztuka-przetrwania-\u2013-modus-vivendi.pdf\" target=\"_blank\" rel=\"noopener noreferrer\">Sztuka przetrwania \u2014\u00a0modus vivendi<br \/>\n<\/a><\/span><span style=\"color: #808000;\"><a style=\"color: #808000;\" href=\"http:\/\/www.survival.edu.pl\/wp-content\/uploads\/Zapoznane-wp\u0142ywy-natury-WSHE.pdf\" target=\"_blank\" rel=\"noopener noreferrer\">Zapoznane wp\u0142ywy natury<br \/>\n<\/a><\/span><span style=\"color: #808000;\"><a style=\"color: #808000;\" href=\"http:\/\/www.survival.edu.pl\/wp-content\/uploads\/Szerokie-horyzonty-survivalu.pdf\" target=\"_blank\" rel=\"noopener noreferrer\">Szerokie horyzonty survivalu<br \/>\n<\/a><\/span><span style=\"color: #808000;\"><a style=\"color: #808000;\" href=\"http:\/\/www.survival.edu.pl\/wp-content\/uploads\/UnivSlaski-Cz\u0142owiek-przetrwanie-i-g\u00f3ry\u2026.pdf\">Cz\u0142owiek, przetrwanie i g\u00f3ry<br \/>\n<\/a><\/span><span style=\"color: #808000;\"><a style=\"color: #808000;\" href=\"http:\/\/www.survival.edu.pl\/wp-content\/uploads\/Survival-zdzicza\u0142y-S\u0142owo-do-ksi\u0105\u017cki.pdf\" target=\"_blank\" rel=\"noopener noreferrer\">Survival zdzicza\u0142y \u2014\u00a0s\u0142owo do ksi\u0105\u017cki prof. Nalaskowskiego<br \/>\n<\/a><\/span><span style=\"color: #808000;\"><a style=\"color: #808000;\" href=\"http:\/\/www.survival.edu.pl\/wp-content\/uploads\/Przygoda-survivalu-Epikur.pdf\" target=\"_blank\" rel=\"noopener noreferrer\">Przygoda survivalu<br \/>\n<\/a><\/span><span style=\"color: #808000;\"><a style=\"color: #808000;\" href=\"http:\/\/www.survival.edu.pl\/wp-content\/uploads\/Survival-OGIEN-2014-1.pdf\" target=\"_blank\" rel=\"noopener noreferrer\">Survival \u2014\u00a0o<\/a>gie\u0144<\/span><\/p>\n<p><strong>Pedagogika:<\/strong><\/p>\n<p><span style=\"color: #808000;\"><a style=\"color: #808000;\" href=\"http:\/\/www.survival.edu.pl\/wp-content\/uploads\/KOMPOZYCJA.pdf\" target=\"_blank\" rel=\"noopener noreferrer\">Kompozycja<br \/>\n<\/a><\/span><span style=\"color: #808000;\"><a style=\"color: #808000;\" href=\"http:\/\/www.survival.edu.pl\/wp-content\/uploads\/Musz\u0119-by\u0107-JA-i-musisz-by\u0107-TY.pdf\" target=\"_blank\" rel=\"noopener noreferrer\">Musz\u0119 by\u0107 JA i musisz by\u0107 TY<br \/>\n<\/a><\/span><span style=\"color: #808000;\"><a style=\"color: #808000;\" href=\"http:\/\/www.survival.edu.pl\/wp-content\/uploads\/System-reso-Pol_Am.pdf\" target=\"_blank\" rel=\"noopener noreferrer\">System resocjalizacyjny polskimi oczami<br \/>\n<\/a><\/span><span style=\"color: #808000;\"><a style=\"color: #808000;\" href=\"http:\/\/www.survival.edu.pl\/wp-content\/uploads\/ART-Tak-sie-dzieje.pdf\" target=\"_blank\" rel=\"noopener noreferrer\">Tak si\u0119 dzieje<br \/>\n<\/a><\/span><span style=\"color: #808000;\"><a style=\"color: #808000;\" href=\"http:\/\/www.survival.edu.pl\/wp-content\/uploads\/Resocjalizacja-nieletnich-orka-na-ugorze.pdf\" target=\"_blank\" rel=\"noopener noreferrer\">Resocjalizacja nieletnich \u2014\u00a0orka na ugorze<br \/>\n<\/a><\/span><span style=\"color: #808000;\"><a style=\"color: #808000;\" href=\"http:\/\/www.survival.edu.pl\/wp-content\/uploads\/ART-RES.pdf\" target=\"_blank\" rel=\"noopener noreferrer\">Resocjalizacja<br \/>\n<\/a><\/span><span style=\"color: #808000;\"><a style=\"color: #808000;\" href=\"http:\/\/www.survival.edu.pl\/wp-content\/uploads\/Obok-agresji.pdf\" target=\"_blank\" rel=\"noopener noreferrer\">Obok agresji<br \/>\n<\/a><\/span><span style=\"color: #808000;\"><a style=\"color: #808000;\" href=\"http:\/\/www.survival.edu.pl\/wp-content\/uploads\/Przymus-bezposredni.pdf\" target=\"_blank\" rel=\"noopener noreferrer\">Przymus bezpo\u015bredni<\/a><\/span><br \/>\n<span style=\"color: #808000;\"><a style=\"color: #808000;\" href=\"http:\/\/www.survival.edu.pl\/wp-content\/uploads\/Nauczyciele_walcza_o_przetrwanie.pdf\" target=\"_blank\" rel=\"noopener noreferrer\">Nauczyciele walcz\u0105 o przetrwanie<\/a><\/span><br \/>\n<span style=\"color: #808000;\"><a href=\"http:\/\/www.survival.edu.pl\/wp-content\/uploads\/Wiem-\u017ce-to-mo\u017cliwe.pdf\">Wiem \u017ce to mo\u017cliwe<\/a><\/span><\/p>\n<p>Cztery artyku\u0142y nie oddane do publikacji<br \/>\n<span style=\"color: #808000;\"><a href=\"http:\/\/www.survival.edu.pl\/wp-content\/uploads\/NIEKONWENCJONALNA-METODA-1.pdf\">NIEKONWENCJONALNA METODA 1<\/a><br \/>\n<\/span><a href=\"http:\/\/www.survival.edu.pl\/wp-content\/uploads\/NIEKONWENCJONALNA-METODA-2.pdf\">NIEKONWENCJONALNA METODA 2<\/a><br \/>\n<a href=\"http:\/\/www.survival.edu.pl\/wp-content\/uploads\/NIEKONWENCJONALNA-METODA-3.pdf\">NIEKONWENCJONALNA METODA 3<\/a><br \/>\n<a href=\"http:\/\/www.survival.edu.pl\/wp-content\/uploads\/NIEKONWENCJONALNA-METODA-4.pdf\">NIEKONWENCJONALNA METODA 4<\/a><br \/>\n<span style=\"color: #808000;\"><a style=\"color: #808000;\" href=\"http:\/\/www.survival.edu.pl\/wp-content\/uploads\/Przymus-bezposredni.pdf\" target=\"_blank\" rel=\"noopener noreferrer\"><br \/>\n<\/a><\/span><a href=\"http:\/\/www.survival.edu.pl\/wp-content\/uploads\/przemoc-rowiesnicza-wobec-dzieci-ze-spe.pdf\" target=\"_blank\" rel=\"noopener noreferrer\">Refleksje po konferencji<\/a>\u00a0(Konf. ORE:\u00a0<em>Przemoc r\u00f3wie\u015bnicza wobec dzieci ze SPE,<\/em> s. 42)<br \/>\n<span style=\"color: #808000;\"><a href=\"http:\/\/www.survival.edu.pl\/wp-content\/uploads\/Poznawanie-rzeczywisto\u015bci-\u2013-wersja-naturalna-last.pdf\" target=\"_blank\" rel=\"noopener noreferrer\">Poznawanie rzeczywisto\u015bci<\/a> \u2014<\/span> prezentacja (Konf. Fundacja Park \u015al\u0105ski:\u00a0<em>Edukacyjna rola park\u00f3w miejskich&#8230;<\/em> Chorz\u00f3w 2016)<\/p>\n<p><strong><a href=\"http:\/\/www.survival.edu.pl\/wp-content\/uploads\/2007-Biuletyn.jpg\"><img loading=\"lazy\" class=\"alignleft wp-image-3846\" src=\"http:\/\/www.survival.edu.pl\/wp-content\/uploads\/2007-Biuletyn.jpg\" alt=\"2007 Biuletyn\" width=\"241\" height=\"338\" \/><\/a>O survivalu w pedagogice:<\/strong><\/p>\n<p><span style=\"color: #808000;\"><a style=\"color: #808000;\" href=\"http:\/\/www.survival.edu.pl\/wp-content\/uploads\/Biuletyn-survivalowy-Krzysztof-J.-Kwiatkowski.pdf\" target=\"_blank\" rel=\"noopener noreferrer\">Biuletyn survivalowy<br \/>\n<\/a><\/span><span style=\"color: #808000;\"><a style=\"color: #808000;\" href=\"http:\/\/www.survival.edu.pl\/wp-content\/uploads\/&gt;Wyprawa Tunguska 2008.pdf\" target=\"_blank\" rel=\"noopener noreferrer\" data-wplink-url-error=\"true\">Wyprawa Tunguska 2008<br \/>\n<\/a><\/span><span style=\"color: #808000;\"><a style=\"color: #808000;\" href=\"http:\/\/www.survival.edu.pl\/wp-content\/uploads\/Strzelanie-z-trudnymi.pdf\" target=\"_blank\" rel=\"noopener noreferrer\">Strzelanie z trudnymi<br \/>\n<\/a><\/span><span style=\"color: #808000;\"><a style=\"color: #808000;\" href=\"http:\/\/www.survival.edu.pl\/wp-content\/uploads\/Survival-I-Raabe-org.pdf\" target=\"_blank\" rel=\"noopener noreferrer\">Survival I \u2014\u00a0Raabe<br \/>\n<\/a><\/span><span style=\"color: #808000;\"><a style=\"color: #808000;\" href=\"http:\/\/www.survival.edu.pl\/wp-content\/uploads\/Survival-II-cz\u0119\u015b\u0107-Raabe.pdf\" target=\"_blank\" rel=\"noopener noreferrer\">Survival II \u2014\u00a0Raabe<br \/>\n<\/a><\/span><span style=\"color: #808000;\"><a style=\"color: #808000;\" href=\"http:\/\/www.survival.edu.pl\/wp-content\/uploads\/Resocjalizacja-survival-m.pdf\" target=\"_blank\" rel=\"noopener noreferrer\">Resocjalizacja i survival<br \/>\n<\/a><a href=\"http:\/\/www.survival.edu.pl\/wp-content\/uploads\/1-Inni-wyznania-bardzo-osobiste.pdf\" target=\"_blank\" rel=\"noopener noreferrer\">Inni \u2014\u00a0wyznania bardzo osobiste<br \/>\n<\/a><a href=\"http:\/\/www.survival.edu.pl\/wp-content\/uploads\/2-Tacy-sami-inni.pdf\" target=\"_blank\" rel=\"noopener noreferrer\">Tacy sami inni<\/a><a style=\"color: #808000;\" href=\"http:\/\/www.survival.edu.pl\/wp-content\/uploads\/Resocjalizacja-survival-m.pdf\" target=\"_blank\" rel=\"noopener noreferrer\"><br \/>\n<\/a><\/span>___________________________________________<\/p>\n<p><strong>Wywiady ze mn\u0105, o mnie:<\/strong><\/p>\n<p><a href=\"http:\/\/www.survival.edu.pl\/wp-content\/uploads\/WYWIAD-Reporter-1998.pdf\">WYWIAD Reporter 1998<\/a><br \/>\n<a href=\"http:\/\/www.survival.edu.pl\/wp-content\/uploads\/Image1.jpg\"><img loading=\"lazy\" class=\" wp-image-3842 alignright\" src=\"http:\/\/www.survival.edu.pl\/wp-content\/uploads\/Image1.jpg\" alt=\"Image1\" width=\"259\" height=\"348\" \/><\/a><span style=\"color: #808000;\"><a style=\"color: #808000;\" href=\"http:\/\/www.survival.edu.pl\/wp-content\/uploads\/Resocjalizacja-z-udzia\u0142em-wojska.pdf\">Resocjalizacja z udzia\u0142em wojska<br \/>\n<\/a><a href=\"http:\/\/www.survival.edu.pl\/wp-content\/uploads\/2006-GAZETA-ULICZNA.pdf\" target=\"_blank\" rel=\"noopener noreferrer\">Gazeta Uliczna \u2014 Pracuj\u0119 w tym miejscu, bo go nie znosz\u0119, 2006<\/a><a style=\"color: #808000;\" href=\"http:\/\/www.survival.edu.pl\/wp-content\/uploads\/Resocjalizacja-z-udzia\u0142em-wojska.pdf\"><br \/>\n<\/a><\/span><span style=\"color: #808000;\"><a style=\"color: #808000;\" href=\"http:\/\/www.survival.edu.pl\/wp-content\/uploads\/EiD_czerwiec2008_redakcja.pdf\" target=\"_blank\" rel=\"noopener noreferrer\">Edukacja i Dialog: W poszukiwaniu tego, co dzia\u0142a (str. 42)<br \/>\n<\/a><\/span><span style=\"color: #808000;\"><a style=\"color: #808000;\" href=\"http:\/\/www.survival.edu.pl\/wp-content\/uploads\/Edunews-Sztuka-przetrwania-i-edukacji-w-trudnych-warunkach.pdf\" target=\"_blank\" rel=\"noopener noreferrer\">Edunews: Sztuka przetrwania i edukacji w trudnych\u00a0warunkach<br \/>\n<\/a><\/span><span style=\"color: #808000;\"><a style=\"color: #808000;\" href=\"http:\/\/www.survival.edu.pl\/wp-content\/uploads\/VEGE.pdf\" target=\"_blank\" rel=\"noopener noreferrer\"><strong>VEGE<\/strong> \u2014 Jego w\u0142asny survival<br \/>\n<\/a><\/span><span style=\"color: #808000;\"><a style=\"color: #808000;\" href=\"http:\/\/www.survival.edu.pl\/wp-content\/uploads\/polska_zbrojna_30_2008.pdf\" target=\"_blank\" rel=\"noopener noreferrer\">Polska Zbrojna 30\/2008 (str. 60-61)<br \/>\n<\/a><a href=\"http:\/\/www.survival.edu.pl\/wp-content\/uploads\/Basn-i-survival.pdf\" target=\"_blank\" rel=\"noopener noreferrer\">Ba\u015b\u0144 i survival<br \/>\n<\/a><\/span><span style=\"color: #808000;\"><a href=\"http:\/\/www.survival.edu.pl\/wp-content\/uploads\/2015-ZIEMIA-\u0141\u00d3DZKA-6-7.pdf\" target=\"_blank\" rel=\"noopener noreferrer\">Ziemia \u0141\u00f3dzka \u2014 Sztuka przetrwania, 2015<\/a><br \/>\n<\/span><span style=\"color: #808000;\"><a href=\"http:\/\/www.survival.edu.pl\/wp-content\/uploads\/2015-POLITYKA-38.pdf\" target=\"_blank\" rel=\"noopener noreferrer\"><strong>POLITYKA<\/strong> \u2014 Nauka z lasu, 2015<\/a><br \/>\n<a href=\"http:\/\/www.survival.edu.pl\/wp-content\/uploads\/2016-FATHERS.pdf\" target=\"_blank\" rel=\"noopener noreferrer\"><strong>FATHERS<\/strong> \u2014 Krzysztof Kwiatkowski &#8222;Krisek&#8221;, 2016<\/a>\u00a0&#8212;&#8212;&#8212;&#8212;&#8212;&#8212;&#8212;&#8212;&#8212;&#8212;-<\/span><span style=\"color: #808000;\">&gt;<br \/>\n<\/span>___________________________________________<\/p>\n<pre>Przepraszam Wszystkich Was, kt\u00f3rzy maj\u0105 k\u0142opot ze zrozumieniem. Nie martwcie si\u0119 \u2014 nie jeste\u015bcie ani g\u0142upi, ani niedouczeni... to tylko ja tak pieprz\u0119 bez sensu...<\/pre>\n","protected":false},"excerpt":{"rendered":"<p>Artyku\u0142y, kt\u00f3re &#8222;mi si\u0119 napisa\u0142y&#8221;, a tak\u017ce kilka, kt\u00f3re napisano dla mnie\/o mnie Do przeczytania\u00a0w postaci pdf \u2014\u00a0klikaj tytu\u0142y! Sztuka przetrwania: Sztuka przetrwania \u2014\u00a0modus vivendi Zapoznane wp\u0142ywy natury Szerokie horyzonty survivalu Cz\u0142owiek, przetrwanie i g\u00f3ry Survival zdzicza\u0142y \u2014\u00a0s\u0142owo do ksi\u0105\u017cki &hellip; <a class=\"more-link\" href=\"http:\/\/www.survival.edu.pl\/wp-index.php\/?page_id=2461\">Czytaj dalej <span class=\"meta-nav\">&rarr;<\/span><\/a><\/p>\n","protected":false},"author":2,"featured_media":0,"parent":377,"menu_order":20,"comment_status":"closed","ping_status":"closed","template":"","meta":[],"_links":{"self":[{"href":"http:\/\/www.survival.edu.pl\/wp-index.php\/index.php?rest_route=\/wp\/v2\/pages\/2461"}],"collection":[{"href":"http:\/\/www.survival.edu.pl\/wp-index.php\/index.php?rest_route=\/wp\/v2\/pages"}],"about":[{"href":"http:\/\/www.survival.edu.pl\/wp-index.php\/index.php?rest_route=\/wp\/v2\/types\/page"}],"author":[{"embeddable":true,"href":"http:\/\/www.survival.edu.pl\/wp-index.php\/index.php?rest_route=\/wp\/v2\/users\/2"}],"replies":[{"embeddable":true,"href":"http:\/\/www.survival.edu.pl\/wp-index.php\/index.php?rest_route=%2Fwp%2Fv2%2Fcomments&post=2461"}],"version-history":[{"count":67,"href":"http:\/\/www.survival.edu.pl\/wp-index.php\/index.php?rest_route=\/wp\/v2\/pages\/2461\/revisions"}],"predecessor-version":[{"id":7481,"href":"http:\/\/www.survival.edu.pl\/wp-index.php\/index.php?rest_route=\/wp\/v2\/pages\/2461\/revisions\/7481"}],"up":[{"embeddable":true,"href":"http:\/\/www.survival.edu.pl\/wp-index.php\/index.php?rest_route=\/wp\/v2\/pages\/377"}],"wp:attachment":[{"href":"http:\/\/www.survival.edu.pl\/wp-index.php\/index.php?rest_route=%2Fwp%2Fv2%2Fmedia&parent=2461"}],"curies":[{"name":"wp","href":"https:\/\/api.w.org\/{rel}","templated":true}]}}