{"id":2351,"date":"2015-11-16T21:24:50","date_gmt":"2015-11-16T19:24:50","guid":{"rendered":"http:\/\/www.survival.edu.pl\/wp-index.php\/?page_id=2351"},"modified":"2020-10-03T17:46:47","modified_gmt":"2020-10-03T15:46:47","slug":"zatrucie-grzybami","status":"publish","type":"page","link":"http:\/\/www.survival.edu.pl\/wp-index.php\/?page_id=2351","title":{"rendered":"Zatrucie grzybami"},"content":{"rendered":"<pre class=\"date\">Skradzione z w\u0142asnej strony <em>www.survival.infocentrum.com<\/em> powsta\u0142ej bodaj\u017ce w 1997 roku<\/pre>\n<p style=\"text-align: justify;\">Zatru\u0142em si\u0119 grzybami. Nie b\u0119d\u0119 tu koloryzowa\u0142, \u017ce zrobi\u0142em to\u00a0specjalnie, tylko\u00a0po\u00a0to, by\u00a0dostarczy\u0107 innym cennej\u00a0wiedzy. Sta\u0142o\u00a0si\u0119 to\u00a0przypadkiem. Jako \u017ce\u00a0zawsze twierdzi\u0142em, \u017ce\u00a0dla\u00a0mnie \u2014\u00a0survivalowca \u2014\u00a0grzyby nie\u00a0s\u0105 bardzo istotne jako \u017ar\u00f3d\u0142o \u017cywno\u015bci, maj\u0105\u00a0za\u00a0to znaczenie jako \u017ar\u00f3d\u0142o zatru\u0107, wobec\u00a0tego sam grzyb\u00f3w nie\u00a0zbieram. Owszem, odr\u00f3\u017cniam do\u015b\u0107\u00a0dobrze niekt\u00f3re gatunki i\u00a0na\u00a0nich poprzestaj\u0119.<\/p>\n<p style=\"text-align: justify;\">Tym razem grzybki dosta\u0142em (dawc\u0105 za\u015b by\u0142 m\u00f3j \u015b.p. Wspania\u0142y Ojciec, kt\u00f3remu zarzuci\u0142em, \u017ce chcia\u0142 po mnie dziedziczy\u0107), a towarzyszy\u0142o temu zapewnienie, \u017ce\u00a0nie\u00a0ma w\u00a0nich niczego, co\u00a0by\u00a0mia\u0142o niepokoi\u0107. Teraz\u00a0mam jedno do\u015bwiadczenie wi\u0119cej&#8230;<\/p>\n<hr width=\"50%\" \/>\n<p style=\"text-align: justify;\">OPIS ZDARZENIA:<\/p>\n<ul style=\"text-align: justify;\">\n<li><span style=\"color: #ffffff;\">O godzinie 15.oo zjad\u0142em sobie grzybki z patelni, z\u00a0jajeczkiem, lekko popieprzone \u2014\u00a0by\u0142y\u00a0smaczne<\/span><\/li>\n<li><span style=\"color: #ffffff;\">Oko\u0142o 16.oo czu\u0142em niemi\u0142e gniecenie w prze\u0142yku<\/span><\/li>\n<li><span style=\"color: #ffffff;\">17.oo \u2014\u00a0zacz\u0105\u0142em si\u0119 poci\u0107<\/span><\/li>\n<li><span style=\"color: #ffffff;\">17.3o \u2014 m\u00f3j czas zosta\u0142 po\u015bwi\u0119cony na ma\u0142e posiedzenie; okaza\u0142o si\u0119 potem, \u017ce by\u0142em jeszcze kilkakrotnie wzywany na\u00a0sal\u0119 obrad, co\u00a0trwa\u0142o do\u00a0godziny\u00a00.25<\/span><\/li>\n<li><span style=\"color: #ffffff;\">18.oo \u2014 moje czo\u0142o by\u0142o pokryte potem (sporo tego by\u0142o, bo\u00a0czo\u0142o mam\u00a0ogromne); czu\u0142em jak\u00a0pot cieknie po\u00a0moim\u00a0ciele<\/span><\/li>\n<li><span style=\"color: #ffffff;\">18.3o \u2014 nie mia\u0142em w\u0105tpliwo\u015bci, \u017ce grzybki &#8222;maj\u0105 w\u0105tpliwo\u015bci do\u00a0mnie&#8221;; zacz\u0105\u0142em w\u00a0du\u017cych\u00a0ilo\u015bciach pi\u0107 herbat\u0119 (moja\u00a0herbata jest zawsze w\u00a0proporcjach: \u0142y\u017ceczka suszu na\u00a0szklank\u0119 wody; parz\u0119\u00a0j\u0105 &#8222;po\u00a0turecku&#8221;, czyli\u00a0zalewam wrz\u0105tkiem w\u00a0szklance); wzbogaca\u0142em j\u0105 o s\u00f3l, z powodu utraty elektrolit\u00f3w<\/span><\/li>\n<li><span style=\"color: #ffffff;\">23.1o \u2014 zacz\u0105\u0142em si\u0119 trz\u0105\u015b\u0107 z zimna (by\u0142o ciep\u0142o na\u00a0dworze, ale\u00a0i\u00a0tak zamkn\u0105\u0142em okno)<\/span><\/li>\n<li><span style=\"color: #ffffff;\">0.45 \u2014 pojawi\u0142 si\u0119 \u015blinotok; do tej pory wypi\u0142em ponad\u00a010\u00a0szklanek herbaty (pojemno\u015bci 0,33\u00a0litra); \u0142ykn\u0105\u0142em\u00a0teraz w\u0119giel lekarski (troch\u0119\u00a0p\u00f3\u017ano, ale\u00a0jednak) w\u00a0ilo\u015bci 10\u00a0sztuk<\/span><\/li>\n<li><span style=\"color: #ffffff;\">1.2o \u2014 przesta\u0142em si\u0119 tak mocno poci\u0107 (dwa\u00a0szlafroki k\u0105pielowe by\u0142y ca\u0142e przemoczone), ale\u00a0nie\u00a0mog\u0142em powtrzyma\u0107 drgawek, mo\u017ce\u00a0tylko na\u00a0chwil\u0119<\/span><\/li>\n<li><span style=\"color: #ffffff;\">2.oo \u2014 po\u0142o\u017cy\u0142em si\u0119 spa\u0107 pod puchow\u0105 ko\u0142dr\u0119; po\u00a0parunastu minutach schowa\u0142em r\u0119ce pod\u00a0ko\u0142dr\u0119, bo\u00a0mi &#8222;przemarz\u0142y&#8221;<\/span><\/li>\n<li><span style=\"color: #ffffff;\">7.oo \u2014 obudzi\u0142em\u00a0si\u0119 na\u00a0tym\u00a0\u015bwiecie: przez\u00a0ca\u0142y\u00a0czas zatrucia nie\u00a0mia\u0142em b\u00f3l\u00f3w brzucha, nie\u00a0mia\u0142em md\u0142o\u015bci ani\u00a0wymiot\u00f3w, biegunka sko\u0144czy\u0142a\u00a0si\u0119 kr\u00f3tko po\u00a0p\u00f3\u0142nocy, \u015blina\u00a0p\u0142yn\u0119\u0142a \u2014\u00a0pami\u0119tam jak\u00a0j\u0105 \u0142yka\u0142em przez\u00a0sen<\/span><\/li>\n<\/ul>\n<p style=\"text-align: justify;\"><span style=\"text-decoration: underline;\">Dlaczego nie uda\u0142em si\u0119 do szpitala?<\/span><\/p>\n<ul style=\"text-align: justify;\">\n<li><span style=\"color: #ffffff;\"><span style=\"color: #ff9900;\">Objawy pojawi\u0142y si\u0119 kr\u00f3tko po zjedzeniu<\/span> grzyb\u00f3w, co jest charakterystyczne dla s\u0142abszych zatru\u0107 (je\u015bli chodzi o skutki fizjologiczne \u2014 a niekoniecznie o zewn\u0119trzne &#8222;m\u0119ki&#8221;)<\/span><\/li>\n<li><span style=\"color: #ffffff;\">Nie by\u0142o takiego ryzyka, \u017ce pojawi\u0105 si\u0119 objawy jeszcze po dw\u00f3ch czy trzech dniach, poniewa\u017c zjad\u0142em tylko jeden\u00a0gatunek\u00a0truj\u0105cego\u00a0grzyba<\/span><\/li>\n<li><span style=\"color: #ffffff;\">Nawadnia\u0142em organizm w du\u017cej ilo\u015bci i pilnowa\u0142em swoje elektrolity<\/span><\/li>\n<li><span style=\"color: #ffffff;\">Pi\u0142em herbat\u0119, kt\u00f3rej garbniki dzia\u0142aj\u0105 os\u0142aniaj\u0105co, za\u015b\u00a0pozosta\u0142e sk\u0142adniki \u2014\u00a0tonizuj\u0105co<\/span><\/li>\n<li><span style=\"color: #ffffff;\">\u0141ykn\u0105\u0142em w\u0119giel lekarski<\/span><\/li>\n<li><span style=\"color: #ffffff;\">Od samego pocz\u0105tku wiedzia\u0142em, co robi\u0119 \u2014\u00a0to\u00a0nie\u00a0by\u0142 prostacki eksperyment\u00a0 z ciekawo\u015bc czy\u00a0lekcewa\u017cenie sytuacji<\/span><\/li>\n<\/ul>\n<p style=\"text-align: justify;\">UWAGA:<br \/>\n<span style=\"color: #ff9900;\">Im p\u00f3\u017aniej po spo\u017cyciu wyst\u0119puj\u0105 objawy zatrucia \u2014 tym gorzej,<\/span><br \/>\nzw\u0142aszcza gro\u017ane s\u0105 objawy pojawiaj\u0105ce si\u0119 p\u00f3\u017aniej ni\u017c\u00a036\u00a0godziny po\u00a0zjedzeniu grzyb\u00f3w, a\u00a0nawet 72\u00a0godziny, jak\u00a0to\u00a0jest w\u00a0wypadku <i>muchomora sromotnikowego<\/i>; w\u00a0tym\u00a0ostatnim przypadku objawy m\u00f3wi\u0105 zawyczaj, \u017ce\u00a0jest ju\u017c za\u00a0p\u00f3\u017ano na\u00a0ratunek.<\/p>\n<p style=\"text-align: justify;\">Przy zatruciu grzybami<span style=\"color: #ffff99;\"> <span style=\"color: #ff9900;\">nie nale\u017cy\u00a0leczy\u0107\u00a0si\u0119 alkoholem<\/span> <\/span>(tym\u00a0bardziej pi\u0107\u00a0go) gdy\u017c\u00a0wzmaga\u00a0on stopie\u0144 zatrucia; dodatkowo przy\u00a0zatruciu\u00a0<i>muchomorem\u00a0sromotnikowym<\/i> <span style=\"color: #ffff99;\"><span style=\"color: #ff9900;\">nie nale\u017cy\u00a0pi\u0107\u00a0mleka<\/span><\/span> (leczenie penicylin\u0105 \u2014\u00a0pod kontrola lekarza, najlepiej szpitalnie).<\/p>\n<table cellspacing=\"4\" cellpadding=\"0\">\n<tbody>\n<tr>\n<td><span style=\"color: #ffff99;\"><img title=\"g1\" src=\"http:\/\/www.survival.infocentrum.com\/s\/z\/grzybek1.jpg\" alt=\"g1\" border=\"2\" \/><\/span><\/td>\n<td><span style=\"color: #ffff99;\"><img title=\"g2\" src=\"http:\/\/www.survival.infocentrum.com\/s\/z\/grzybek2.jpg\" alt=\"g2\" border=\"2\" \/><\/span><\/td>\n<td><span style=\"color: #ffff99;\"><img title=\"g3\" src=\"http:\/\/www.survival.infocentrum.com\/s\/z\/grzybek3.jpg\" alt=\"g3\" border=\"2\" \/><\/span><\/td>\n<\/tr>\n<\/tbody>\n<\/table>\n<p style=\"text-align: justify;\">UWAGA: dosta\u0142em maila o nast\u0119puj\u0105cej tre\u015bci, kt\u00f3r\u0105 wys\u0142a\u0142 Radek (pisownia oryginalna):<\/p>\n<blockquote>\n<p class=\"i\" style=\"text-align: justify;\"><span style=\"color: #ffffff;\"><em>ja w sprawie grzyb\u00f3w. napisa\u0142e\u015b \u017ce zatrucie chwile po jedzeniu nie gro\u017ane. niestety przez ciebie kto\u015b morze zgin\u0105\u0107. M\u00f3j\u00a0tata lekarz kiedy przeczyta\u0142\u00a0to co\u00a0napisa\u0142e\u015b powiedzia\u0142 \u017ce\u00a0to nie\u00a0prawda. Z\u00a0ka\u017cdym zatruciem trzeba do\u00a0spitala. S\u0105\u00a0rzadkie ale\u00a0jednak s\u0105\u00a0gatunki grzyb\u00f3w kt\u00f3rych objawy po\u00a0godzinie \u015bmier\u0107 po\u00a0dw\u00f3ch. Pozdrawiam i\u00a0usu\u0144 te\u00a0herezje.<\/em><\/span><\/p>\n<\/blockquote>\n<p style=\"text-align: justify;\">Poniewa\u017c jest to sprawa powa\u017cna, zatem wyja\u015bniam: moj\u0105 rezygnacj\u0119 z p\u00f3j\u015bcia do\u00a0szpitala przedstawi\u0142em do\u015b\u0107 wyra\u017anie. Podkre\u015blam, \u017ce takich argument\u00f3w raczej nie\u00a0bierze\u00a0si\u0119 pod\u00a0uwag\u0119 po\u00a0przeczytaniu wy\u0142\u0105cznie pierwszego punktu. Mamy\u00a0tu\u00a0za\u015b do\u00a0czynienia z\u00a0zespo\u0142em uwarunkowa\u0144 i\u00a0czynnik\u00f3w, kt\u00f3re\u00a0zosta\u0142y przeze\u00a0mnie okre\u015blone i\u00a0zastosowane. \u015awiadomie. Bo\u00a0sam jestem jako\u015b wyedukowany (a\u00a0do\u00a0tego mam w\u00a0domu lekarza, kt\u00f3rego nawet nie\u00a0niepokoi\u0142em).<\/p>\n<p style=\"text-align: justify;\">Zestaw argumentacji g\u00f3ruje nad tym, co mo\u017ce zrobi\u0107 tzw.\u00a0przeci\u0119tny cz\u0142owiek, kt\u00f3ry nie\u00a0potrafi dobrze opisa\u0107 objaw\u00f3w, okre\u015bli\u0107 przyczyny, nie\u00a0zna mo\u017cliwo\u015bci swego organizmu, nie\u00a0zna sposob\u00f3w post\u0119powania, nie\u00a0ma etatowych \u015brodk\u00f3w i\u00a0nie\u00a0umie ich zast\u0105pi\u0107 istniej\u0105cymi w\u00a0najbli\u017cszym otoczeniu. I\u00a0na\u00a0koniec \u2014\u00a0nie\u00a0potrafi dzia\u0142a\u0107 objawowo i\u00a0przyczynowo. W\u00a0wyniku\u00a0tego \u2014\u00a0nie\u00a0potrafi pom\u00f3c sam\u00a0sobie. Ja akurat WIEDZIA\u0141EM, CO\u00a0SI\u0118\u00a0DZIEJE I\u00a0CO\u00a0ZROBI\u0106 (no i \u2014 by\u0107 mo\u017ce \u2014 jestem do tego troch\u0119 zbyt pewny siebie). Nie stosowa\u0142em na przyk\u0142ad sposob\u00f3w &#8222;ludowych&#8221;, jak ten polegaj\u0105cy na wypiciu duszkiem szklanki w\u00f3dki, aby &#8222;przegryz\u0142a&#8221;. A takie pogl\u0105dy pokutuj\u0105 w\u015br\u00f3d ludzi.<\/p>\n<p style=\"text-align: justify;\">ISTOTNA SPRAWA: informacja o szkodliwo\u015bci grzyb\u00f3w jest wiarygodna. Odsy\u0142am w\u00a0tej sprawie do\u00a0specjalist\u00f3w, cho\u0107by doktora nauk biologicznych \u0141ukasza \u0141uczaja, autora ksi\u0105\u017cek <i>&#8222;Dzikie ro\u015bliny jadalne Polski&#8221;<\/i> i\u00a0&#8222;<i>Podr\u0119cznik robako\u017cercy&#8221;<\/i>, kt\u00f3re\u00a0mo\u017cna znale\u017a\u0107 w\u015br\u00f3d ksi\u0105\u017cek polecanych przeze\u00a0mnie \u2014\u00a0<span style=\"text-decoration: underline;\"><a href=\"http:\/\/www.luczaj.com\/\" target=\"_blank\" rel=\"noopener noreferrer\">serwis \u0141ukasza \u0141uczaja<\/a><\/span>). Nale\u017cy pami\u0119ta\u0107, \u017ce s\u0142owo &#8222;truj\u0105cy&#8221; odnosi si\u0119 nie tylko do tych grzyb\u00f3w, kt\u00f3re truj\u0105 \u015bmiertelnie, ale te\u017c do tych, kt\u00f3re uszkadzaj\u0105 narz\u0105dy wewn\u0119trzne, oraz do tych, kt\u00f3re &#8222;tylko&#8221; zaburzaj\u0105 na jaki\u015b czas organizm, ale nie uszkadzaj\u0105 i nie zabijaj\u0105.\u00a0<span style=\"color: #ff9900;\">Do grupy grzyb\u00f3w zabijaj\u0105cych nale\u017c\u0105 na przyk\u0142ad muchomory (sromotnikowy, jadowity, zielonawy, wiosenny) zas\u0142onaki (brodaty i rudy) oraz piestrznica kasztanowata,<\/span><\/p>\n<p style=\"text-align: justify;\">Czym innym jest interpretacja zdania &#8222;<i>im p\u00f3\u017aniej po spo\u017cyciu wyst\u0119puj\u0105 objawy zatrucia \u2014\u00a0tym\u00a0gorzej<\/i>&#8222;. Mo\u017cna powiedzie\u0107 bowiem, \u017ce\u00a0jedne grzyby truj\u0105 mniej, drugie bardziej (patrz wy\u017cej). Grzyby mniej truj\u0105ce (a\u00a0trzeba jeszcze wyodr\u0119bni\u0107 grzyby niejadalne, np.\u00a0ze\u00a0wzgl\u0119du na\u00a0smak) powoduj\u0105 niewielkie, niepo\u017c\u0105dane reakcje uk\u0142adu pokarmowego, z\u00a0kt\u00f3rymi rzadko kt\u00f3ry cz\u0142owiek w\u00a0og\u00f3le chodzi do\u00a0lekarza (i\u00a0w\u00a0dodatku jest\u00a0to sprawdzony standard). Objawy wyst\u0119puj\u0105 szybko. Substancje zaburzaj\u0105ce funkcjonowanie uk\u0142adu pokarmowego s\u0105\u00a0identyfikowane przez organizm, kt\u00f3ry\u00a0stara\u00a0si\u0119 ich pozby\u0107.<\/p>\n<p style=\"text-align: justify;\"><span style=\"color: #ff9900;\">Problem jest z objawami wyst\u0119puj\u0105cymi p\u00f3\u017ano. W wypadku muchomora sromotnikowego okazuje\u00a0si\u0119 bowiem, \u017ce\u00a0organizm nie\u00a0identyfikuje toksyn i\u00a0nie\u00a0pozbywa\u00a0si\u0119\u00a0ich &#8222;w\u0142asnymi sposobami&#8221;. Objawy, kt\u00f3re z\u00a0op\u00f3\u017anieniem stwierdzamy, nie\u00a0s\u0105\u00a0wi\u0119c reakcj\u0105 organizmu na\u00a0trucizny, ale\u00a0objawami ISTNIEJ\u0104CEGO\u00a0JU\u017b USZKODZENIA, a\u00a0w\u00a0przypadku wspomnianego muchomora \u2014\u00a0w\u0105troby. Uszkodzenie bywa wystarczaj\u0105co p\u00f3\u017ano stwierdzone, by\u00a0nie\u00a0m\u00f3c\u00a0ju\u017c uratowa\u0107 cz\u0142owieka&#8230;<\/span><\/p>\n<p style=\"text-align: justify;\">Dodam na wszelki wypadek, \u017ce interpretacja s\u0142\u00f3w, \u017ce gdy jeden cz\u0142owiek jest du\u017co wy\u017cszy od\u00a0drugiego, to oznacza, \u017ce\u00a0wobec\u00a0tego ten\u00a0drugi jest kar\u0142em \u2014\u00a0nie\u00a0jest prawid\u0142owa. Wadliwe jest te\u017c wnioskowanie, \u017ce\u00a0moje okre\u015blenie zatrucia grzybami objawiaj\u0105cego\u00a0si\u0119 p\u00f3\u017aniej ma\u00a0automatycznie oznacza\u0107, \u017ce\u00a0objawy natychmiastowe mo\u017cemy ca\u0142kowicie zbagatelizowa\u0107. <span style=\"color: #ffffff;\">Nic\u00a0takiego nie\u00a0powiedzia\u0142em, ani\u00a0nic\u00a0takiego z\u00a0moich wypowiedzi nie\u00a0wynika<\/span>.<\/p>\n<p style=\"text-align: justify;\">Radku \u2014\u00a0dzi\u0119kuj\u0119! Wskaza\u0142e\u015b na ten element moich wypowiedzi, kt\u00f3ry mo\u017ce\u00a0by\u0107 niezrozumia\u0142y, nale\u017ca\u0142o wi\u0119c go\u00a0dookre\u015bli\u0107. Wskaza\u0142e\u015b przy\u00a0okazji nie\u00a0zauwa\u017cony przez\u00a0nas element zwi\u0105zany z\u00a0indywidualn\u0105 odporno\u015bci\u0105 i\u00a0reakcj\u0105 organizmu&#8230; Na\u00a0koniec uwaga podsumowuj\u0105ca: <span style=\"color: #ff9900;\">cz\u0142owiek wiedz\u0105cy o\u00a0sobie, \u017ce\u00a0nie\u00a0zna\u00a0si\u0119 na\u00a0sprawach zdrowotnych, kiedy\u00a0stwierdza nieprawid\u0142owo\u015bci funkcjonowania swego organizmu (nawet nie\u00a0m\u00f3wi\u0119\u00a0tu o\u00a0oczywistych objawach powa\u017cnej choroby), bezwzgl\u0119dnie powinien kontaktowa\u0107\u00a0si\u0119 z\u00a0lekarzem. Zw\u0142aszcza, je\u015bli u\u015bwiadamia sobie, \u017ce\u00a0wcze\u015bniej jad\u0142 grzyby!<\/span><\/p>\n","protected":false},"excerpt":{"rendered":"<p>Skradzione z w\u0142asnej strony www.survival.infocentrum.com powsta\u0142ej bodaj\u017ce w 1997 roku Zatru\u0142em si\u0119 grzybami. Nie b\u0119d\u0119 tu koloryzowa\u0142, \u017ce zrobi\u0142em to\u00a0specjalnie, tylko\u00a0po\u00a0to, by\u00a0dostarczy\u0107 innym cennej\u00a0wiedzy. Sta\u0142o\u00a0si\u0119 to\u00a0przypadkiem. Jako \u017ce\u00a0zawsze twierdzi\u0142em, \u017ce\u00a0dla\u00a0mnie \u2014\u00a0survivalowca \u2014\u00a0grzyby nie\u00a0s\u0105 bardzo istotne jako \u017ar\u00f3d\u0142o \u017cywno\u015bci, maj\u0105\u00a0za\u00a0to znaczenie &hellip; <a class=\"more-link\" href=\"http:\/\/www.survival.edu.pl\/wp-index.php\/?page_id=2351\">Czytaj dalej <span class=\"meta-nav\">&rarr;<\/span><\/a><\/p>\n","protected":false},"author":2,"featured_media":0,"parent":2346,"menu_order":0,"comment_status":"closed","ping_status":"closed","template":"","meta":[],"_links":{"self":[{"href":"http:\/\/www.survival.edu.pl\/wp-index.php\/index.php?rest_route=\/wp\/v2\/pages\/2351"}],"collection":[{"href":"http:\/\/www.survival.edu.pl\/wp-index.php\/index.php?rest_route=\/wp\/v2\/pages"}],"about":[{"href":"http:\/\/www.survival.edu.pl\/wp-index.php\/index.php?rest_route=\/wp\/v2\/types\/page"}],"author":[{"embeddable":true,"href":"http:\/\/www.survival.edu.pl\/wp-index.php\/index.php?rest_route=\/wp\/v2\/users\/2"}],"replies":[{"embeddable":true,"href":"http:\/\/www.survival.edu.pl\/wp-index.php\/index.php?rest_route=%2Fwp%2Fv2%2Fcomments&post=2351"}],"version-history":[{"count":35,"href":"http:\/\/www.survival.edu.pl\/wp-index.php\/index.php?rest_route=\/wp\/v2\/pages\/2351\/revisions"}],"predecessor-version":[{"id":7660,"href":"http:\/\/www.survival.edu.pl\/wp-index.php\/index.php?rest_route=\/wp\/v2\/pages\/2351\/revisions\/7660"}],"up":[{"embeddable":true,"href":"http:\/\/www.survival.edu.pl\/wp-index.php\/index.php?rest_route=\/wp\/v2\/pages\/2346"}],"wp:attachment":[{"href":"http:\/\/www.survival.edu.pl\/wp-index.php\/index.php?rest_route=%2Fwp%2Fv2%2Fmedia&parent=2351"}],"curies":[{"name":"wp","href":"https:\/\/api.w.org\/{rel}","templated":true}]}}