{"id":2077,"date":"2014-12-03T22:52:30","date_gmt":"2014-12-03T20:52:30","guid":{"rendered":"http:\/\/www.survival.edu.pl\/wp-index.php\/?page_id=2077"},"modified":"2018-01-01T09:53:27","modified_gmt":"2018-01-01T07:53:27","slug":"blad","status":"publish","type":"page","link":"http:\/\/www.survival.edu.pl\/wp-index.php\/?page_id=2077","title":{"rendered":"B\u0142\u0105d"},"content":{"rendered":"<p style=\"text-align: justify;\">Survival ma istotny zamiar w swoim dzia\u0142aniu. Jest to d\u0105\u017cenie do <span style=\"color: #ff9900;\">poznania i rozwa\u017cenia b\u0142\u0119d\u00f3w<\/span>, w\u0142asnych oraz cudzych. Jasne te\u017c jest, \u017ce nie z potrzeby wytykania ich lub popisywania sie w\u0142asn\u0105 doskona\u0142o\u015bci\u0105. Pope\u0142nienie b\u0142\u0119du staje si\u0119 przyczynkiem do szerzenia wiedzy o tym, \u017ce oto w\u0142a\u015bnie taki b\u0142\u0105d powsta\u0142, czego dotyczy\u0142, w\u00a0jakich okoliczno\u015bciach, sk\u0105d si\u0119 wzi\u0105\u0142, co spowodowa\u0142, co jeszcze m\u00f3g\u0142 spowodowa\u0107, itp.<\/p>\n<p style=\"text-align: justify;\">Szko\u0142a nie uczy nas o b\u0142\u0119dach, by\u015bmy ich nie pope\u0142niali wi\u0119cej. Szko\u0142a nas za b\u0142\u0119dy karze. Niezwykle surowo. Nazywam to tresur\u0105 awersyjn\u0105.<\/p>\n<p style=\"text-align: justify;\">Survival nam b\u0119dzie wdzi\u0119czny za podzielenie si\u0119 informacjami o\u00a0b\u0142\u0119dach. W survivalu to m\u0105dro\u015b\u0107 \u2014 umie\u0107 bez spinania si\u0119 i otwarcie m\u00f3wi\u0107 o swoich\u00a0<a href=\"http:\/\/www.survival.edu.pl\/wp-index.php\/?page_id=4617\"><span style=\"text-decoration: underline;\">b\u0142\u0119dach<\/span><\/a>.<\/p>\n","protected":false},"excerpt":{"rendered":"<p>Survival ma istotny zamiar w swoim dzia\u0142aniu. Jest to d\u0105\u017cenie do poznania i rozwa\u017cenia b\u0142\u0119d\u00f3w, w\u0142asnych oraz cudzych. Jasne te\u017c jest, \u017ce nie z potrzeby wytykania ich lub popisywania sie w\u0142asn\u0105 doskona\u0142o\u015bci\u0105. Pope\u0142nienie b\u0142\u0119du staje si\u0119 przyczynkiem do szerzenia wiedzy &hellip; <a class=\"more-link\" href=\"http:\/\/www.survival.edu.pl\/wp-index.php\/?page_id=2077\">Czytaj dalej <span class=\"meta-nav\">&rarr;<\/span><\/a><\/p>\n","protected":false},"author":2,"featured_media":0,"parent":3109,"menu_order":50,"comment_status":"closed","ping_status":"closed","template":"","meta":[],"_links":{"self":[{"href":"http:\/\/www.survival.edu.pl\/wp-index.php\/index.php?rest_route=\/wp\/v2\/pages\/2077"}],"collection":[{"href":"http:\/\/www.survival.edu.pl\/wp-index.php\/index.php?rest_route=\/wp\/v2\/pages"}],"about":[{"href":"http:\/\/www.survival.edu.pl\/wp-index.php\/index.php?rest_route=\/wp\/v2\/types\/page"}],"author":[{"embeddable":true,"href":"http:\/\/www.survival.edu.pl\/wp-index.php\/index.php?rest_route=\/wp\/v2\/users\/2"}],"replies":[{"embeddable":true,"href":"http:\/\/www.survival.edu.pl\/wp-index.php\/index.php?rest_route=%2Fwp%2Fv2%2Fcomments&post=2077"}],"version-history":[{"count":14,"href":"http:\/\/www.survival.edu.pl\/wp-index.php\/index.php?rest_route=\/wp\/v2\/pages\/2077\/revisions"}],"predecessor-version":[{"id":6343,"href":"http:\/\/www.survival.edu.pl\/wp-index.php\/index.php?rest_route=\/wp\/v2\/pages\/2077\/revisions\/6343"}],"up":[{"embeddable":true,"href":"http:\/\/www.survival.edu.pl\/wp-index.php\/index.php?rest_route=\/wp\/v2\/pages\/3109"}],"wp:attachment":[{"href":"http:\/\/www.survival.edu.pl\/wp-index.php\/index.php?rest_route=%2Fwp%2Fv2%2Fmedia&parent=2077"}],"curies":[{"name":"wp","href":"https:\/\/api.w.org\/{rel}","templated":true}]}}