{"id":1889,"date":"2014-05-21T08:32:13","date_gmt":"2014-05-21T06:32:13","guid":{"rendered":"http:\/\/www.survival.edu.pl\/wp-index.php\/?page_id=1889"},"modified":"2017-08-19T21:08:01","modified_gmt":"2017-08-19T19:08:01","slug":"przeglad-2","status":"publish","type":"page","link":"http:\/\/www.survival.edu.pl\/wp-index.php\/?page_id=1889","title":{"rendered":"Przegl\u0105d"},"content":{"rendered":"<p style=\"text-align: justify;\"><a href=\"http:\/\/www.survival.edu.pl\/wp-content\/uploads\/2012\/09\/need-head.jpg\"><img loading=\"lazy\" class=\"alignright\" title=\"caput indigebat\" src=\"http:\/\/www.survival.edu.pl\/wp-content\/uploads\/2012\/09\/need-head-150x150.jpg\" alt=\"potrzebna g\u0142owa\" width=\"58\" height=\"58\" \/><\/a>Grzech pierworodny&#8230;\u00a0nie polega bynajmniej na pojawieniu si\u0119 wstydu ze wzgl\u0119du na w\u0142asn\u0105 nago\u015b\u0107. Taka interpretacja zacz\u0119\u0142a niszczy\u0107 cz\u0142owieka w cz\u0142owieku, bo&#8230; nago\u015b\u0107 jest naturalna. Nienaturalne natomiast jest poczucie, \u017ce kto\u015b co\u015b ma, a ja tego nie mam, zatem <span style=\"color: #ffffff;\"><strong>znaczy, \u017ce<\/strong> <strong>mam gorzej<\/strong><\/span>. A b\u0119d\u0119 mia\u0142 lepiej, je\u015bli b\u0119d\u0119 to co\u015b mia\u0142, a nawet wi\u0119cej. A mog\u0119 to co\u015b mie\u0107 najszybciej, kiedy odbior\u0119 temu drugiemu&#8230;<\/p>\n<p style=\"text-align: justify;\">Survival uczy, \u017ce jest si\u0119 szcz\u0119\u015bliwym z tym KIM SI\u0118 JEST, a nie z powodu tego CO i ILE SI\u0118 MA&#8230;<\/p>\n<h4 style=\"text-align: justify;\">Podstawowy survival to narz\u0119dzia, techniki, trening. Odnosi si\u0119 do my\u015blenia konkretnego, kt\u00f3rym pos\u0142uguje si\u0119 ka\u017cdy cz\u0142owiek.\u00a0Survival dla zaawansowanych przenosi si\u0119 w sfery my\u015blenia abstrakcyjnego. Ono pozwala nie tylko ogarnia\u0107 ca\u0142o\u015bciowo ca\u0142\u0105 wiedz\u0119, w miar\u0119 mo\u017cliwo\u015bci do\u015bwiadcza\u0107 j\u0105 praktycznie oraz rozumie\u0107 jej powi\u0105zania (holizm), ale prowadzi do poznawania cz\u0142owieka w spos\u00f3b zr\u00f3wnowa\u017cony, bez ideologicznych nak\u0142adek. To tutaj mog\u0105 zachodzi\u0107 cz\u0142owiecze przemiany&#8230;<\/h4>\n<p style=\"text-align: justify;\">Survival przygotowuje do funkcjonowania bez grzechu pierworodnego, kt\u00f3ry bywa\u00a0jak nasz garb, czyli uwiera, ale za to ma prowadzi\u0107 do naturalnego funkcjonowania nie nastawionego na MIE\u0106. Dlatego te\u017c idea, \u017ce <span style=\"color: #ffffff;\"><strong>survivalowcy nie \u015bcigaj\u0105 si\u0119 z sob\u0105<\/strong><\/span>, wi\u0105\u017ce si\u0119 z tym, \u017ce o ile &#8222;to co si\u0119 ma&#8221; da si\u0119 zwa\u017cy\u0107 i policzy\u0107, to <span style=\"color: #ff9900;\">ka\u017cdy z nas \u2014\u00a0jako BYT oraz zsumowane wyniki jego przejaw\u00f3w czyli czyn\u00f3w \u2014 jest nieobliczalny&#8230;<\/span><\/p>\n<hr width=\"50%\" \/>\n<p><a href=\"http:\/\/www.survival.edu.pl\/wp-content\/uploads\/Pa\u0142kiewicz-Sztuka-podr\u00f3\u017cowania.jpg\" rel=\"attachment wp-att-3556\"><img loading=\"lazy\" class=\"alignleft wp-image-3556\" src=\"http:\/\/www.survival.edu.pl\/wp-content\/uploads\/Pa\u0142kiewicz-Sztuka-podr\u00f3\u017cowania.jpg\" alt=\"Pa\u0142kiewicz Sztuka podr\u00f3\u017cowania\" width=\"270\" height=\"375\" \/><\/a>Moje s\u0142owa zacytowa\u0142 Jacek Pa\u0142kiewicz w swojej ksi\u0105\u017cce<br \/>\n&#8222;<em>Sztuka podr\u00f3\u017cowania&#8221;<\/em>:<\/p>\n<p><em>Kiedy\u015b zadano mi pytanie, czeg\u00f3\u017c to szukam w podr\u00f3\u017cowaniu. Stwierdzi\u0142em, \u017ce jednym z powod\u00f3w zmieniania miejsca pobytu jest\u00a0potrzeba&#8230; przemieszczania si\u0119 \u2014\u00a0samo podr\u00f3\u017cowanie w\u0142a\u015bnie. Bo\u00a0odkrywanie nieznanych kart ksi\u0119gi \u015bwiata liczy si\u0119 naprawd\u0119.<br \/>\nPrzemiany krajobrazu s\u0105 znacz\u0105co r\u00f3\u017cne od widoku<br \/>\nzza szyby w\u0142asnego pokoju.<br \/>\nOd\u00a0widoku towarzysz\u0105cego codziennemu<br \/>\nw\u0119drowaniu do miejsca pracy \u2014 tak\u017ce.<\/em><\/p>\n<p><em>Czy ma to oznacza\u0107, \u017ce podr\u00f3\u017c uto\u017csamia si\u0119 z wolno\u015bci\u0105? Filozoficznie rzecz ujmuj\u0105c, trzeba pogodzi\u0107 si\u0119 z\u00a0my\u015bl\u0105, \u017ce nigdy nie jeste\u015bmy wolni. Ucieczka przed z\u0142ym kr\u00f3lem pakuje nas w paszcz\u0119 smoka&#8230;<br \/>\nOwszem, istnieje co\u015b, co nazywamy poczuciem wolno\u015bci, gdy potrafimy tak urz\u0105dzi\u0107 nasz \u015bwiat,<br \/>\n\u017ce jeste\u015bmy w stanie widzie\u0107 rezultaty w\u0142asnych decyzji podejmowanych bez cudzego dyktatu.<br \/>\nWarto wiedzie\u0107, \u017ce wymienione przed chwil\u0105 efekty uzyskuje si\u0119 m.in. dzi\u0119ki w\u0142adzy \u2014 wystarczy zosta\u0107 z\u0142ym kr\u00f3lem.\u00a0A alternatyw\u0105 jest chyba ci\u0105g\u0142a ucieczka.<\/em><\/p>\n<p><em>Uciekam, z pewno\u015bci\u0105. Przed cywilizacyjnymi okowami. Przed w\u0142adz\u0105 biurokracji i ludzkiej durnoty. Nigdy nie bawi\u0142o mnie jednak to, co by\u0142o \u0142atwo dost\u0119pne albo \u00abpowszechnie stosowane\u00bb. Wielu rasowych podr\u00f3\u017cnik\u00f3w ceni sobie dotarcie do miejsca, w kt\u00f3rym dot\u0105d nie by\u0142o nikogo przed nimi.\u00a0W\u0142a\u015bnie&#8230;! Tym drugim powodem, by\u00a0podr\u00f3\u017cowa\u0107, by\u0142o do\u015bwiadczanie w\u0142asnego, indywidualnego dokonania \u2014<br \/>\nczy\u017cby rado\u015b\u0107 z wchodzenia smokowi w\u00a0drog\u0119?<\/em><\/p>\n<p><em>Odpowiedzi\u0105 jest chyba to, \u017ce zaj\u0105\u0142em si\u0119 survivalem, sztuk\u0105 przetrwania. Oto \u015bwiadome stani\u0119cie przed twardym zadaniem: ucieczka od cywilizacyjnej papki \u2014 kosztem zmagania si\u0119 z natur\u0105 \u2014\u00a0<span style=\"color: #ffffff;\">sauvage<\/span>. Fantastycznie \u0142\u0105czy si\u0119 z podr\u00f3\u017cowaniem. Ci\u0105g\u0142a zmiana miejsca oznacza zarazem ci\u0105g\u0142\u0105 zmian\u0119 dekoracji i uwarunkowa\u0144. A\u00a0wi\u0119c nieustann\u0105 konieczno\u015b\u0107 uruchamiania proces\u00f3w poznawczych oraz adaptacyjnych. Poznawanie nowych miejsc automatycznie kojarzy si\u0119 z nowym krajobrazem, nowymi lud\u017ami (a zarazem now\u0105 komunikacj\u0105 z nimi w\u00a0ramach \u2014 nieraz zaskakuj\u0105cych \u2014 odmiennych kod\u00f3w kulturowych), nowymi zapachami i smakami,<br \/>\ncz\u0119sto z\u00a0nowym, innym klimatem&#8230;<\/em><\/p>\n<p><em>Survival doskonale wsp\u00f3\u0142brzmi z wyjazdem w ciemno, kiedy to mo\u017cna prze\u017cy\u0107 wiele ekscytuj\u0105cych niespodzianek. Nie wyobra\u017cam sobie jednak wyjazdu \u00abna g\u0142upa\u00bb, bez liczenia si\u0119 z tym innym \u015bwiatem, z kt\u00f3rym mam si\u0119 spotka\u0107. To domena ludzi z niedojrza\u0142ym ego \u2014\u00a0ono uwa\u017ca za najlepsze tylko to, co \u00abw\u0142asne\u00bb i\u00a0lekcewa\u017cy wszystko, co odmienne. Przez to nie potrafi czerpa\u0107 niezwyk\u0142ych dozna\u0144 z obcowania z \u00abinno\u015bci\u0105\u00bb. I\u00a0nie ma tu znaczenia, czy jest to podr\u00f3\u017c na inn\u0105 p\u00f3\u0142kul\u0119, czy do innego powiatu&#8230;<\/em><\/p>\n<p>&nbsp;<\/p>\n","protected":false},"excerpt":{"rendered":"<p>Grzech pierworodny&#8230;\u00a0nie polega bynajmniej na pojawieniu si\u0119 wstydu ze wzgl\u0119du na w\u0142asn\u0105 nago\u015b\u0107. Taka interpretacja zacz\u0119\u0142a niszczy\u0107 cz\u0142owieka w cz\u0142owieku, bo&#8230; nago\u015b\u0107 jest naturalna. Nienaturalne natomiast jest poczucie, \u017ce kto\u015b co\u015b ma, a ja tego nie mam, zatem znaczy, \u017ce &hellip; <a class=\"more-link\" href=\"http:\/\/www.survival.edu.pl\/wp-index.php\/?page_id=1889\">Czytaj dalej <span class=\"meta-nav\">&rarr;<\/span><\/a><\/p>\n","protected":false},"author":2,"featured_media":0,"parent":0,"menu_order":500,"comment_status":"closed","ping_status":"closed","template":"","meta":[],"_links":{"self":[{"href":"http:\/\/www.survival.edu.pl\/wp-index.php\/index.php?rest_route=\/wp\/v2\/pages\/1889"}],"collection":[{"href":"http:\/\/www.survival.edu.pl\/wp-index.php\/index.php?rest_route=\/wp\/v2\/pages"}],"about":[{"href":"http:\/\/www.survival.edu.pl\/wp-index.php\/index.php?rest_route=\/wp\/v2\/types\/page"}],"author":[{"embeddable":true,"href":"http:\/\/www.survival.edu.pl\/wp-index.php\/index.php?rest_route=\/wp\/v2\/users\/2"}],"replies":[{"embeddable":true,"href":"http:\/\/www.survival.edu.pl\/wp-index.php\/index.php?rest_route=%2Fwp%2Fv2%2Fcomments&post=1889"}],"version-history":[{"count":70,"href":"http:\/\/www.survival.edu.pl\/wp-index.php\/index.php?rest_route=\/wp\/v2\/pages\/1889\/revisions"}],"predecessor-version":[{"id":5628,"href":"http:\/\/www.survival.edu.pl\/wp-index.php\/index.php?rest_route=\/wp\/v2\/pages\/1889\/revisions\/5628"}],"wp:attachment":[{"href":"http:\/\/www.survival.edu.pl\/wp-index.php\/index.php?rest_route=%2Fwp%2Fv2%2Fmedia&parent=1889"}],"curies":[{"name":"wp","href":"https:\/\/api.w.org\/{rel}","templated":true}]}}