{"id":185,"date":"2012-09-26T17:23:47","date_gmt":"2012-09-26T15:23:47","guid":{"rendered":"http:\/\/www.survival.edu.pl\/wp-index.php\/?page_id=185"},"modified":"2016-11-30T21:44:05","modified_gmt":"2016-11-30T19:44:05","slug":"survivalowe-myslenie","status":"publish","type":"page","link":"http:\/\/www.survival.edu.pl\/wp-index.php\/?page_id=185","title":{"rendered":"Survivalowe my\u015blenie"},"content":{"rendered":"<p style=\"text-align: justify;\">Kiedy\u015b odby\u0142a si\u0119 dyskusja: &#8222;survivalowe my\u015blenie&#8221; nie istnieje, tak samo jak nie istnieje specjalne my\u015blenie przy je\u017adzie na rowerze \u2014\u00a0poda\u0142 jeden z dyskutant\u00f3w. Wobec tego argumentu mo\u017ce powinni\u015bmy uzna\u0107, \u017ce nie istnieje my\u015blenie polityczne, ekonomiczne, w duchu spo\u0142ecznym, albo\u00a0w\u00a0duchu po\u017cogi wojennej.<\/p>\n<p style=\"text-align: justify;\">Uznajmy, dla swoich egoistycznych potrzeb, \u017ce my\u015blenie w duchu przetrwaniowym istnieje. R\u00f3wnie\u017c dla naszej wygody zg\u00f3d\u017amy si\u0119, \u017ce &#8222;my\u015blenie przetrwaniowe&#8221; b\u0119dzie tu oznacza\u0107 kierunek i styl my\u015blenia ka\u017cdego cz\u0142owieka, zw\u0142aszcza kt\u00f3ry b\u0119dzie w sytuacji opresyjnej, za\u015b &#8222;my\u015blenie survivalowe&#8221; b\u0119dzie oznacza\u0107 wy\u017cszy poziom, gdy\u017c jest to ju\u017c: <em>&#8222;zesp\u00f3\u0142 postaw i \u015bwiadomych zabieg\u00f3w przygotowuj\u0105cych do przetrwania oraz s\u0142u\u017c\u0105cych przetrwaniu w\u00a0przewidywanych trudnych i skrajnie trudnych sytuacjach&#8221;<\/em> \u2013\u00a0<span style=\"text-decoration: underline;\"><a href=\"http:\/\/pl.wikipedia.org\/wiki\/Krzysztof_Kwiatkowski_%28pedagog%29\" target=\"_blank\">Wikipedia<\/a><\/span>.<\/p>\n<p style=\"text-align: justify;\">Prosz\u0119 zobaczy\u0107, poni\u017cej ukazane s\u0105 kolejne, poziome zestawienia nieco r\u00f3\u017cni\u0105cych si\u0119 (nie znaczeniem s\u0142owa, ale\u00a0warto\u015bci\u0105 dla cz\u0142owieka) poj\u0119\u0107. Rozumiej\u0105c \u2014\u00a0cho\u0107by spontanicznie \u2014 o co chodzi w rozumowaniu i\u00a0dzia\u0142aniu survivalowym, nie b\u0119dziemy mie\u0107 problem\u00f3w z wyborem:<\/p>\n<div style=\"text-align: left;\" align=\"center\"><a href=\"http:\/\/www.survival.edu.pl\/wp-content\/uploads\/2012\/09\/myslenie.png\"><img loading=\"lazy\" class=\"wp-image-186 aligncenter\" title=\"myslenie\" src=\"http:\/\/www.survival.edu.pl\/wp-content\/uploads\/2012\/09\/myslenie.png\" alt=\"\" width=\"701\" height=\"255\" \/><\/a><\/div>\n<div style=\"text-align: justify;\" align=\"center\">Nie spiesz si\u0119, bo tu nie chodzi o rekord, ani o sprawdzian, czy nadajesz si\u0119 do czegokolwiek. Spokojnie rozwa\u017c ka\u017cd\u0105 par\u0119 okre\u015ble\u0144, zachowaj czujno\u015b\u0107, jakby kry\u0142a si\u0119 w tym pu\u0142apka. Jednocze\u015bnie wyluzuj, bo pu\u0142apki nie ma.<\/div>\n<div style=\"text-align: justify;\" align=\"center\">Ju\u017c sko\u0144czy\u0142e\u015b i jeste\u015b pewien wyboru? Na serio?<br \/>\nTo zerknij, czy czego\u015b nie przeoczy\u0142e\u015b&#8230;<\/div>\n<div style=\"text-align: left;\" align=\"center\"><\/div>\n<div style=\"text-align: left;\" align=\"center\"><\/div>\n<div style=\"text-align: left;\" align=\"center\"><\/div>\n<div style=\"text-align: left;\" align=\"center\"><span style=\"color: #ffff99;\">Jak posz\u0142o?<\/span><\/div>\n<div style=\"text-align: justify;\" align=\"center\">\n<hr align=\"center\" size=\"2\" width=\"100%\" \/>\n<\/div>\n<ul style=\"text-align: justify;\">\n<li><span style=\"color: #ffff99;\"><span style=\"color: #ffffff;\">Posiadanie wiedzy jest rzecz\u0105 niezb\u0119dn\u0105, ale czy potrafimy wykorzysta\u0107 j\u0105 w praktyce, czy potrafimy tw\u00f3rczo uzupe\u0142ni\u0107 j\u0105 o element, kt\u00f3rego akurat nie znamy?<\/span><\/span><\/li>\n<li><span style=\"color: #ffffff;\">Znajomo\u015b\u0107 procedur systematyzuje i precyzuje nasze dzia\u0142ania, ale jakie procedury zastosujecie, kiedy nagle w lesie pojawi si\u0119 nied\u017awied\u017a \u2014\u00a0nie stosuj\u0105cy si\u0119 do procedur?<\/span><\/li>\n<li><span style=\"color: #ffffff;\">Znajomo\u015b\u0107 rozwi\u0105za\u0144 to cenny skarb, sytuacje jednak r\u00f3\u017cni\u0105 si\u0119 mi\u0119dzy sob\u0105 i spo\u015br\u00f3d wielu rozwi\u0105za\u0144 trzeba b\u0119dzie wybra\u0107 t\u0119 najbardziej optymaln\u0105.<\/span><\/li>\n<li><span style=\"color: #ffffff;\">Znaj\u0105c sytuacj\u0119 mo\u017cemy przyporz\u0105dkowa\u0107 do konkretnej kategorii zdarze\u0144, ale czy do ko\u0144ca rozumiemy znaczenie poszczeg\u00f3lnych jej element\u00f3w?<\/span><\/li>\n<li><span style=\"color: #ffffff;\">Przeczekanie bywa tylko odruchem; cz\u0142owiek survivalu d\u0105\u017cy do utrzymania swojej sterowno\u015bci (wp\u0142ywu na sytuacj\u0119) \u2014\u00a0dla niego wyb\u00f3r taktyki &#8222;przeczekania&#8221; jest nieemocjonalnym wyborem spo\u015br\u00f3d wielu innych, a\u00a0wi\u0119c \u015bwiadomym podj\u0119ciem decyzji&#8230;<\/span><\/li>\n<\/ul>\n<p style=\"text-align: justify;\"><span style=\"color: #ffff99;\">Poni\u017cej: odpowiedzi &#8222;lepsze&#8221; \u2014\u00a0pola zaznaczone krzy\u017cykami&#8230; (ale czasem bywa odwrotnie)<\/span><\/p>\n<p><img loading=\"lazy\" class=\"alignnone wp-image-1896 aligncenter\" src=\"http:\/\/www.survival.edu.pl\/wp-content\/uploads\/wyniki.png\" alt=\"wyniki\" width=\"54\" height=\"118\" \/><\/p>\n","protected":false},"excerpt":{"rendered":"<p>Kiedy\u015b odby\u0142a si\u0119 dyskusja: &#8222;survivalowe my\u015blenie&#8221; nie istnieje, tak samo jak nie istnieje specjalne my\u015blenie przy je\u017adzie na rowerze \u2014\u00a0poda\u0142 jeden z dyskutant\u00f3w. Wobec tego argumentu mo\u017ce powinni\u015bmy uzna\u0107, \u017ce nie istnieje my\u015blenie polityczne, ekonomiczne, w duchu spo\u0142ecznym, albo\u00a0w\u00a0duchu po\u017cogi &hellip; <a class=\"more-link\" href=\"http:\/\/www.survival.edu.pl\/wp-index.php\/?page_id=185\">Czytaj dalej <span class=\"meta-nav\">&rarr;<\/span><\/a><\/p>\n","protected":false},"author":2,"featured_media":0,"parent":282,"menu_order":0,"comment_status":"closed","ping_status":"closed","template":"","meta":[],"_links":{"self":[{"href":"http:\/\/www.survival.edu.pl\/wp-index.php\/index.php?rest_route=\/wp\/v2\/pages\/185"}],"collection":[{"href":"http:\/\/www.survival.edu.pl\/wp-index.php\/index.php?rest_route=\/wp\/v2\/pages"}],"about":[{"href":"http:\/\/www.survival.edu.pl\/wp-index.php\/index.php?rest_route=\/wp\/v2\/types\/page"}],"author":[{"embeddable":true,"href":"http:\/\/www.survival.edu.pl\/wp-index.php\/index.php?rest_route=\/wp\/v2\/users\/2"}],"replies":[{"embeddable":true,"href":"http:\/\/www.survival.edu.pl\/wp-index.php\/index.php?rest_route=%2Fwp%2Fv2%2Fcomments&post=185"}],"version-history":[{"count":25,"href":"http:\/\/www.survival.edu.pl\/wp-index.php\/index.php?rest_route=\/wp\/v2\/pages\/185\/revisions"}],"predecessor-version":[{"id":4074,"href":"http:\/\/www.survival.edu.pl\/wp-index.php\/index.php?rest_route=\/wp\/v2\/pages\/185\/revisions\/4074"}],"up":[{"embeddable":true,"href":"http:\/\/www.survival.edu.pl\/wp-index.php\/index.php?rest_route=\/wp\/v2\/pages\/282"}],"wp:attachment":[{"href":"http:\/\/www.survival.edu.pl\/wp-index.php\/index.php?rest_route=%2Fwp%2Fv2%2Fmedia&parent=185"}],"curies":[{"name":"wp","href":"https:\/\/api.w.org\/{rel}","templated":true}]}}