{"id":180,"date":"2012-09-26T17:16:20","date_gmt":"2012-09-26T15:16:20","guid":{"rendered":"http:\/\/www.survival.edu.pl\/wp-index.php\/?page_id=180"},"modified":"2017-09-26T23:04:42","modified_gmt":"2017-09-26T21:04:42","slug":"moc-socjologiczna","status":"publish","type":"page","link":"http:\/\/www.survival.edu.pl\/wp-index.php\/?page_id=180","title":{"rendered":"Moc socjologiczna"},"content":{"rendered":"<p style=\"text-align: justify;\"><a href=\"http:\/\/www.survival.edu.pl\/wp-content\/uploads\/2012\/09\/need-head.jpg\"><img loading=\"lazy\" class=\"alignleft\" title=\"caput indigebat\" src=\"http:\/\/www.survival.edu.pl\/wp-content\/uploads\/2012\/09\/need-head-150x150.jpg\" alt=\"potrzebna g\u0142owa\" width=\"58\" height=\"58\" \/><\/a>Wed\u0142ug Mariana Mazura *) dysponujemy r\u00f3\u017cnego typu mocami (stosunek energii do czasu) fizjo-psycho-socjologicznymi.<\/p>\n<p style=\"text-align: justify;\">Cz\u0142owiek jest bytem autonomicznym (w znaczeniu cybernetycznym), zatem posiadaj\u0105cym zdolno\u015b\u0107 sterowania oraz zdolno\u015b\u0107 przeciwdzia\u0142ania utracie zdolno\u015bci sterowania. Oddzia\u0142ywanie na otoczenie odbywa si\u0119 dzi\u0119ki wykorzystywaniu w okre\u015blonym czasie pe\u0142nej energii w\u0142asnego organizmu, kt\u00f3r\u0105 autor nazywa <span style=\"color: #ff9900;\">moc\u0105 fizjologiczn\u0105<\/span>. Energia w\u0142asnego organizmu zu\u017cywana jest na podtrzymywanie jego funkcjonalno\u015bci \u2014\u00a0w porcji zwanej <span style=\"color: #ff9900;\">moc\u0105 ja\u0142ow\u0105<\/span>. Pozosta\u0142a cz\u0119\u015b\u0107 energii zwana jest <span style=\"color: #ff9900;\">moc\u0105 dyspozycyjn\u0105<\/span>. Oznacza to, \u017ce dysponujemy t\u0105 energi\u0105 wed\u0142ug swego uznania. Jej cz\u0119\u015b\u0107 zu\u017cywamy na uzyskiwanie energii z otoczenia, co nazywamy <span style=\"color: #ff9900;\">moc\u0105 robocz\u0105<\/span> (zdobywanie \u017cywno\u015bci, wykonywanie pracy zarobkowej \u2014 maj\u0105 one zapewni\u0107 utrzymanie mocy ja\u0142owej i roboczej). Pozosta\u0142a energia (moc swobodna) pozostaje&#8230; do zmarnowania, b\u0105d\u017a do wykonywania czynno\u015bci dowolnych (mo\u017ce to by\u0107 energia przeznaczana na ulepszania w\u0142asnych warunk\u00f3w, a wi\u0119c uzyskiwania wi\u0119cej \u015brodk\u00f3w daj\u0105cych energi\u0119).<\/p>\n<p style=\"text-align: justify;\">Istnieje te\u017c <span style=\"color: #ff9900;\">moc socjologiczna<\/span>. Zwi\u0105zana jest ona z uzyskiwaniem wp\u0142ywu na otoczenie bez utraty w\u0142asnej mocy fizjologicznej. Wynika ze zgromadzonych wcze\u015bniej r\u00f3\u017cnego typu zasob\u00f3w. Mog\u0105 to by\u0107 od\u0142o\u017cone oszcz\u0119dno\u015bci, silna pozycja spo\u0142eczna, wykorzystywanie uzyskanej przychylno\u015bci innych ludzi&#8230;<\/p>\n<p style=\"text-align: justify;\">Oszcz\u0119dno\u015bci pozwalaj\u0105 na pos\u0142u\u017cenie si\u0119 nimi w niekorzystnej dla nas sytuacji, kiedy nasza moc fizjologiczna okazuje si\u0119 niewystarczaj\u0105ca (lub nie chcemy si\u0119 przem\u0119cza\u0107 z innych powod\u00f3w) \u2014\u00a0p\u0142acimy wi\u0119c innym za wykonanie za nas po\u017c\u0105danej czynno\u015bci.<\/p>\n<p style=\"text-align: justify;\">Silna pozycja spo\u0142eczna mo\u017ce polega\u0107 na wydaniu polecenia innym ludziom. Sta\u0107 si\u0119 to mo\u017ce w ramach naszej roli spo\u0142ecznej i zgodnie z etyk\u0105 (kierowca wiezie dyrektora na miejsce spotkania). Mo\u017ce jednak wi\u0105za\u0107 si\u0119 z\u00a0nadu\u017cywaniem w\u0142adzy, czyli mo\u017ce polega\u0107 na \u017c\u0105daniu przys\u0142ug spoza zakresu obowi\u0105zk\u00f3w s\u0142u\u017cbowych.<\/p>\n<p style=\"text-align: justify;\">Wa\u017cne dla nas dobra mo\u017cemy uzyskiwa\u0107 jednak \u015brodkami nieetycznymi bez posiadania pozycji spo\u0142ecznej. B\u0119d\u0105c silnymi i agresywnymi, podst\u0119pnymi i k\u0142amliwymi \u2014 mo\u017cemy wymusza\u0107, stosowa\u0107 oszustwo, szanta\u017c czy kradzie\u017c, i uzyskiwa\u0107 od innych ludzi energi\u0119 przeznaczon\u0105 dla nas.<\/p>\n<p style=\"text-align: justify;\">Gospodarowanie energi\u0105 i czasem zgodnie z regu\u0142ami prakseologii pozwala uzyskiwa\u0107 wyniki optymalne dla nas. Oznacza to trzymanie si\u0119 regu\u0142y: jak najlepsze rezultaty jak najmniejszym wysi\u0142kiem.<\/p>\n<div style=\"text-align: justify;\" align=\"center\">\n<hr align=\"center\" size=\"2\" width=\"100%\" \/>\n<\/div>\n<p style=\"text-align: justify;\"><a href=\"http:\/\/www.survival.edu.pl\/wp-content\/uploads\/2012\/09\/need-head.jpg\"><img loading=\"lazy\" class=\"alignright\" title=\"caput indigebat\" src=\"http:\/\/www.survival.edu.pl\/wp-content\/uploads\/2012\/09\/need-head-150x150.jpg\" alt=\"potrzebna g\u0142owa\" width=\"58\" height=\"58\" \/><\/a><\/p>\n<p style=\"text-align: justify;\">W survivalu priorytetem, <span style=\"color: #ff9900;\">absolutnym minimum, jest podtrzymanie mocy ja\u0142owej<\/span>. Odnosi si\u0119 to jednak do tych sytuacji ekstremalnych, w kt\u00f3rych czas przeznaczony na ratunek jest kr\u00f3tki, za\u015b straty organiczne wystarczaj\u0105co niskie, by przetrwa\u0107.<\/p>\n<p style=\"text-align: justify;\">W d\u0142u\u017cszym okresie przebywania w podobnej sytuacji pojawia si\u0119 drugi priorytet: <span style=\"color: #ff9900;\">podtrzymywanie mocy roboczej<\/span>. Pozwoli ona wypracowywa\u0107 energi\u0119 podtrzymuj\u0105ca moc ja\u0142ow\u0105. Zachowanie wolnej mocy swobodnej da nam z kolei mo\u017cliwo\u015b\u0107 samodzielnego wydobywania si\u0119 z sytuacji.<\/p>\n<p style=\"text-align: justify;\">Odkrycie, \u017ce istnieje <span style=\"color: #ff9900;\">mo\u017cliwo\u015b\u0107 korzystania z mocy socjologicznej \u2014 wzmacnia nasze szanse<\/span>. Najbardziej korzystne (prakseologiczne) jest posiadanie tej mocy w postaci przychylno\u015bci innych ludzi oraz przez wymian\u0119 przys\u0142ug (wsp\u00f3\u0142praca). W innych sytuacjach (wykorzystywanie w\u0142adzy, przemocy, oszustwa, kradzie\u017cy) mo\u017cemy nie tylko t\u0119 moc straci\u0107 bezpowrotnie, ale nawet znale\u017a\u0107 si\u0119 w sferze warto\u015bci ujemnych.<\/p>\n<p style=\"text-align: justify;\">Kluczowym poj\u0119ciem jest <span style=\"color: #ff9900;\">oszcz\u0119dzanie<\/span>. I nie chodzi tu tylko o zasoby pieni\u0119\u017cne. Nale\u017cy mie\u0107 na my\u015bli wytworzenia specyficznego sposobu my\u015blenia polegaj\u0105cego na umiej\u0119tno\u015bci niewydatkowania swych wszelkich zasob\u00f3w bezproduktywnie b\u0105d\u017a w nadmiarze. Chodzi wi\u0119c tu i o energie, i zasoby ludzkie oraz czas wraz dok\u0142adno\u015bci\u0105 dzia\u0142ania (skuteczno\u015b\u0107). Mo\u017cemy to nazwa\u0107 <span style=\"color: #ff9900;\">gospodarowaniem w\u0142asn\u0105 energi\u0105 \u017cyciow\u0105<\/span>.<\/p>\n<h6 style=\"text-align: justify;\"><span style=\"color: #ffff99;\">*) Por. Marian Mazur, Cybernetyka i charakter, PIW, Warszawa 1976<\/span><\/h6>\n","protected":false},"excerpt":{"rendered":"<p>Wed\u0142ug Mariana Mazura *) dysponujemy r\u00f3\u017cnego typu mocami (stosunek energii do czasu) fizjo-psycho-socjologicznymi. Cz\u0142owiek jest bytem autonomicznym (w znaczeniu cybernetycznym), zatem posiadaj\u0105cym zdolno\u015b\u0107 sterowania oraz zdolno\u015b\u0107 przeciwdzia\u0142ania utracie zdolno\u015bci sterowania. Oddzia\u0142ywanie na otoczenie odbywa si\u0119 dzi\u0119ki wykorzystywaniu w okre\u015blonym czasie &hellip; <a class=\"more-link\" href=\"http:\/\/www.survival.edu.pl\/wp-index.php\/?page_id=180\">Czytaj dalej <span class=\"meta-nav\">&rarr;<\/span><\/a><\/p>\n","protected":false},"author":2,"featured_media":0,"parent":175,"menu_order":0,"comment_status":"closed","ping_status":"closed","template":"","meta":[],"_links":{"self":[{"href":"http:\/\/www.survival.edu.pl\/wp-index.php\/index.php?rest_route=\/wp\/v2\/pages\/180"}],"collection":[{"href":"http:\/\/www.survival.edu.pl\/wp-index.php\/index.php?rest_route=\/wp\/v2\/pages"}],"about":[{"href":"http:\/\/www.survival.edu.pl\/wp-index.php\/index.php?rest_route=\/wp\/v2\/types\/page"}],"author":[{"embeddable":true,"href":"http:\/\/www.survival.edu.pl\/wp-index.php\/index.php?rest_route=\/wp\/v2\/users\/2"}],"replies":[{"embeddable":true,"href":"http:\/\/www.survival.edu.pl\/wp-index.php\/index.php?rest_route=%2Fwp%2Fv2%2Fcomments&post=180"}],"version-history":[{"count":25,"href":"http:\/\/www.survival.edu.pl\/wp-index.php\/index.php?rest_route=\/wp\/v2\/pages\/180\/revisions"}],"predecessor-version":[{"id":5936,"href":"http:\/\/www.survival.edu.pl\/wp-index.php\/index.php?rest_route=\/wp\/v2\/pages\/180\/revisions\/5936"}],"up":[{"embeddable":true,"href":"http:\/\/www.survival.edu.pl\/wp-index.php\/index.php?rest_route=\/wp\/v2\/pages\/175"}],"wp:attachment":[{"href":"http:\/\/www.survival.edu.pl\/wp-index.php\/index.php?rest_route=%2Fwp%2Fv2%2Fmedia&parent=180"}],"curies":[{"name":"wp","href":"https:\/\/api.w.org\/{rel}","templated":true}]}}