{"id":170,"date":"2012-09-26T17:07:57","date_gmt":"2012-09-26T15:07:57","guid":{"rendered":"http:\/\/www.survival.edu.pl\/wp-index.php\/?page_id=170"},"modified":"2016-06-17T20:19:53","modified_gmt":"2016-06-17T18:19:53","slug":"pokonywanie-stresu","status":"publish","type":"page","link":"http:\/\/www.survival.edu.pl\/wp-index.php\/?page_id=170","title":{"rendered":"Pokonywanie stresu"},"content":{"rendered":"<p style=\"text-align: justify;\"><a href=\"http:\/\/www.survival.edu.pl\/wp-content\/uploads\/2012\/09\/need-head.jpg\"><img loading=\"lazy\" class=\"alignright\" title=\"caput indigebat\" src=\"http:\/\/www.survival.edu.pl\/wp-content\/uploads\/2012\/09\/need-head-150x150.jpg\" alt=\"potrzebna g\u0142owa\" width=\"58\" height=\"58\" \/><\/a>Pokonywanie (opanowywanie, oswajanie) stresu opiera si\u0119 korzystaniu z trzech\u00a0mo\u017cliwo\u015bci.<\/p>\n<p style=\"text-align: justify;\">Jedna z nich to wrodzona <span style=\"color: #ff9900;\">odporno\u015b\u0107 na stres<\/span>, a wi\u0119c osobiste cechy temperamentalne. Okre\u015blaj\u0105 one nasz\u0105 \u0142atwo\u015b\u0107 ulegania pobudzeniu, si\u0142\u0119 tego pobudzenia oraz jego trwa\u0142o\u015b\u0107. W tym wypadku optymalne korzystanie z\u00a0tej mo\u017cliwo\u015bci sprowadza si\u0119 do znajomo\u015bci samego siebie. Przeczekanie lub zastosowanie &#8222;sposobu babuni&#8221;. Bez tego nasze cechy tak\u017ce funkcjonuj\u0105 samoistnie, jednakowo\u017c znajomo\u015b\u0107 oraz rozumienie tego znacznie podnosi skuteczno\u015b\u0107.<\/p>\n<p style=\"text-align: justify;\">Druga mo\u017cliwo\u015b\u0107 polega na <span style=\"color: #ff9900;\">&#8222;uczeniu si\u0119 stresu&#8221;<\/span>. Jest to ni mniej nie wi\u0119cej do\u015bwiadczanie sytuacji o\u00a0akceptowanym, podniesionym poziomie stresu. W naszym przypadku nazwiemy to &#8222;treningiem survivalowym&#8221; albo &#8222;szczepieniem stresem&#8221;. W wyniku takiego dzia\u0142ania powstaj\u0105 w psychice nastawienia &#8222;odporno\u015bciowe&#8221;, kt\u00f3re sytuacj\u0119 stresow\u0105 rozpoznaj\u0105 jako sobie znan\u0105, a wi\u0119c mniej agresywn\u0105.<\/p>\n<p style=\"text-align: justify;\">Trzecia mo\u017cliwo\u015b\u0107 wynika z ewidentnej pracy nad sob\u0105. Odwo\u0142uj\u0119 si\u0119 tu do mojej zasady, m\u00f3wi\u0105cej, \u017ce WIEDZIE\u0106\u00a0nie r\u00f3wna si\u0119 ROZUMIE\u0106.\u00a0Jest to oczywiste, \u017ce &#8222;wiedzie\u0107&#8221; jest chronologicznie przed &#8222;rozumie\u0107&#8221;, wielu jednak zadowala si\u0119 jedynie tym pierwszym. Szyderczo powiem, \u017ce wystarcza to, by zab\u0142ysn\u0105\u0107 przed znajomymi lub podw\u0142adnymi.<\/p>\n<div style=\"text-align: justify;\" align=\"center\">\n<hr align=\"center\" size=\"2\" width=\"100%\" \/>\n<\/div>\n<p style=\"text-align: justify;\"><a href=\"http:\/\/www.survival.edu.pl\/wp-content\/uploads\/2012\/09\/need-head.jpg\"><img loading=\"lazy\" class=\"alignright\" title=\"caput indigebat\" src=\"http:\/\/www.survival.edu.pl\/wp-content\/uploads\/2012\/09\/need-head-150x150.jpg\" alt=\"potrzebna g\u0142owa\" width=\"58\" height=\"58\" \/><\/a>Je\u017celi w zasadzie w ramach pierwszej mo\u017cliwo\u015bci dysponujemy stosunkowo niezmiennym potencja\u0142em, o\u00a0tyle\u00a0w\u00a0drugiej sytuacji mo\u017cemy dokonywa\u0107 sta\u0142ych, progresywnych modyfikacji.<\/p>\n<p style=\"text-align: justify;\">Dla ludzi ma\u0142o zainteresowanych funkcjonowaniem cz\u0142owieka nie jest to dobra wiadomo\u015b\u0107. Ich odporno\u015b\u0107 psychiczna na skutek treningu co prawda wzrasta, ale dzieje si\u0119 to w spos\u00f3b przypadkowy, nierzadko poza \u015bwiadomo\u015bci\u0105. Zainteresowanie w\u0142asnym JA, a tym samym si\u0119gni\u0119cie do literatury psychologicznej, powoduje istotny wzrost mo\u017cliwo\u015bci wp\u0142ywania na ten proces.<\/p>\n<p style=\"text-align: justify;\">Odporno\u015b\u0107 na stres znacz\u0105co wi\u0105\u017ce si\u0119 z <span style=\"color: #ff9900;\">wol\u0105 przetrwania<\/span> (opisanej w mojej ksi\u0105\u017cce <strong><span style=\"color: #ffffff;\"><em>Survival po polsku<\/em><\/span><\/strong>) oraz om\u00f3wionej <span style=\"text-decoration: underline;\"><a href=\"http:\/\/www.survival.edu.pl\/wp-index.php\/?page_id=70\" target=\"_blank\">tutaj<\/a><\/span>. Szukanie w\u0142asnej odporno\u015bci sprowadza\u00a0si\u0119\u00a0bowiem\u00a0do:<\/p>\n<ul style=\"text-align: justify;\">\n<li><span style=\"color: #ffffff;\">wp\u0142ywania na w\u0142asne pobudzenie emocjonalne<\/span><\/li>\n<li><span style=\"color: #ffffff;\">adekwatnej oceny sytuacji (skorzystania z posiadanej wiedzy o zagro\u017ceniach)<\/span><\/li>\n<li><span style=\"color: #ffffff;\">szybkiej adaptacji do sytuacji (rozumienie sytuacji)<\/span><\/li>\n<li><span style=\"color: #ffffff;\">oceny zasob\u00f3w (czas, narz\u0119dzia, pomoc innych ludzi)<\/span><\/li>\n<li><span style=\"color: #ffffff;\">sprawnego rozwi\u0105zywania powsta\u0142ych problem\u00f3w<\/span><\/li>\n<li><span style=\"color: #ffffff;\">\u015bwiadomego, aktywnego dzia\u0142ania<\/span><\/li>\n<li><span style=\"color: #ffffff;\">umiej\u0119tno\u015bci szybkiej regeneracji<\/span><\/li>\n<\/ul>\n<p align=\"center\"><a href=\"http:\/\/www.survival.edu.pl\/wp-content\/uploads\/2012\/09\/opresja.png\"><img loading=\"lazy\" class=\"size-full wp-image-171 aligncenter\" title=\"opresja\" src=\"http:\/\/www.survival.edu.pl\/wp-content\/uploads\/2012\/09\/opresja.png\" alt=\"\" width=\"442\" height=\"541\" srcset=\"http:\/\/www.survival.edu.pl\/wp-content\/uploads\/2012\/09\/opresja.png 442w, http:\/\/www.survival.edu.pl\/wp-content\/uploads\/2012\/09\/opresja-245x300.png 245w\" sizes=\"(max-width: 442px) 100vw, 442px\" \/><\/a><\/p>\n<p style=\"text-align: justify;\">Pierwsza reakcja oznacza pojawienie si\u0119 naturalnych emocji i\u00a0towarzysz\u0105cych im odruchowych zachowa\u0144. W tym momencie funkcjonuj\u0105 nasze wrodzone cechy temperamentalne oraz wyuczone zachowania z zakresu <em><span style=\"color: #ff9900;\">&#8222;ucieczka_stupor_atak&#8221;<\/span><\/em>. Trening survivalowy wyposa\u017ca nas w oswojenie si\u0119 z\u00a0sytuacjami trudnymi, opresyjnymi, st\u0105d po pierwszej reakcji istnieje mo\u017cliwo\u015b\u0107 zachowania w\u0142asnej sterowno\u015bci lub powrotu do niej (je\u015bli si\u0119 nieco &#8222;odlecia\u0142o&#8221;). Wszystko to mo\u017ce by\u0107 wspomo\u017cone przez posiadane zasoby naszej w\u0142asnej psychiki, np.:<\/p>\n<ul style=\"text-align: justify;\">\n<li><span style=\"color: #ffffff;\">akceptacja samego siebie<\/span><\/li>\n<li><span style=\"color: #ffffff;\">posiadanie celu \u017cycia<\/span><\/li>\n<li><span style=\"color: #ffffff;\">poczucie w\u0142asnej warto\u015bci<\/span><\/li>\n<li><span style=\"color: #ffffff;\">wiara w siebie i w swoje umiej\u0119tno\u015bci<\/span><\/li>\n<li><span style=\"color: #ffffff;\">moc socjologiczna (mo\u017cliwo\u015bci korzystania ze wsparcia spo\u0142ecznego)<\/span><\/li>\n<\/ul>\n","protected":false},"excerpt":{"rendered":"<p>Pokonywanie (opanowywanie, oswajanie) stresu opiera si\u0119 korzystaniu z trzech\u00a0mo\u017cliwo\u015bci. Jedna z nich to wrodzona odporno\u015b\u0107 na stres, a wi\u0119c osobiste cechy temperamentalne. Okre\u015blaj\u0105 one nasz\u0105 \u0142atwo\u015b\u0107 ulegania pobudzeniu, si\u0142\u0119 tego pobudzenia oraz jego trwa\u0142o\u015b\u0107. W tym wypadku optymalne korzystanie z\u00a0tej &hellip; <a class=\"more-link\" href=\"http:\/\/www.survival.edu.pl\/wp-index.php\/?page_id=170\">Czytaj dalej <span class=\"meta-nav\">&rarr;<\/span><\/a><\/p>\n","protected":false},"author":2,"featured_media":0,"parent":68,"menu_order":3,"comment_status":"closed","ping_status":"closed","template":"","meta":[],"_links":{"self":[{"href":"http:\/\/www.survival.edu.pl\/wp-index.php\/index.php?rest_route=\/wp\/v2\/pages\/170"}],"collection":[{"href":"http:\/\/www.survival.edu.pl\/wp-index.php\/index.php?rest_route=\/wp\/v2\/pages"}],"about":[{"href":"http:\/\/www.survival.edu.pl\/wp-index.php\/index.php?rest_route=\/wp\/v2\/types\/page"}],"author":[{"embeddable":true,"href":"http:\/\/www.survival.edu.pl\/wp-index.php\/index.php?rest_route=\/wp\/v2\/users\/2"}],"replies":[{"embeddable":true,"href":"http:\/\/www.survival.edu.pl\/wp-index.php\/index.php?rest_route=%2Fwp%2Fv2%2Fcomments&post=170"}],"version-history":[{"count":18,"href":"http:\/\/www.survival.edu.pl\/wp-index.php\/index.php?rest_route=\/wp\/v2\/pages\/170\/revisions"}],"predecessor-version":[{"id":3771,"href":"http:\/\/www.survival.edu.pl\/wp-index.php\/index.php?rest_route=\/wp\/v2\/pages\/170\/revisions\/3771"}],"up":[{"embeddable":true,"href":"http:\/\/www.survival.edu.pl\/wp-index.php\/index.php?rest_route=\/wp\/v2\/pages\/68"}],"wp:attachment":[{"href":"http:\/\/www.survival.edu.pl\/wp-index.php\/index.php?rest_route=%2Fwp%2Fv2%2Fmedia&parent=170"}],"curies":[{"name":"wp","href":"https:\/\/api.w.org\/{rel}","templated":true}]}}