{"id":1669,"date":"2014-03-17T22:58:49","date_gmt":"2014-03-17T20:58:49","guid":{"rendered":"http:\/\/www.survival.edu.pl\/wp-index.php\/?page_id=1669"},"modified":"2018-02-03T13:19:00","modified_gmt":"2018-02-03T11:19:00","slug":"dla-romantykow","status":"publish","type":"page","link":"http:\/\/www.survival.edu.pl\/wp-index.php\/?page_id=1669","title":{"rendered":"Dla romantyk\u00f3w"},"content":{"rendered":"<p style=\"text-align: justify;\">\u015awiat bywa wa\u017cony. I mierzony. Kto\u015b potrafi wzi\u0105\u0107 go pod lup\u0119 i \u015bledzi\u0107 jego przejawy \u017cycia. Potem powstaj\u0105 zapiski pe\u0142ne m\u0105dro\u015bci. A poeta powiedzia\u0142 przecie\u017c, \u017ce s\u0105 takie rzeczy, co przemawiaj\u0105 mocniej ni\u017c oko m\u0119drca, i jego powi\u0119kszaj\u0105ce szkie\u0142ko&#8230; Ja te\u017c to robi\u0119. Ale \u015bwiat nie sk\u0142ada si\u0119 z wag i\u00a0rozmiar\u00f3w. Ma swoje warto\u015bci praktyczne. Ma te\u017c to co\u015b, co porusza nasze zmys\u0142y i odwo\u0142uje si\u0119 do emocji. A ci\u0119\u017cko nam \u017cy\u0107 bez tego&#8230;<\/p>\n<hr width=\"50%\" \/>\n<p><span style=\"color: #ff9900;\"><em>Pisanie na \u017cyczenie \u2014\u00a0dla Ma\u0142gorzaty Ch.<\/em><\/span><\/p>\n<p style=\"text-align: justify;\">Las jest zaj\u0119ty sob\u0105.<br \/>\nTo lepsze powiedzenie, ni\u017c to, \u017ce las \u017cyje. Cz\u0142owiek tak\u017ce jest zaj\u0119ty sob\u0105. I to r\u00f3wnie\u017c jest lepsze okre\u015blenie. Cz\u0142owiek zbli\u017caj\u0105cy si\u0119 do lasu wie, \u017ce\u00a0przed nim jest las. Jest zaj\u0119ty swoim marszem ku \u015bcianie drzew, a potem wchodzeniem mi\u0119dzy nie. A potem zajmuje si\u0119 swoim byciem w lesie\u2026 S\u0105\u00a0to\u00a0zazwyczaj poszukiwania smacznych owoc\u00f3w malin lub czarnych jag\u00f3d. Albo grzyb\u00f3w. Pojawia si\u0119 te\u017c ciekawo\u015b\u0107, czy zobaczy si\u0119 sarn\u0119, albo\u00a0czy\u00a0uda si\u0119 umkn\u0105\u0107 przed dzikiem, gdyby\u2026 Tak mija czas i cz\u0142owiek wraca do domu. To si\u0119 nazywa \u201eby\u0142em w lesie dzisiaj\u201d.<\/p>\n<p style=\"text-align: justify;\"><a href=\"http:\/\/www.survival.edu.pl\/wp-content\/uploads\/DSC04827.jpg\" rel=\"attachment wp-att-2774\"><img loading=\"lazy\" class=\"alignleft wp-image-2774\" src=\"http:\/\/www.survival.edu.pl\/wp-content\/uploads\/DSC04827.jpg\" alt=\"DSC04827\" width=\"914\" height=\"691\" \/><\/a><\/p>\n<p style=\"text-align: justify;\">Ludzie mieszkaj\u0105cy tu\u017c obok lasu tak nie m\u00f3wi\u0105. Mieszczuch nie uruchamia m\u00f3zgu oraz narz\u0105d\u00f3w mowy, ani nie skupia na sobie \u017cadnej uwagi tylko po to, by wypowiedzie\u0107 zdanie: \u201eBy\u0142em dzi\u015b w \u0142azience\u2026\u201d Do lasu chodzi rzadko. Je\u015bli wychowa\u0142 si\u0119 na wsi \u2014\u00a0nieco cz\u0119\u015bciej, bo brakuje mu smaku grzyb\u00f3w w potrawach i woli liczy\u0107 na swoje zbiory, ni\u017cby mia\u0142 za co\u015b takiego p\u0142aci\u0107. Wchodzi do lasu, bierze to, po co przyszed\u0142, i wraca do domu. Oboj\u0119tnie.<\/p>\n<p style=\"text-align: justify;\">Nie obci\u0105\u017cam nikogo bezmy\u015blno\u015bci\u0105, brakiem emocjonalno\u015bci czy oboj\u0119tnym stosunkiem do lasu. Bo las jest zaj\u0119ty sob\u0105. Nie robi niczego \u201epod nas\u201d, nie\u00a0podlizuje si\u0119, ani nie \u0142asi\u2026 Ale swoje wie. To nie jest jedynie porzekad\u0142o: nie by\u0142o nas, by\u0142 las. Cz\u0142owiek mierzy wszystko ludzk\u0105 miar\u0105, napina swoje mi\u0119\u015bnie albo ogl\u0105da swoj\u0105 g\u0142adziutk\u0105 sk\u00f3r\u0119 w lustrze, ca\u0142y pe\u0142en zachwytu, a tymczasem\u2026 pokonuj\u0105 go ma\u0142e, niezauwa\u017cane i pogardzane bakterie.<\/p>\n<p style=\"text-align: justify;\">Las swoje wie. Jemu jest wszystko jedno, \u017ce cz\u0142owiek we\u0144 wkroczy\u0142. Tylko dla niekt\u00f3rych las otwiera swoj\u0105 dusz\u0119, i te\u017c nie do ko\u0144ca. Bo z lasem trzeba si\u0119 przespa\u0107. Nie nie\u2026 wy tylko jedno macie w g\u0142owie. Kiedy do lasu wchodzi ten, kt\u00f3ry czuje, las sam mu uchyla swej ko\u0142dry. I ten kto\u015b wie na pewno, \u017ce b\u0119dzie tu spa\u0142. Las daje mu wszystko, czego b\u0119dzie potrzebowa\u0142: mi\u0119kkie mchy jako pos\u0142anie, materia\u0142 na zbudowanie zadaszenia, susz na opa\u0142. Powoli wygasza \u015bwiat\u0142a i wycisza wn\u0119trze.<\/p>\n<p style=\"text-align: justify;\">P\u00f3ki pali si\u0119 ogie\u0144, jeste\u015bmy spokojni. Za plecami \u2014\u00a0i wok\u00f3\u0142 nas \u2014\u00a0zag\u0119szcza si\u0119 czer\u0144. Wiemy, \u017ce w niej co\u015b siedzi, co\u015b nas obserwuje, mo\u017ce si\u0119 skrada\u2026 Ale ogie\u0144, w\u0142a\u015bnie ogie\u0144 nas chroni. Sam las obawia si\u0119 ognia. Chocia\u017c\u2026 wpuszczaj\u0105c nas da\u0142 nam chyba do zrozumienia, \u017ce nam ufa. Nie\u00a0zrobi nam chyba g\u0142upiego dowcipu. Tymczasem szum ognia, trzaskanie ga\u0142\u0105zek i wystrzeliwanie iskierek dodaje nam otuchy. I tak pojawia si\u0119 konieczno\u015b\u0107, aby przynie\u015b\u0107 jeszcze troch\u0119 drewna. Odchodzimy od centrum \u015bwiat\u0142a i ciep\u0142a, i z ka\u017cdym krokiem czujemy, \u017ce im dalej od niego, tym\u00a0bardziej \u201einaczej\u201d \u2014\u00a0ale wzrok przyzwyczaja si\u0119 do ciemno\u015bci, w nozdrza (i\u00a0pod powieki) nie wciska si\u0119 natr\u0119tny dym. Jeste\u015bmy w ca\u0142kiem nowym \u015bwiecie!<\/p>\n<p style=\"text-align: justify;\">W \u017cadnym przypadku nie przypominajcie sobie \u017cadnych horror\u00f3w. Ja to kiedy\u015b zrobi\u0142em (cho\u0107 odgania\u0142em te my\u015bli) i mimo, \u017ce specjalnie ich nie\u00a0lubi\u0142em i nie ogl\u0105da\u0142em, one zrobi\u0142y swoje. Wiem, \u017ce nie czytacie tego b\u0119d\u0105c noc\u0105 w lesie, zatem nie robi\u0119 teraz niespodziewanego zamieszania. Bo\u00a0to,\u00a0co\u00a0mo\u017ce nas najbardziej skrzywdzi\u0107 noc\u0105 w lesie \u2014\u00a0siedzi w naszych g\u0142owach. I lepiej tego nie zaprasza\u0107 do rozmowy\u2026<\/p>\n<p style=\"text-align: justify;\">Kiedy nasze uszy doznaj\u0105 tego wra\u017cenia, \u017ce nie jeste\u015bmy tu sami \u2014\u00a0nam to ju\u017c wystarcza. Jak to dobrze, \u017ce od razu przypomina nam si\u0119, \u017ce lasowi trzeba wierzy\u0107, bo on nie ma z\u0142ych zamiar\u00f3w. Mo\u017cemy wci\u0105gn\u0105\u0107 powietrze i\u00a0pomy\u015ble\u0107, \u017ce ten je\u017c w ciemno\u015bciach r\u00f3wnie\u017c zamar\u0142 w bezruchu czuj\u0105c nasz\u0105 blisko\u015b\u0107. Odzywaj\u0105cy si\u0119 puszczyk potwierdza, \u017ce wszystko w porz\u0105dku \u2014\u00a0jest i czuwa.<\/p>\n<p style=\"text-align: justify;\">Za to rano\u2026 Rano czujemy wyra\u017anie, \u017ce to jeszcze nie pora na wstawanie, ale ptaki o tym nie wiedz\u0105. Splataj\u0105 swe g\u0142osy w co\u015b, co zapewne nazwaliby\u015bmy symfoni\u0105 natury, ale my wiemy, \u017ce jest to g\u0119sta i s\u0142odka konfitura, a\u00a0my jeste\u015bmy zanurzon\u0105 w niej truskawk\u0105 (niekt\u00f3rzy wol\u0105 \u2014\u00a0wisienk\u0105), i\u00a0\u017ce\u00a0te wszystkie pienia, wibracje i\u00a0\u0142askotania otaczaj\u0105 nas z lewej, z prawej, zewsz\u0105d\u2026 s\u0105 nawet w nas, w \u015brodku\u2026 I wtedy naprawd\u0119 szybko musimy pobiec w bok, aby nie dozna\u0107 nadmiaru wilgoci\u2026!<\/p>\n<hr \/>\n<p><em><span style=\"color: #ffffff;\">Dok\u0105d biegnie ta napisana sarna przez napisany las?<\/span><\/em><br \/>\n<em><span style=\"color: #ffffff;\">Czy z napisanej wody pi\u0107,<\/span><\/em><br \/>\n<em><span style=\"color: #ffffff;\">kt\u00f3ra jej pyszczek odbije jak kalka?<\/span><\/em><br \/>\n<em><span style=\"color: #ffffff;\">Dlaczego \u0142eb podnosi, czy co\u015b s\u0142yszy?<\/span><\/em><br \/>\n<em><span style=\"color: #ffffff;\">Na po\u017cyczonych z prawdy czterech n\u00f3\u017ckach wsparta<\/span><\/em><br \/>\n<em><span style=\"color: #ffffff;\">spod moich palc\u00f3w uchem strzy\u017ce,<\/span><\/em><br \/>\n<em><span style=\"color: #ffffff;\">Cisza \u2014\u00a0ten wyraz te\u017c szele\u015bci po papierze<\/span><\/em><br \/>\n<em><span style=\"color: #ffffff;\">i rozgarnia<\/span><\/em><br \/>\n<em><span style=\"color: #ffffff;\">spowodowane s\u0142owem \u201elas&#8221; ga\u0142\u0119zie,<\/span><\/em><br \/>\n<em><span style=\"color: #ffffff;\">Nad bia\u0142\u0105 kartk\u0119 czaj\u0119 si\u0119 do skoku<\/span><\/em><br \/>\n<em><span style=\"color: #ffffff;\">litery, kt\u00f3re mog\u0119 u\u0142o\u017cy\u0107 si\u0119 \u017ale,<\/span><\/em><br \/>\n<em><span style=\"color: #ffffff;\">zdania osaczaj\u0105ce,<\/span><\/em><br \/>\n<em><span style=\"color: #ffffff;\">przed kt\u00f3rymi nie b\u0119dzie ratunku.<\/span><\/em><br \/>\n<em><span style=\"color: #ffffff;\">Jest w kropli atramentu spory zapas<\/span><\/em><br \/>\n<em><span style=\"color: #ffffff;\">my\u015bliwych z przymru\u017conym okiem,<\/span><\/em><br \/>\n<em><span style=\"color: #ffffff;\">gotowych zbiec po stromym pi\u00f3rze w d\u00f3\u0142,<\/span><\/em><br \/>\n<em><span style=\"color: #ffffff;\">otoczy\u0107 sarn\u0119, z\u0142o\u017cy\u0107 si\u0119 do strza\u0142u,<\/span><\/em><br \/>\n<em><span style=\"color: #ffffff;\">Zapominaj\u0105, \u017ce tu nie jest \u017cycie.<\/span><\/em><br \/>\n<em><span style=\"color: #ffffff;\">Inne, czarno na bia\u0142ym, panuj\u0119 tu prawa,<\/span><\/em><br \/>\n<em><span style=\"color: #ffffff;\">Okamgnienie trwa\u0107 b\u0119dzie tak d\u0142ugo, jak zechc\u0119,<\/span><\/em><br \/>\n<em><span style=\"color: #ffffff;\">pozwoli si\u0119 podzieli\u0107 na ma\u0142e wieczno\u015bci<\/span><\/em><br \/>\n<em><span style=\"color: #ffffff;\">pe\u0142ne wstrzymanych w locie kul,<\/span><\/em><br \/>\n<em><span style=\"color: #ffffff;\">Na zawsze, je\u015bli ka\u017c\u0119, nic si\u0119 tu nie stanie.<\/span><\/em><br \/>\n<em><span style=\"color: #ffffff;\">Bez mojej woli nawet li\u015b\u0107 nie spadnie<\/span><\/em><br \/>\n<em><span style=\"color: #ffffff;\">ani \u017ad\u017ab\u0142o si\u0119 nie ugnie pod kropk\u0119 kopytka,<\/span><\/em><br \/>\n<em><span style=\"color: #ffffff;\">Jest wi\u0119c taki \u015bwiat,<\/span><\/em><br \/>\n<em><span style=\"color: #ffffff;\">nad kt\u00f3rym los sprawuj\u0119 niezale\u017cny?<\/span><\/em><br \/>\n<em><span style=\"color: #ffffff;\">Czas, kt\u00f3ry wi\u0119\u017c\u0119 \u0142a\u0144cuchami znak\u00f3w?<\/span><\/em><br \/>\n<em><span style=\"color: #ffffff;\">Istnienie na m\u00f3j rozkaz nieustanne?<\/span><\/em><br \/>\n<em><span style=\"color: #ffffff;\">Rado\u015b\u0107 pisania,<\/span><\/em><br \/>\n<em><span style=\"color: #ffffff;\">Mo\u017cno\u015b\u0107 utrwalania,<\/span><\/em><br \/>\n<em><span style=\"color: #ffffff;\">Zemsta r\u0119ki \u015bmiertelnej.<\/span><\/em><\/p>\n<p><span style=\"color: #ff9900;\">Wis\u0142awa Szymborska<\/span><\/p>\n<hr \/>\n<p><span style=\"color: #ffffff;\"><em>Ujrza\u0142em \u017cycie i poczu\u0142em<br \/>\n<\/em><em style=\"line-height: 1.4em;\">faluj\u0105ce powietrze<br \/>\n<\/em> <em>i ciep\u0142o na mojej sk\u00f3rze<\/em><\/span><br \/>\n<span style=\"color: #ffffff;\"> <em>A wtedy urodzi\u0142em pie\u015b\u0144<\/em><\/span><br \/>\n<span style=\"color: #ffffff;\"> <em>kt\u00f3rej cia\u0142o musia\u0142o pos\u0142ucha\u0107<\/em><\/span><\/p>\n<p><span style=\"color: #ffffff;\"><em>Moje cia\u0142o jest mi pos\u0142uszne<\/em><\/span><br \/>\n<span style=\"color: #ffffff;\"> <em>Nie pobiegnie donik\u0105d samo<\/em><\/span><br \/>\n<span style=\"color: #ffffff;\"> <em>Nie pogniecie mozo\u0142u mr\u00f3wek<\/em><\/span><br \/>\n<span style=\"color: #ffffff;\"> <em>Ani nie wyp\u0142oszy z ukrycia kosa<\/em><\/span><br \/>\n<span style=\"color: #ffffff;\"> <em>bo niby pie\u015b\u0144 jego sk\u0142adniejsza<\/em><\/span><\/p>\n<p><span style=\"color: #ffffff;\"><em>Kiedy ta\u0144cz\u0119 to wiem<\/em><\/span><br \/>\n<span style=\"color: #ffffff;\"> <em>\u017ce to \u015bwiat wiruje po nutach<\/em><\/span><br \/>\n<span style=\"color: #ffffff;\"> <em>z jednej na drug\u0105 skacz\u0105c<\/em><\/span><br \/>\n<span style=\"color: #ffffff;\"> <em>I wtedy dopiero wiem<\/em><\/span><br \/>\n<span style=\"color: #ffffff;\"> <em>\u017ce umykamy losowi<\/em><\/span><\/p>\n<p><span style=\"color: #ffffff;\"><em>Wtedy niepok\u00f3j ulata<\/em><\/span><br \/>\n<span style=\"color: #ffffff;\"> <em>bo my\u015bl mi jedna wt\u00f3ruje<\/em><\/span><br \/>\n<span style=\"color: #ffffff;\"> <em>\u017ce kto\u015b losowi przeszkodzi<\/em><\/span><br \/>\n<span style=\"color: #ffffff;\"> <em>kiedy ja \u015bpiewa\u0107 przestan\u0119<\/em><\/span><br \/>\n<span style=\"color: #ffffff;\"> <em>A to mi ca\u0142kowicie wystarcza<\/em><\/span><br \/>\n<span style=\"color: #ffffff;\"> <em>Dlatego \u015bpiewam\u2026<\/em><\/span><\/p>\n<p>Wis\u0142awie\u2026<\/p>\n","protected":false},"excerpt":{"rendered":"<p>\u015awiat bywa wa\u017cony. I mierzony. Kto\u015b potrafi wzi\u0105\u0107 go pod lup\u0119 i \u015bledzi\u0107 jego przejawy \u017cycia. Potem powstaj\u0105 zapiski pe\u0142ne m\u0105dro\u015bci. A poeta powiedzia\u0142 przecie\u017c, \u017ce s\u0105 takie rzeczy, co przemawiaj\u0105 mocniej ni\u017c oko m\u0119drca, i jego powi\u0119kszaj\u0105ce szkie\u0142ko&#8230; Ja &hellip; <a class=\"more-link\" href=\"http:\/\/www.survival.edu.pl\/wp-index.php\/?page_id=1669\">Czytaj dalej <span class=\"meta-nav\">&rarr;<\/span><\/a><\/p>\n","protected":false},"author":2,"featured_media":0,"parent":1252,"menu_order":10,"comment_status":"closed","ping_status":"closed","template":"","meta":[],"_links":{"self":[{"href":"http:\/\/www.survival.edu.pl\/wp-index.php\/index.php?rest_route=\/wp\/v2\/pages\/1669"}],"collection":[{"href":"http:\/\/www.survival.edu.pl\/wp-index.php\/index.php?rest_route=\/wp\/v2\/pages"}],"about":[{"href":"http:\/\/www.survival.edu.pl\/wp-index.php\/index.php?rest_route=\/wp\/v2\/types\/page"}],"author":[{"embeddable":true,"href":"http:\/\/www.survival.edu.pl\/wp-index.php\/index.php?rest_route=\/wp\/v2\/users\/2"}],"replies":[{"embeddable":true,"href":"http:\/\/www.survival.edu.pl\/wp-index.php\/index.php?rest_route=%2Fwp%2Fv2%2Fcomments&post=1669"}],"version-history":[{"count":34,"href":"http:\/\/www.survival.edu.pl\/wp-index.php\/index.php?rest_route=\/wp\/v2\/pages\/1669\/revisions"}],"predecessor-version":[{"id":5613,"href":"http:\/\/www.survival.edu.pl\/wp-index.php\/index.php?rest_route=\/wp\/v2\/pages\/1669\/revisions\/5613"}],"up":[{"embeddable":true,"href":"http:\/\/www.survival.edu.pl\/wp-index.php\/index.php?rest_route=\/wp\/v2\/pages\/1252"}],"wp:attachment":[{"href":"http:\/\/www.survival.edu.pl\/wp-index.php\/index.php?rest_route=%2Fwp%2Fv2%2Fmedia&parent=1669"}],"curies":[{"name":"wp","href":"https:\/\/api.w.org\/{rel}","templated":true}]}}