{"id":156,"date":"2012-09-26T16:50:40","date_gmt":"2012-09-26T14:50:40","guid":{"rendered":"http:\/\/www.survival.edu.pl\/wp-index.php\/?page_id=156"},"modified":"2015-12-26T17:58:51","modified_gmt":"2015-12-26T15:58:51","slug":"zagrozenia-woli-przetrwania","status":"publish","type":"page","link":"http:\/\/www.survival.edu.pl\/wp-index.php\/?page_id=156","title":{"rendered":"Zagro\u017cenia woli przetrwania"},"content":{"rendered":"<ul>\n<li style=\"text-align: justify;\">Z\u0142y stan zdrowotny (wycie\u0144czenie organizmu, choroba, niesprawno\u015b\u0107, itp.)<\/li>\n<li style=\"text-align: justify;\">Z\u0142y stan psychiczny (brak nadziei na pomoc z zewn\u0105trz, brak nadziei na wyj\u015bcie z sytuacji, utrata wiary, rezygnacja, itp.)<\/li>\n<li style=\"text-align: justify;\">Uruchomione procesy samodestrukcyjne (zapl\u0105tanie stresowe, mechanizmy obronne, spory, blokowanie decyzji, szukanie winnych, itp.)<\/li>\n<li style=\"text-align: justify;\">Z\u0142e uk\u0142ady ze \u015bwiatem zewn\u0119trznym (\u017cycie w konfliktach, bycie samotnym i opuszczonym, uzyskiwanie informacji od innych, \u017ce si\u0119 jest nieudacznym, itp)<\/li>\n<\/ul>\n<p>&nbsp;<\/p>\n","protected":false},"excerpt":{"rendered":"<p>Z\u0142y stan zdrowotny (wycie\u0144czenie organizmu, choroba, niesprawno\u015b\u0107, itp.) Z\u0142y stan psychiczny (brak nadziei na pomoc z zewn\u0105trz, brak nadziei na wyj\u015bcie z sytuacji, utrata wiary, rezygnacja, itp.) Uruchomione procesy samodestrukcyjne (zapl\u0105tanie stresowe, mechanizmy obronne, spory, blokowanie decyzji, szukanie winnych, itp.) &hellip; <a class=\"more-link\" href=\"http:\/\/www.survival.edu.pl\/wp-index.php\/?page_id=156\">Czytaj dalej <span class=\"meta-nav\">&rarr;<\/span><\/a><\/p>\n","protected":false},"author":2,"featured_media":0,"parent":70,"menu_order":1,"comment_status":"closed","ping_status":"closed","template":"","meta":[],"_links":{"self":[{"href":"http:\/\/www.survival.edu.pl\/wp-index.php\/index.php?rest_route=\/wp\/v2\/pages\/156"}],"collection":[{"href":"http:\/\/www.survival.edu.pl\/wp-index.php\/index.php?rest_route=\/wp\/v2\/pages"}],"about":[{"href":"http:\/\/www.survival.edu.pl\/wp-index.php\/index.php?rest_route=\/wp\/v2\/types\/page"}],"author":[{"embeddable":true,"href":"http:\/\/www.survival.edu.pl\/wp-index.php\/index.php?rest_route=\/wp\/v2\/users\/2"}],"replies":[{"embeddable":true,"href":"http:\/\/www.survival.edu.pl\/wp-index.php\/index.php?rest_route=%2Fwp%2Fv2%2Fcomments&post=156"}],"version-history":[{"count":9,"href":"http:\/\/www.survival.edu.pl\/wp-index.php\/index.php?rest_route=\/wp\/v2\/pages\/156\/revisions"}],"predecessor-version":[{"id":2955,"href":"http:\/\/www.survival.edu.pl\/wp-index.php\/index.php?rest_route=\/wp\/v2\/pages\/156\/revisions\/2955"}],"up":[{"embeddable":true,"href":"http:\/\/www.survival.edu.pl\/wp-index.php\/index.php?rest_route=\/wp\/v2\/pages\/70"}],"wp:attachment":[{"href":"http:\/\/www.survival.edu.pl\/wp-index.php\/index.php?rest_route=%2Fwp%2Fv2%2Fmedia&parent=156"}],"curies":[{"name":"wp","href":"https:\/\/api.w.org\/{rel}","templated":true}]}}