{"id":151,"date":"2012-09-26T16:46:07","date_gmt":"2012-09-26T14:46:07","guid":{"rendered":"http:\/\/www.survival.edu.pl\/wp-index.php\/?page_id=151"},"modified":"2018-05-22T13:16:32","modified_gmt":"2018-05-22T11:16:32","slug":"skladowe-woli-przetrwania","status":"publish","type":"page","link":"http:\/\/www.survival.edu.pl\/wp-index.php\/?page_id=151","title":{"rendered":"Sk\u0142adowe woli przetrwania \u00ae"},"content":{"rendered":"<p><span style=\"color: #ff9900;\"><strong>Czynniki zewn\u0119trzne:<\/strong><\/span><\/p>\n<ul>\n<li><span style=\"color: #ffffff;\">sytuacja &#8222;tu i teraz&#8221;<\/span>\n<ul>\n<li>sprzyjaj\u0105ce lokalne warunki zewn\u0119trzne<\/li>\n<li>znajomo\u015b\u0107 zagro\u017cenia<\/li>\n<li>istnienie drogi wyj\u015bcia \/ schronienia<\/li>\n<\/ul>\n<\/li>\n<li><span style=\"color: #ffffff;\">sytuacja og\u00f3lna<\/span>\n<ul>\n<li>mo\u017cliwo\u015b\u0107 komunikacji ze \u015bwiatem zewn\u0119trznym<\/li>\n<li>mo\u017cliwo\u015b\u0107 pomocy z zewn\u0105trz<\/li>\n<li>dysponowanie \u015brodkami u\u0142atwiaj\u0105cymi samoratownictwo<\/li>\n<\/ul>\n<p>&nbsp;<\/li>\n<\/ul>\n<p><span style=\"color: #ff9900;\"><strong>Czynniki wewn\u0119trzne:<\/strong><\/span><\/p>\n<ul>\n<li><span style=\"color: #ffffff;\">zdrowie i fizjologia<\/span>\n<ul>\n<li>og\u00f3lny stan zdrowia<\/li>\n<li>bie\u017c\u0105cy stan zdrowia \u2014 energetyka, sprawno\u015b\u0107 (zagro\u017cenia: wycie\u0144czenie, brak snu, choroba, itp.)<\/li>\n<li>osobiste mo\u017cliwo\u015bci fizjologiczne i fizyczne<\/li>\n<\/ul>\n<\/li>\n<li><span style=\"color: #ffffff;\">psychika<\/span>\n<ul>\n<li>znajomo\u015b\u0107 siebie<\/li>\n<li>akceptacja siebie<\/li>\n<li>akceptacja \u015bmierci<\/li>\n<li>w\u0142asna reaktywno\u015b\u0107<\/li>\n<li>w\u0142asna aktywno\u015b\u0107<\/li>\n<li>poziom optymizm\/pesymizm<\/li>\n<li>wiara \/ wiara w siebie, wiara w swoje szcz\u0119\u015bcie<\/li>\n<li>zdolno\u015b\u0107 koncentracji<\/li>\n<li>zdolno\u015b\u0107 podejmowania zada\u0144<\/li>\n<li>odporno\u015b\u0107 psychiczna<\/li>\n<li>mo\u017cliwo\u015bci adaptacyjne<\/li>\n<li>zdolno\u015bci komunikacyjne, negocjacyjne, przyw\u00f3dcze<\/li>\n<\/ul>\n<\/li>\n<li><span style=\"color: #ffffff;\">powi\u0105zana ze \u015bwiatem zewn\u0119trznym<\/span>\n<ul>\n<li>mie\u0107 dla kogo \u017cy\u0107<\/li>\n<li>mie\u0107 cel \u017cycia<\/li>\n<li>zasoby spo\u0142eczne<\/li>\n<\/ul>\n<\/li>\n<li><span style=\"color: #ffffff;\">powi\u0105zania z elementami sytuacji<\/span>\n<ul>\n<li>rozumienie sytuacji<\/li>\n<li>znajomo\u015b\u0107 zagro\u017cenia<\/li>\n<li>znajomo\u015b\u0107 w\u0142asnych mo\u017cliwo\u015bci<\/li>\n<li>znajomo\u015b\u0107 rozwi\u0105za\u0144<\/li>\n<li><span style=\"color: #ff9900;\">opieka nad kim\u015b, <em>ergo<\/em> ratowanie cudzego \u017cycia<\/span><\/li>\n<\/ul>\n<\/li>\n<\/ul>\n","protected":false},"excerpt":{"rendered":"<p>Czynniki zewn\u0119trzne: sytuacja &#8222;tu i teraz&#8221; sprzyjaj\u0105ce lokalne warunki zewn\u0119trzne znajomo\u015b\u0107 zagro\u017cenia istnienie drogi wyj\u015bcia \/ schronienia sytuacja og\u00f3lna mo\u017cliwo\u015b\u0107 komunikacji ze \u015bwiatem zewn\u0119trznym mo\u017cliwo\u015b\u0107 pomocy z zewn\u0105trz dysponowanie \u015brodkami u\u0142atwiaj\u0105cymi samoratownictwo &nbsp; Czynniki wewn\u0119trzne: zdrowie i fizjologia og\u00f3lny stan &hellip; <a class=\"more-link\" href=\"http:\/\/www.survival.edu.pl\/wp-index.php\/?page_id=151\">Czytaj dalej <span class=\"meta-nav\">&rarr;<\/span><\/a><\/p>\n","protected":false},"author":2,"featured_media":0,"parent":70,"menu_order":0,"comment_status":"closed","ping_status":"closed","template":"","meta":[],"_links":{"self":[{"href":"http:\/\/www.survival.edu.pl\/wp-index.php\/index.php?rest_route=\/wp\/v2\/pages\/151"}],"collection":[{"href":"http:\/\/www.survival.edu.pl\/wp-index.php\/index.php?rest_route=\/wp\/v2\/pages"}],"about":[{"href":"http:\/\/www.survival.edu.pl\/wp-index.php\/index.php?rest_route=\/wp\/v2\/types\/page"}],"author":[{"embeddable":true,"href":"http:\/\/www.survival.edu.pl\/wp-index.php\/index.php?rest_route=\/wp\/v2\/users\/2"}],"replies":[{"embeddable":true,"href":"http:\/\/www.survival.edu.pl\/wp-index.php\/index.php?rest_route=%2Fwp%2Fv2%2Fcomments&post=151"}],"version-history":[{"count":14,"href":"http:\/\/www.survival.edu.pl\/wp-index.php\/index.php?rest_route=\/wp\/v2\/pages\/151\/revisions"}],"predecessor-version":[{"id":6813,"href":"http:\/\/www.survival.edu.pl\/wp-index.php\/index.php?rest_route=\/wp\/v2\/pages\/151\/revisions\/6813"}],"up":[{"embeddable":true,"href":"http:\/\/www.survival.edu.pl\/wp-index.php\/index.php?rest_route=\/wp\/v2\/pages\/70"}],"wp:attachment":[{"href":"http:\/\/www.survival.edu.pl\/wp-index.php\/index.php?rest_route=%2Fwp%2Fv2%2Fmedia&parent=151"}],"curies":[{"name":"wp","href":"https:\/\/api.w.org\/{rel}","templated":true}]}}