{"id":1476,"date":"2013-02-18T09:39:39","date_gmt":"2013-02-18T07:39:39","guid":{"rendered":"http:\/\/www.survival.edu.pl\/wp-index.php\/?page_id=1476"},"modified":"2017-08-19T13:25:51","modified_gmt":"2017-08-19T11:25:51","slug":"moje-boje-4","status":"publish","type":"page","link":"http:\/\/www.survival.edu.pl\/wp-index.php\/?page_id=1476","title":{"rendered":"Moje boje&#8230; 4)"},"content":{"rendered":"<p style=\"text-align: justify;\">Zdaj\u0105c sobie spraw\u0119 z tego, \u017ce nara\u017c\u0119 si\u0119 na miano zarozumialca i aroganta, napisz\u0119 jednak to, co w\u0142a\u015bciwie mog\u0142em w k\u00f3\u0142ko publikowa\u0107 raz w miesi\u0105cu bez utraty aktualno\u015bci sensu. Chodzi o to, \u017ce czas biegnie nieustannie do przodu i budz\u0105c si\u0119 ka\u017cdego dnia powinni\u015bmy wita\u0107 \u015bwit szeptem cytuj\u0105cym pierwsze s\u0142owa z czo\u0142\u00f3wki filmu <em>&#8222;W\u0142adca pier\u015bcieni&#8221;<\/em>\u00a0\u2014\u00a0<span style=\"color: #ffffff;\"><em>&#8222;The world has changed&#8230;&#8221;<\/em><\/span><\/p>\n<p style=\"text-align: justify;\">W moim wypadku zdaje sobie spraw\u0119, \u017ce przemianach \u015bwiata przyj\u0105\u0142em swoj\u0105 rol\u0119 i wype\u0142niam j\u0105 z pokor\u0105 \u2014 staram si\u0119 pog\u0142\u0119bia\u0107 swoj\u0105 wiedz\u0119 i\u00a0dzieli\u0107 si\u0119 ni\u0105. Dzieli\u0107 si\u0119 bezinteresownie, co zupe\u0142nie nie nale\u017cy do dzisiejszego kanonu \u2014\u00a0ale uwa\u017cam, \u017ce tak trzeba.<\/p>\n<p style=\"text-align: justify;\"><span style=\"color: #ff9900;\">Nie zgadzam si\u0119 jednak na jedno: aby moje starania bezmy\u015blnie marnowa\u0107.<\/span><br \/>\nZa\u0142o\u017cy\u0142em pierwsz\u0105 w Polsce stron\u0119 dotycz\u0105c\u0105 survivalu. Domen\u0119 i obs\u0142ug\u0119 strony dosta\u0142em za darmo od \u0142\u00f3dzkiego oddzia\u0142u Onetu. Wkr\u00f3tce potem oddzia\u0142 ten rozsta\u0142 si\u0119 z firm\u0105-matk\u0105 i &#8222;poszed\u0142 na swoje&#8221;. Warunki dla istnienia mojej strony zosta\u0142y jednak niezmienne. Po latach nast\u0105pi\u0142o kolejnych par\u0119 zmian, lecz\u00a0adres strony pozosta\u0142 niezmieniony. Obs\u0142ug\u0105 strony zajmowa\u0142 si\u0119 nieustannie ten sam cz\u0142owiek, czyli Piotr. I on jest \u015bwiadkiem zjawiska podkradania moich tekst\u00f3w i my\u015bli. Ca\u0142y b\u00f3l polega\u0142 na tym, \u017ce wszystko by\u0142o do otrzymania za darmo, lecz moi rodacy maj\u0105 w pogardzie konwenanse \u2014 jak jest, to bior\u0119. Bez pytania o zgod\u0119.<\/p>\n<p style=\"text-align: justify;\">Nie mam pretensji, \u017ce moje rozwa\u017cania s\u0105 u\u017cywane w tzw. powszechnym obiegu. Nie podoba mi si\u0119, \u017ce nikt nie zadaje sobie trudu, by rozwa\u017cy\u0107 moje pomys\u0142y, zinterpretowa\u0107 je, podda\u0107 polemice. Wszyscy je bior\u0105 takimi, jakimi s\u0105. Frazy my\u015blowe s\u0105 te same, u\u017cyte poj\u0119cia \u2014 przeze mnie wprowadzone \u2014 s\u0105 te same. Nikt nie potrafi\u0142 zamie\u015bci\u0107 informacji sk\u0105d je wzi\u0105\u0142. Nawet strony maj\u0105ce ambicj\u0119, by by\u0107 profesjonalnymi i robi\u0107 wra\u017cenie sw\u0105 odkrywczo\u015bci\u0105, nie s\u0105 tego pozbawione. A wi\u0119c ja sam mam znikn\u0105\u0107 w niebycie?<\/p>\n<p style=\"text-align: justify;\">Zastanawiaj\u0105ce, \u017ce powtarzane s\u0105 tak\u017ce my\u015bli, kt\u00f3re stworzy\u0142em jako <strong><span style=\"color: #ffffff;\">rodzaj pu\u0142apki dla podkradaczy<\/span><\/strong>&#8230; Nikt si\u0119 nie zorientowa\u0142, bo nie podda\u0142 tego analizie. Samodzielnej analizie&#8230;<\/p>\n","protected":false},"excerpt":{"rendered":"<p>Zdaj\u0105c sobie spraw\u0119 z tego, \u017ce nara\u017c\u0119 si\u0119 na miano zarozumialca i aroganta, napisz\u0119 jednak to, co w\u0142a\u015bciwie mog\u0142em w k\u00f3\u0142ko publikowa\u0107 raz w miesi\u0105cu bez utraty aktualno\u015bci sensu. Chodzi o to, \u017ce czas biegnie nieustannie do przodu i budz\u0105c &hellip; <a class=\"more-link\" href=\"http:\/\/www.survival.edu.pl\/wp-index.php\/?page_id=1476\">Czytaj dalej <span class=\"meta-nav\">&rarr;<\/span><\/a><\/p>\n","protected":false},"author":2,"featured_media":0,"parent":25,"menu_order":3,"comment_status":"closed","ping_status":"closed","template":"","meta":[],"_links":{"self":[{"href":"http:\/\/www.survival.edu.pl\/wp-index.php\/index.php?rest_route=\/wp\/v2\/pages\/1476"}],"collection":[{"href":"http:\/\/www.survival.edu.pl\/wp-index.php\/index.php?rest_route=\/wp\/v2\/pages"}],"about":[{"href":"http:\/\/www.survival.edu.pl\/wp-index.php\/index.php?rest_route=\/wp\/v2\/types\/page"}],"author":[{"embeddable":true,"href":"http:\/\/www.survival.edu.pl\/wp-index.php\/index.php?rest_route=\/wp\/v2\/users\/2"}],"replies":[{"embeddable":true,"href":"http:\/\/www.survival.edu.pl\/wp-index.php\/index.php?rest_route=%2Fwp%2Fv2%2Fcomments&post=1476"}],"version-history":[{"count":23,"href":"http:\/\/www.survival.edu.pl\/wp-index.php\/index.php?rest_route=\/wp\/v2\/pages\/1476\/revisions"}],"predecessor-version":[{"id":5619,"href":"http:\/\/www.survival.edu.pl\/wp-index.php\/index.php?rest_route=\/wp\/v2\/pages\/1476\/revisions\/5619"}],"up":[{"embeddable":true,"href":"http:\/\/www.survival.edu.pl\/wp-index.php\/index.php?rest_route=\/wp\/v2\/pages\/25"}],"wp:attachment":[{"href":"http:\/\/www.survival.edu.pl\/wp-index.php\/index.php?rest_route=%2Fwp%2Fv2%2Fmedia&parent=1476"}],"curies":[{"name":"wp","href":"https:\/\/api.w.org\/{rel}","templated":true}]}}