{"id":144,"date":"2012-09-26T16:34:19","date_gmt":"2012-09-26T14:34:19","guid":{"rendered":"http:\/\/www.survival.edu.pl\/wp-index.php\/?page_id=144"},"modified":"2017-01-16T11:52:02","modified_gmt":"2017-01-16T09:52:02","slug":"bezradnosc-wyuczona","status":"publish","type":"page","link":"http:\/\/www.survival.edu.pl\/wp-index.php\/?page_id=144","title":{"rendered":"Bezradno\u015b\u0107 wyuczona"},"content":{"rendered":"<p style=\"text-align: justify;\"><span style=\"color: #ff9900;\"><strong>Bezradno\u015b\u0107 wyuczona<\/strong> <\/span>\u2014<a href=\"http:\/\/pl.wikipedia.org\/wiki\/Wyuczona_bezradno%C5%9B%C4%87\">\u00a0Wikipedia<\/a> jest poj\u0119ciem okre\u015blaj\u0105c\u0105 zakodowanie w cz\u0142owieku reakcji poddania si\u0119. Rezygnacja cz\u0119sto po\u0142\u0105czona jest z oczekiwaniami, \u017ce kto\u015b\u00a0za\u0142atwi za nas nasze problemy. Przejawia si\u0119 r\u00f3wnie\u017c czasem w postaci roszczenia &#8222;nale\u017cy mi si\u0119&#8221; i oczekiwania, jak poprzednio.<\/p>\n<p style=\"text-align: justify;\"><strong><span style=\"color: #ff6600;\">Survival przeciwstawia si\u0119 bezradno\u015bci wyuczonej. Jest przes\u0142aniem: cz\u0142owieku, kierownice swego \u017cycia trzymaj sam!<\/span><\/strong><\/p>\n<p style=\"text-align: justify;\">To wynik osobistego do\u015bwiadczania, \u017ce nasze dzia\u0142ania przynosz\u0105 zbyt wiele niepowodze\u0144. Cywilizacja <em>hi tech<\/em>, w\u00a0kt\u00f3rej \u017cyjemy, z\u00a0jednej strony tworzy nadmiar rzeczy i zjawisk, kt\u00f3rych nie jeste\u015bmy w stanie ogarn\u0105\u0107, a\u00a0z\u00a0drugiej \u2014\u00a0przyzwyczajamy si\u0119 do tego, \u017ce wiele naszych spraw jest obs\u0142ugiwanych przez ludzi w tym wyspecjalizowanych i\u00a0my nie musimy si\u0119 na tym zna\u0107 oraz przez urz\u0105dzania u\u0142atwiaj\u0105ce ogromne ilo\u015bci czynno\u015bci.<\/p>\n<p style=\"text-align: justify;\">Bezradno\u015b\u0107 wyuczona bierze si\u0119 z zakodowania \u2014\u00a0po d\u0142ugim okresie przebywania w warunkach zast\u0119powania naszej inicjatywy, \u015brodkami zewn\u0119trznymi (specjali\u015bci, urz\u0105dzenia &#8222;u\u0142atwiaj\u0105ce&#8221;) \u2014\u00a0\u017ce nie musimy czyni\u0107 \u017cadnego wysi\u0142ku w celu zdobycia czego\u015b. Jest nam to dane: mleko \u2014\u00a0ze sklepu, transport \u2014 przez autobusy, ratunek w razie po\u017caru \u2014\u00a0stra\u017cacy, problemy z w\u0142asn\u0105 psychik\u0105 \u2014\u00a0psycholodzy&#8230; Dooko\u0142a mamy do dyspozycji wr\u0119cz nieograniczon\u0105 ilo\u015b\u0107 &#8222;protez \u017cyciowych&#8221;.<\/p>\n<p style=\"text-align: justify;\"><span style=\"color: #ffffff;\">Matki i ojcowie, we\u017acie sobie do serca: zawsze kiedy swemu kochanemu dzieci\u0105tku co\u015b u\u0142atwiacie, pomy\u015blcie, czy przypadkiem nie jest tak, \u017ce akurat samo poradzi\u0142o by sobie ca\u0142kiem nie\u017ale, dzi\u0119ki w\u0142asnym przemy\u015blno\u015bci i wysi\u0142kowi, czy przypadkiem nie kszta\u0142tujecie przysz\u0142ego, niezno\u015bnego gimnazjalist\u0119, licealist\u0119 i cz\u0142owieka doros\u0142ego, kt\u00f3ry b\u0119dzie \u017cyciowo niewydolny. Przecie\u017c nie dali\u015bcie mu si\u0119 nauczy\u0107, osobi\u015bcie pozna\u0107 \u017cycie. Pono\u0107 na nauk\u0119 nigdy nie jest za wcze\u015bnie, ani za p\u00f3\u017ano.<\/span><\/p>\n<p style=\"text-align: justify;\">Bezradno\u015b\u0107 zwyk\u0142a miewa mn\u00f3stwo przyczyn czemu dodatkowo cz\u0119sto towarzyszy wiele splot\u00f3w okoliczno\u015bci j\u0105 wzmagaj\u0105cych. To wa\u017cne, by wiedzie\u0107, \u017ce nasza bezradno\u015b\u0107 wynika w\u0142a\u015bnie z okoliczno\u015bci, a nie z naszych psychicznych blokad. Cz\u0142owiekiem bezradnym, &#8222;zaprogramowanym&#8221; mo\u017ce te\u017c by\u0107 kto\u015b, kto mie\u015bci si\u0119 w typie cz\u0142owieka <a href=\"http:\/\/www.survival.edu.pl\/wp-index.php\/?page_id=4808\"><span style=\"text-decoration: underline;\">zewn\u0105trzsterowalnego<\/span><\/a>.\u00a0Inn\u0105 drog\u0105 jest w\u0142asna niezaradno\u015b\u0107, cz\u0119sto trwaj\u0105ca do\u015b\u0107 d\u0142ugo, jak na bezradno\u015b\u0107 okoliczno\u015bciow\u0105, czyli poczucie braku wp\u0142ywu na sytuacj\u0119, uk\u0142ad, trwa\u0142e przeszkody (patrz: <a href=\"http:\/\/www.survival.edu.pl\/wp-index.php\/?page_id=68\">Str<\/a><span style=\"color: #ffff99;\"><a href=\"http:\/\/www.survival.edu.pl\/wp-index.php\/?page_id=68\">e<\/a><\/span><a href=\"http:\/\/www.survival.edu.pl\/wp-index.php\/?page_id=68\">s<\/a>).<\/p>\n","protected":false},"excerpt":{"rendered":"<p>Bezradno\u015b\u0107 wyuczona \u2014\u00a0Wikipedia jest poj\u0119ciem okre\u015blaj\u0105c\u0105 zakodowanie w cz\u0142owieku reakcji poddania si\u0119. Rezygnacja cz\u0119sto po\u0142\u0105czona jest z oczekiwaniami, \u017ce kto\u015b\u00a0za\u0142atwi za nas nasze problemy. Przejawia si\u0119 r\u00f3wnie\u017c czasem w postaci roszczenia &#8222;nale\u017cy mi si\u0119&#8221; i oczekiwania, jak poprzednio. Survival przeciwstawia &hellip; <a class=\"more-link\" href=\"http:\/\/www.survival.edu.pl\/wp-index.php\/?page_id=144\">Czytaj dalej <span class=\"meta-nav\">&rarr;<\/span><\/a><\/p>\n","protected":false},"author":2,"featured_media":0,"parent":480,"menu_order":20,"comment_status":"closed","ping_status":"closed","template":"","meta":[],"_links":{"self":[{"href":"http:\/\/www.survival.edu.pl\/wp-index.php\/index.php?rest_route=\/wp\/v2\/pages\/144"}],"collection":[{"href":"http:\/\/www.survival.edu.pl\/wp-index.php\/index.php?rest_route=\/wp\/v2\/pages"}],"about":[{"href":"http:\/\/www.survival.edu.pl\/wp-index.php\/index.php?rest_route=\/wp\/v2\/types\/page"}],"author":[{"embeddable":true,"href":"http:\/\/www.survival.edu.pl\/wp-index.php\/index.php?rest_route=\/wp\/v2\/users\/2"}],"replies":[{"embeddable":true,"href":"http:\/\/www.survival.edu.pl\/wp-index.php\/index.php?rest_route=%2Fwp%2Fv2%2Fcomments&post=144"}],"version-history":[{"count":24,"href":"http:\/\/www.survival.edu.pl\/wp-index.php\/index.php?rest_route=\/wp\/v2\/pages\/144\/revisions"}],"predecessor-version":[{"id":4836,"href":"http:\/\/www.survival.edu.pl\/wp-index.php\/index.php?rest_route=\/wp\/v2\/pages\/144\/revisions\/4836"}],"up":[{"embeddable":true,"href":"http:\/\/www.survival.edu.pl\/wp-index.php\/index.php?rest_route=\/wp\/v2\/pages\/480"}],"wp:attachment":[{"href":"http:\/\/www.survival.edu.pl\/wp-index.php\/index.php?rest_route=%2Fwp%2Fv2%2Fmedia&parent=144"}],"curies":[{"name":"wp","href":"https:\/\/api.w.org\/{rel}","templated":true}]}}